{"id":949,"date":"2021-07-26T13:23:01","date_gmt":"2021-07-26T13:23:01","guid":{"rendered":"https:\/\/www.evelia.unrc.edu.ar\/ensenaryAprenderEnLaVirtualidad\/?page_id=949"},"modified":"2021-07-26T13:23:01","modified_gmt":"2021-07-26T13:23:01","slug":"robotica-educativa","status":"publish","type":"page","link":"https:\/\/www.evelia.unrc.edu.ar\/ensenaryAprenderEnLaVirtualidad\/robotica-educativa\/","title":{"rendered":"Rob\u00f3tica educativa"},"content":{"rendered":"\n<figure class=\"wp-block-embed-wordpress wp-block-embed is-type-wp-embed is-provider-ensenar-y-aprender-en-la-virtualidad\"><div class=\"wp-block-embed__wrapper\">\n<blockquote class=\"wp-embedded-content\" data-secret=\"N6vzqYdkAw\"><a href=\"https:\/\/www.evelia.unrc.edu.ar\/ensenaryAprenderEnLaVirtualidad\/2021\/07\/26\/para-que-la-robotica-en-la-escuela-una-mirada-nacional-situada-en-la-provincia-de-cordoba\/\">\u00bfPara qu\u00e9 la rob\u00f3tica en la escuela? Una mirada nacional situada en la Provincia de C\u00f3rdoba.<\/a><\/blockquote><iframe loading=\"lazy\" class=\"wp-embedded-content\" sandbox=\"allow-scripts\" security=\"restricted\" style=\"position: absolute; clip: rect(1px, 1px, 1px, 1px);\" title=\"\u00ab\u00bfPara qu\u00e9 la rob\u00f3tica en la escuela? Una mirada nacional situada en la Provincia de C\u00f3rdoba.\u00bb \u2014 Ense\u00f1ar y aprender en la virtualidad\" src=\"https:\/\/www.evelia.unrc.edu.ar\/ensenaryAprenderEnLaVirtualidad\/2021\/07\/26\/para-que-la-robotica-en-la-escuela-una-mirada-nacional-situada-en-la-provincia-de-cordoba\/embed\/#?secret=N6vzqYdkAw\" data-secret=\"N6vzqYdkAw\" width=\"600\" height=\"338\" frameborder=\"0\" marginwidth=\"0\" marginheight=\"0\" scrolling=\"no\"><\/iframe>\n<\/div><\/figure>\n\n\n\n<hr class=\"wp-block-separator\"\/>\n\n\n\n<figure class=\"wp-block-embed-wordpress wp-block-embed is-type-wp-embed is-provider-ensenar-y-aprender-en-la-virtualidad\"><div class=\"wp-block-embed__wrapper\">\n<blockquote class=\"wp-embedded-content\" data-secret=\"fkdr1jR6A5\"><a href=\"https:\/\/www.evelia.unrc.edu.ar\/ensenaryAprenderEnLaVirtualidad\/2021\/07\/26\/herramientas-para-descubrir-vocaciones-cientificas-y-vincular-la-universidad-con-la-escuela-secundaria-talleres-olimpiadas-y-festivales-de-robotica-y-programacion\/\">Herramientas para descubrir vocaciones cient\u00edficas y vincular la universidad con la escuela secundaria: talleres, olimpiadas y festivales de rob\u00f3tica y programaci\u00f3n.<\/a><\/blockquote><iframe loading=\"lazy\" class=\"wp-embedded-content\" sandbox=\"allow-scripts\" security=\"restricted\" style=\"position: absolute; clip: rect(1px, 1px, 1px, 1px);\" title=\"\u00abHerramientas para descubrir vocaciones cient\u00edficas y vincular la universidad con la escuela secundaria: talleres, olimpiadas y festivales de rob\u00f3tica y programaci\u00f3n.\u00bb \u2014 Ense\u00f1ar y aprender en la virtualidad\" src=\"https:\/\/www.evelia.unrc.edu.ar\/ensenaryAprenderEnLaVirtualidad\/2021\/07\/26\/herramientas-para-descubrir-vocaciones-cientificas-y-vincular-la-universidad-con-la-escuela-secundaria-talleres-olimpiadas-y-festivales-de-robotica-y-programacion\/embed\/#?secret=fkdr1jR6A5\" data-secret=\"fkdr1jR6A5\" width=\"600\" height=\"338\" frameborder=\"0\" marginwidth=\"0\" marginheight=\"0\" scrolling=\"no\"><\/iframe>\n<\/div><\/figure>\n","protected":false},"excerpt":{"rendered":"","protected":false},"author":2,"featured_media":0,"parent":0,"menu_order":0,"comment_status":"closed","ping_status":"closed","template":"","meta":{"footnotes":""},"class_list":["post-949","page","type-page","status-publish","hentry","clear"],"_links":{"self":[{"href":"https:\/\/www.evelia.unrc.edu.ar\/ensenaryAprenderEnLaVirtualidad\/wp-json\/wp\/v2\/pages\/949","targetHints":{"allow":["GET"]}}],"collection":[{"href":"https:\/\/www.evelia.unrc.edu.ar\/ensenaryAprenderEnLaVirtualidad\/wp-json\/wp\/v2\/pages"}],"about":[{"href":"https:\/\/www.evelia.unrc.edu.ar\/ensenaryAprenderEnLaVirtualidad\/wp-json\/wp\/v2\/types\/page"}],"author":[{"embeddable":true,"href":"https:\/\/www.evelia.unrc.edu.ar\/ensenaryAprenderEnLaVirtualidad\/wp-json\/wp\/v2\/users\/2"}],"replies":[{"embeddable":true,"href":"https:\/\/www.evelia.unrc.edu.ar\/ensenaryAprenderEnLaVirtualidad\/wp-json\/wp\/v2\/comments?post=949"}],"version-history":[{"count":3,"href":"https:\/\/www.evelia.unrc.edu.ar\/ensenaryAprenderEnLaVirtualidad\/wp-json\/wp\/v2\/pages\/949\/revisions"}],"predecessor-version":[{"id":968,"href":"https:\/\/www.evelia.unrc.edu.ar\/ensenaryAprenderEnLaVirtualidad\/wp-json\/wp\/v2\/pages\/949\/revisions\/968"}],"wp:attachment":[{"href":"https:\/\/www.evelia.unrc.edu.ar\/ensenaryAprenderEnLaVirtualidad\/wp-json\/wp\/v2\/media?parent=949"}],"curies":[{"name":"wp","href":"https:\/\/api.w.org\/{rel}","templated":true}]}}