{"id":926,"date":"2021-07-01T16:23:51","date_gmt":"2021-07-01T16:23:51","guid":{"rendered":"https:\/\/www.evelia.unrc.edu.ar\/ensenaryAprenderEnLaVirtualidad\/?page_id=926"},"modified":"2022-10-08T15:14:15","modified_gmt":"2022-10-08T15:14:15","slug":"curso-basico-de-python","status":"publish","type":"page","link":"https:\/\/www.evelia.unrc.edu.ar\/ensenaryAprenderEnLaVirtualidad\/curso-basico-de-python\/","title":{"rendered":"Curso B\u00e1sico de Python (2021)"},"content":{"rendered":"\n<figure class=\"wp-block-image size-large\"><img loading=\"lazy\" decoding=\"async\" width=\"1024\" height=\"253\" src=\"https:\/\/www.evelia.unrc.edu.ar\/ensenaryAprenderEnLaVirtualidad\/wp-content\/uploads\/2021\/07\/formularioCursoPython-1-1-1024x253.png\" alt=\"\" class=\"wp-image-941\" srcset=\"https:\/\/www.evelia.unrc.edu.ar\/ensenaryAprenderEnLaVirtualidad\/wp-content\/uploads\/2021\/07\/formularioCursoPython-1-1-1024x253.png 1024w, https:\/\/www.evelia.unrc.edu.ar\/ensenaryAprenderEnLaVirtualidad\/wp-content\/uploads\/2021\/07\/formularioCursoPython-1-1-300x74.png 300w, https:\/\/www.evelia.unrc.edu.ar\/ensenaryAprenderEnLaVirtualidad\/wp-content\/uploads\/2021\/07\/formularioCursoPython-1-1-768x190.png 768w, https:\/\/www.evelia.unrc.edu.ar\/ensenaryAprenderEnLaVirtualidad\/wp-content\/uploads\/2021\/07\/formularioCursoPython-1-1-1536x380.png 1536w, https:\/\/www.evelia.unrc.edu.ar\/ensenaryAprenderEnLaVirtualidad\/wp-content\/uploads\/2021\/07\/formularioCursoPython-1-1-1400x346.png 1400w, https:\/\/www.evelia.unrc.edu.ar\/ensenaryAprenderEnLaVirtualidad\/wp-content\/uploads\/2021\/07\/formularioCursoPython-1-1-600x148.png 600w, https:\/\/www.evelia.unrc.edu.ar\/ensenaryAprenderEnLaVirtualidad\/wp-content\/uploads\/2021\/07\/formularioCursoPython-1-1.png 1921w\" sizes=\"auto, (max-width: 1024px) 100vw, 1024px\" \/><\/figure>\n\n\n\n<p>El curso est\u00e1 pensado para aprender los conceptos b\u00e1sicos e iniciales del lenguaje de programaci\u00f3n Python, una herramienta muy interesante y potente para dar los primeros pasos en la programaci\u00f3n. Python es muy utilizado en inteligencia artificial, IOT (Internet de las cosas), Data Science y Backend.<\/p>\n\n\n\n<p>No requiere de conocimientos previos en programaci\u00f3n (quien posea puede hacerlo igual). Est\u00e1 destinado para estudiantes y docentes universitarios y de escuelas secundarias; as\u00ed como tambi\u00e9n para egresados de la Universidad Nacional de R\u00edo Cuarto y p\u00fablico en general.<\/p>\n\n\n\n<p><strong>Modalidad y carga horaria<\/strong><\/p>\n\n\n\n<p>El curso se extiende por 5 semanas, con una carga horaria total estimada en 40 horas (8 horas por semana, aproximadamente).\u00a0<\/p>\n\n\n\n<p>La modalidad es \u00edntegramente virtual a trav\u00e9s de un aula virtual en el Campus EVELiA. La virtualizaci\u00f3n del curso (definici\u00f3n de contenidos, modalidad, carga horaria, metodolog\u00eda, dise\u00f1o del aula virtual, producci\u00f3n de materiales, modalidad de evaluaci\u00f3n y gesti\u00f3n del curso) estuvo a cargo de Pablo Etcheverry y Ariel Ferreira Szpinak, como parte de la \u201cPlanificaci\u00f3n en contextos de pandemia y post- pandemia\u201d elaborada por el Rectorado de la UNRC (2020-2021).<\/p>\n\n\n\n<p>El curso es auto-asistido, es decir, el estudiante avanza seg\u00fan su propio ritmo (siempre y cuando sea antes de la fecha de finalizaci\u00f3n). Si bien hay 4 actividades con plazos de realizaci\u00f3n establecidos, cada una\/o de ustedes se organiza para realizarlas en los horarios que deseen, que les queden m\u00e1s c\u00f3modos, que se sientan m\u00e1s tranquilos y con mayor capacidad de concentraci\u00f3n, que dispongan del equipamiento adecuado, de conexi\u00f3n a Internet, etc. Es recomendable dedicarle 8 horas por semana e ingresar al aula virtual de forma peri\u00f3dica (2 o 3 veces por semana) ya que para avanzar en cada uno de los m\u00f3dulos deben ver los videos e ir haciendo los ejemplos, leer el foro de consultas, resolver ejercicios y realizar la entrega de actividades.<\/p>\n\n\n\n<p>El curso incluye 30 videos por un total de 20 horas de clases. Adem\u00e1s hay tutoriales escritos y ejercicios.<\/p>\n\n\n\n<p>Dentro del aula virtual se proporciona todo el material necesario para el desarrollo, videos explicativos, foro de consultas y actividades (desaf\u00edos). El curso est\u00e1 organizado en 6 m\u00f3dulos siguientes:<\/p>\n\n\n\n<p>\u2013 M\u00f3dulo 1 \u2013 Introducci\u00f3n a la programaci\u00f3n con Python<\/p>\n\n\n\n<p>\u2013 M\u00f3dulo 2 \u2013 Conceptos b\u00e1sicos de Python<\/p>\n\n\n\n<p>\u2013 M\u00f3dulo 3 \u2013 Herramientas para programar<\/p>\n\n\n\n<p>\u2013 M\u00f3dulo 4 \u2013 Ciclos<\/p>\n\n\n\n<p>\u2013 M\u00f3dulo 5 \u2013 Estructuras de datos<\/p>\n\n\n\n<p>\u2013 M\u00f3dulo 6 \u2013 Despedida<\/p>\n\n\n\n<p>Ante cualquier duda se puede recurrir al foro de consultas, la cual ser\u00e1 respondida en el t\u00e9rmino de 48 horas (excepto los fines de semana).&nbsp;<\/p>\n\n\n\n<p>El curso posee 4 actividades evaluables (en los M\u00f3dulos 2, 3, 4 y 5), con plazos de entrega. Luego de entregada cada actividad, la docente tutor realizar\u00e1 la correcci\u00f3n, calificar\u00e1 el trabajo y realizar\u00e1 una devoluci\u00f3n en caso de ser necesario.&nbsp;&nbsp;<\/p>\n\n\n\n<p>El curso se repite varias veces al a\u00f1o durante el a\u00f1o 2021 (se arman grupos) y otorga certificado de participaci\u00f3n. Para obtener la certificaci\u00f3n deben aprobarse las 4 actividades pautadas en los m\u00f3dulos 2, 3, 4 y 5, en el tiempo que dure el curso. La certificaci\u00f3n no otorga puntaje docente.<\/p>\n\n\n\n<p><strong>Inscripciones<\/strong><\/p>\n\n\n\n<p>Las inscripciones se encuentran abiertas desde el 1 de junio del 2021, se arman grupos de acuerdo a la demanda (el formulario se habilita una semana antes del comienzo de un nuevo grupo). Cada grupo dispone de 1 mes para realizar el curso.&nbsp;<\/p>\n\n\n\n<p>Enlace de inscripci\u00f3n para quienes ya disponen de una cuenta en EVELiA: <a rel=\"noreferrer noopener\" href=\"https:\/\/forms.gle\/Sfn8U9jwLnKK6esw8\" target=\"_blank\">https:\/\/forms.gle\/Sfn8U9jwLnKK6esw8<\/a>\u00a0<\/p>\n\n\n\n<p>Enlace de inscripci\u00f3n para quienes no disponen de una cuenta en EVELiA: Ingresar a <a rel=\"noreferrer noopener\" href=\"http:\/\/www.evelia.unrc.edu.ar\/\" target=\"_blank\">www.evelia.unrc.edu.ar<\/a> clickear el bot\u00f3n registro y seguir los pasos. Una vez que tenemos usuario y clave, se ingresa con los datos personales, debemos clickear en el m\u00f3dulo Inscripci\u00f3n Online, luego presionar \u00abver otras aulas\u00bb y dentro del organizaci\u00f3n \u00ab\u00c1rea Central\u00bb, buscar el aula \u00abCurso b\u00e1sico de Python 2021\u00bb.\u00a0<\/p>\n\n\n\n<p>El siguiente tutorial explica c\u00f3mo realizar la inscripci\u00f3n: <a href=\"https:\/\/bit.ly\/3hkji24\" target=\"_blank\" rel=\"noreferrer noopener\">https:\/\/bit.ly\/3hkji24<\/a>&nbsp;<\/p>\n\n\n\n<p><strong>Requisitos t\u00e9cnicos necesarios<\/strong><\/p>\n\n\n\n<p>Contar con conectividad a Internet y una computadora, ya que se debe instalar Python y Visual Studio Code (o un editor de c\u00f3digo de preferencia).<\/p>\n\n\n\n<p>Consultas: <a href=\"https:\/\/forms.gle\/byteMih1uE7C4JfJ9\" target=\"_blank\" rel=\"noreferrer noopener\">https:\/\/forms.gle\/byteMih1uE7C4JfJ9<\/a><\/p>\n\n\n\n<p><strong>Equipo de trabajo<\/strong><\/p>\n\n\n\n<p>Docente tutor y contenidista: Pablo Leonel Etcheverry<\/p>\n\n\n\n<p>Colaborador: Carlos Maximiliano Correa<\/p>\n\n\n\n<p>Responsable: Ariel Ferreira Szpiniak<\/p>\n","protected":false},"excerpt":{"rendered":"<p>El curso est\u00e1 pensado para aprender los conceptos b\u00e1sicos e iniciales del lenguaje de programaci\u00f3n Python, una herramienta muy interesante y potente para dar los primeros pasos en la programaci\u00f3n. Python es muy utilizado en inteligencia artificial, IOT (Internet de las cosas), Data Science y Backend. No requiere de conocimientos previos en programaci\u00f3n (quien posea&#8230; <a class=\"more-link\" href=\"https:\/\/www.evelia.unrc.edu.ar\/ensenaryAprenderEnLaVirtualidad\/curso-basico-de-python\/#more-926\">Leer m\u00e1s &rarr;<\/a><\/p>\n","protected":false},"author":3,"featured_media":0,"parent":0,"menu_order":0,"comment_status":"closed","ping_status":"closed","template":"","meta":{"footnotes":""},"class_list":["post-926","page","type-page","status-publish","hentry","clear"],"_links":{"self":[{"href":"https:\/\/www.evelia.unrc.edu.ar\/ensenaryAprenderEnLaVirtualidad\/wp-json\/wp\/v2\/pages\/926","targetHints":{"allow":["GET"]}}],"collection":[{"href":"https:\/\/www.evelia.unrc.edu.ar\/ensenaryAprenderEnLaVirtualidad\/wp-json\/wp\/v2\/pages"}],"about":[{"href":"https:\/\/www.evelia.unrc.edu.ar\/ensenaryAprenderEnLaVirtualidad\/wp-json\/wp\/v2\/types\/page"}],"author":[{"embeddable":true,"href":"https:\/\/www.evelia.unrc.edu.ar\/ensenaryAprenderEnLaVirtualidad\/wp-json\/wp\/v2\/users\/3"}],"replies":[{"embeddable":true,"href":"https:\/\/www.evelia.unrc.edu.ar\/ensenaryAprenderEnLaVirtualidad\/wp-json\/wp\/v2\/comments?post=926"}],"version-history":[{"count":7,"href":"https:\/\/www.evelia.unrc.edu.ar\/ensenaryAprenderEnLaVirtualidad\/wp-json\/wp\/v2\/pages\/926\/revisions"}],"predecessor-version":[{"id":1899,"href":"https:\/\/www.evelia.unrc.edu.ar\/ensenaryAprenderEnLaVirtualidad\/wp-json\/wp\/v2\/pages\/926\/revisions\/1899"}],"wp:attachment":[{"href":"https:\/\/www.evelia.unrc.edu.ar\/ensenaryAprenderEnLaVirtualidad\/wp-json\/wp\/v2\/media?parent=926"}],"curies":[{"name":"wp","href":"https:\/\/api.w.org\/{rel}","templated":true}]}}