{"id":63,"date":"2020-11-24T13:58:25","date_gmt":"2020-11-24T13:58:25","guid":{"rendered":"https:\/\/www.evelia.unrc.edu.ar\/ensenaryAprenderEnLaVirtualidad\/?page_id=63"},"modified":"2022-06-02T12:36:22","modified_gmt":"2022-06-02T12:36:22","slug":"evaluacion-en-la-virtualidad","status":"publish","type":"page","link":"https:\/\/www.evelia.unrc.edu.ar\/ensenaryAprenderEnLaVirtualidad\/evaluacion-en-la-virtualidad\/","title":{"rendered":"Evaluaci\u00f3n en la Virtualidad"},"content":{"rendered":"\n<p><strong>Evaluaci\u00f3n en la virtualidad, el gran desaf\u00edo&#8230;<\/strong><\/p>\n\n\n\n<p>La interacci\u00f3n dentro de un&nbsp;<strong>aula virtual<\/strong>, sea de forma asincr\u00f3nica o sincr\u00f3nica, puede analizarse desde&nbsp;<strong>cinco dimensiones pedag\u00f3gicas<\/strong>:&nbsp;<strong>organizativa<\/strong>,&nbsp;<strong>informativa<\/strong>,&nbsp;<strong>comunicativa<\/strong>,&nbsp;<strong>pr\u00e1ctica<\/strong>, y&nbsp;<strong>tutorial y evaluativa<\/strong>. La&nbsp;<strong>dimensi\u00f3n pr\u00e1ctica<\/strong>&nbsp;de un aula virtual representa un entorno en el cual el estudiante se enfrenta a situaciones de aprendizaje que implica la activaci\u00f3n de distintas habilidades y estrategias tanto cognitivas, actitudinales y sociales. La planificaci\u00f3n y selecci\u00f3n de actividades deber\u00e1 tender a favorecer un proceso de aprendizaje constructivo. La&nbsp;<strong>dimensi\u00f3n tutorial y evaluativa<\/strong>&nbsp;hace referencia al rol que juega el&nbsp;<strong>docente<\/strong>&nbsp;dentro del aula virtual como&nbsp;<strong>gu\u00eda<\/strong>&nbsp;del proceso de aprendizaje del estudiante. Se rompe con el concepto de transmisor del conocimiento, siendo un&nbsp;<strong>dinamizador de las actividades de aprendizaje<\/strong>. El trabajo del docente se orienta hacia la motivaci\u00f3n del estudiante para que nunca se sienta solo, a planificar actividades desafiantes y basadas en expectativas e intereses del estudiante, a reforzar la participaci\u00f3n y el trabajo, a reconocer el esfuerzo y exigir mayor dedicaci\u00f3n cuando la actividad no alcanz\u00f3 el objetivo deseado por el docente. El docente debe organizar actividades individuales y grupales mediante herramientas espec\u00edficas para el trabajo colaborativo, pautar claramente los tiempos, no perder el hilo de la propuesta utilizando pedag\u00f3gicamente las herramientas disponibles en el aula virtual y manteni\u00e9ndola \u201cviva\u201d.<\/p>\n\n\n\n<p>Ambas dimensiones tienen mucho que ver en la evaluaci\u00f3n de los aprendizajes. La evaluaci\u00f3n puede ser diagn\u00f3stica, formativa o sumativa. Hay 3 conceptos importantes de distinguir: Evaluaci\u00f3n, Calificaci\u00f3n y Acreditaci\u00f3n.<br><br><\/p><p style=\"color: #081444\"><strong>EVALUAR es un proceso sistem\u00e1tico y riguroso de recogida de informaci\u00f3n, incorporado al proceso educativo desde su comienzo, que implica un juicio de valor y que se orienta hacia la toma de decisiones para proseguir la actividad educativa, mejor\u00e1ndola progresivamente (Casanova, 1995; citado por Elola, Zanelli, Oliva y Toranzos, 2010).<br><br>CALIFICAR es una manera sint\u00e9tica de informar resultados de un proceso de evaluaci\u00f3n. Es la traducci\u00f3n de los resultados de la evaluaci\u00f3n a una escala determinada, por ejemplo del 1 al 10 o de la letra A a la D (Elola, 2010). Este proceso implica una medici\u00f3n y se refiere a asignar un valor -una cantidad num\u00e9rica- al atributo medido, luego de compararlo con un patr\u00f3n.<\/strong><\/p>\n\n\n\n<p style=\"color: #081444\"><strong><br>ACREDITAR es un proceso que afirma el cumplimiento de ciertos requisitos para obtener una certificaci\u00f3n. Es el reconocimiento de que alguien o algo ha alcanzado las metas establecidas. La acreditaci\u00f3n es de car\u00e1cter acad\u00e9mico-administrativo, mientras que la evaluaci\u00f3n y la calificaci\u00f3n son de car\u00e1cter estrictamente acad\u00e9mico, refieren el tipo y nivel de los aprendizajes logrados (Auvieux, et. al. 2020).<\/strong><\/p>\n\n\n\n<p><em>Seg\u00fan Lipsman (2009), \u201cla evaluaci\u00f3n es el aspecto m\u00e1s vulnerable del trabajo de los profesores\u201d. Cuando nos referimos a la evaluaci\u00f3n, la consideramos una parte indisociable del proceso de ense\u00f1anza y aprendizaje (Anijovich, 2019). La evaluaci\u00f3n debe realizarse durante todo el proceso educativo y considerar siempre sus funciones diagn\u00f3stica, formativa y sumativa. A pesar de eso, existe una visi\u00f3n muy arraigada en el cuerpo docente que insiste en concebirla como un elemento final en el proceso de ense\u00f1anza y aprendizaje con la aplicaci\u00f3n de instrumentos propios de una evaluaci\u00f3n sumativa, tales como las pruebas escritas (Auvieux, et. al. 2020).<\/em><\/p>\n\n\n\n<p><em>La concepci\u00f3n de evaluaci\u00f3n de los aprendizajes ha evolucionado hacia un concepto m\u00e1s integral, evaluar para aprender; deja de reducirse a una mera calificaci\u00f3n para convertirse en un proceso que contribuye a optimizar los aprendizajes. Evaluar no es solo calificar. Evaluar implica juzgar el valor de la ense\u00f1anza y del aprendizaje, construir un espacio que genere informaci\u00f3n respecto de la calidad de la propuesta de ense\u00f1anza que redunde en la mejora. Evaluar para aprender supone una manera m\u00e1s aut\u00e9ntica y desafiante de integrar la evaluaci\u00f3n con la ense\u00f1anza y el aprendizaje (Anijovich, 2019).<\/em><\/p>\n\n\n\n<p><em>La evaluaci\u00f3n deber\u00eda ser entendida como una oportunidad para que los y las estudiantes pongan en juego sus saberes, visibilicen sus logros, aprendan a reconocer sus debilidades y fortalezas, adem\u00e1s de la funci\u00f3n \u201ccl\u00e1sica\u201d de aprobar, promover, certificar (Anijovich y Cappelletti, 2017).<\/em><\/p>\n\n\n\n<p>Lo ideal es que las propuestas pedag\u00f3gicas centren m\u00e1s su atenci\u00f3n en procesos de evaluaci\u00f3n formativa que de sumativa. Si la evaluaci\u00f3n est\u00e1 bien dise\u00f1ada, deber\u00eda darnos claros indicios del proceso de aprendizaje de los estudiantes. En tiempos donde no podemos concurrir a la universidad, es conveniente apostar por el seguimiento del aprendizaje de los estudiantes antes que realizar evaluaciones sumativas, tipo parciales, para calificarlos. Ese tipo de evaluaciones se podr\u00edan dejar para el final de cuatrimestre o para cuando nos podamos reencontrar en las aulas f\u00edsicas.<br>&nbsp;<\/p>\n\n\n\n<h5 class=\"wp-block-heading\">PARA PROFUNDIZAR SOBRE EL TEMA DE EVALUACI\u00d3N EN LA VIRTUALIDAD, RECOMENDAMOS LA LECTURA DE LOS SIGUIENTES DOCUMENTOS:<\/h5>\n\n\n\n<ul class=\"wp-block-list\"><li><strong><em>Algunas consideraciones en torno a la evaluaci\u00f3n en la virtualidad<\/em>. Elaborado por Mg. Ana Vogliotti. R\u00edo Cuarto, UNRC, Secretar\u00eda Acad\u00e9mica. Mayo 2020. 12 p\u00e1ginas<\/strong><\/li><\/ul>\n\n\n\n<figure class=\"wp-block-embed-wordpress wp-block-embed is-type-wp-embed is-provider-ensenar-y-aprender-en-la-virtualidad\"><div class=\"wp-block-embed__wrapper\">\n<blockquote class=\"wp-embedded-content\" data-secret=\"uodC8A4okc\"><a href=\"https:\/\/www.evelia.unrc.edu.ar\/ensenaryAprenderEnLaVirtualidad\/2020\/12\/03\/algunas-consideraciones-en-torno-a-la-evaluacion-en-la-virtualidad\/\">Algunas consideraciones en torno a la evaluaci\u00f3n en la virtualidad<\/a><\/blockquote><iframe loading=\"lazy\" class=\"wp-embedded-content\" sandbox=\"allow-scripts\" security=\"restricted\" style=\"position: absolute; clip: rect(1px, 1px, 1px, 1px);\" title=\"\u00abAlgunas consideraciones en torno a la evaluaci\u00f3n en la virtualidad\u00bb \u2014 Ense\u00f1ar y aprender en la virtualidad\" src=\"https:\/\/www.evelia.unrc.edu.ar\/ensenaryAprenderEnLaVirtualidad\/2020\/12\/03\/algunas-consideraciones-en-torno-a-la-evaluacion-en-la-virtualidad\/embed\/#?secret=uodC8A4okc\" data-secret=\"uodC8A4okc\" width=\"600\" height=\"338\" frameborder=\"0\" marginwidth=\"0\" marginheight=\"0\" scrolling=\"no\"><\/iframe>\n<\/div><\/figure>\n\n\n\n<div class=\"wp-block-file\"><a href=\"https:\/\/www.evelia.unrc.edu.ar\/ensenaryAprenderEnLaVirtualidad\/wp-content\/uploads\/2020\/12\/algunasConsideracionesEnTornoALaEvalacionEnLaVirtualidad.pdf\" target=\"_blank\" rel=\"noreferrer noopener\"><br>PDF<\/a><a href=\"https:\/\/www.evelia.unrc.edu.ar\/ensenaryAprenderEnLaVirtualidad\/wp-content\/uploads\/2020\/12\/algunasConsideracionesEnTornoALaEvalacionEnLaVirtualidad.pdf\" class=\"wp-block-file__button\" download>Descarga<\/a><\/div>\n\n\n\n<hr class=\"wp-block-separator\"\/>\n\n\n\n<ul class=\"wp-block-list\"><li><strong><em>\u201cRecomendaciones para los procesos de evaluaci\u00f3n en entornos virtuales\u201d<\/em>. Elaborado por Nicol\u00e1s Auvieux, Mar\u00eda Luisa Bossolasco, Roxana Enrico, Fernando Garc\u00eda, Mar\u00eda Fernanda Guzm\u00e1n, Mar\u00eda Fernanda Hidalgo y Lia Fabiana Torres Auad de la Universidad Nacional de Tucum\u00e1n (2020). 4 p\u00e1ginas.<\/strong><\/li><\/ul>\n\n\n\n<div class=\"wp-block-file\"><a href=\"https:\/\/www.evelia.unrc.edu.ar\/ensenaryAprenderEnLaVirtualidad\/wp-content\/uploads\/2020\/12\/recomendacionesParaLosProcesosDeEvaluacionEnEntornosVirtuales_AuvieuxEtalUNT2020.pdf\" target=\"_blank\" rel=\"noreferrer noopener\">PDF<\/a><a href=\"https:\/\/www.evelia.unrc.edu.ar\/ensenaryAprenderEnLaVirtualidad\/wp-content\/uploads\/2020\/12\/recomendacionesParaLosProcesosDeEvaluacionEnEntornosVirtuales_AuvieuxEtalUNT2020.pdf\" class=\"wp-block-file__button\" download>Descarga<\/a><\/div>\n\n\n\n<hr class=\"wp-block-separator\"\/>\n\n\n\n<ul class=\"wp-block-list\"><li><strong><em>Sugerencias para los ex\u00e1menes finales y parciales a distancia en las universidades nacionales en el contexto del COVID-19<\/em>. Material elaborado en la Red Universitaria de Educaci\u00f3n a Distancia de Argentina (2020). 8 p\u00e1ginas<\/strong><\/li><\/ul>\n\n\n\n<div class=\"wp-block-file\"><a href=\"https:\/\/www.evelia.unrc.edu.ar\/ensenaryAprenderEnLaVirtualidad\/wp-content\/uploads\/2020\/12\/sugerenciasExamenesRUEDA-CIN2020.pdf\" target=\"_blank\" rel=\"noreferrer noopener\">PDF<\/a><a href=\"https:\/\/www.evelia.unrc.edu.ar\/ensenaryAprenderEnLaVirtualidad\/wp-content\/uploads\/2020\/12\/sugerenciasExamenesRUEDA-CIN2020.pdf\" class=\"wp-block-file__button\" download>Descarga<\/a><\/div>\n\n\n\n<hr class=\"wp-block-separator\"\/>\n\n\n\n<ul class=\"wp-block-list\"><li><strong><em>Evaluar en la virtualidad.<\/em>&nbsp;Material elaborado por Graciela Iturrioz e Irene Gonz\u00e1lez de la Universidad Nacional de la Patagonia San Juan Bosco (2015). 12 p\u00e1ginas.<\/strong><\/li><\/ul>\n\n\n\n<div class=\"wp-block-file\"><a href=\"https:\/\/www.evelia.unrc.edu.ar\/ensenaryAprenderEnLaVirtualidad\/wp-content\/uploads\/2020\/12\/evaluarEnLaVirtualidad_IturriozGonzalezUNPSJB2015.pdf\" target=\"_blank\" rel=\"noreferrer noopener\">PDF<\/a><a href=\"https:\/\/www.evelia.unrc.edu.ar\/ensenaryAprenderEnLaVirtualidad\/wp-content\/uploads\/2020\/12\/evaluarEnLaVirtualidad_IturriozGonzalezUNPSJB2015.pdf\" class=\"wp-block-file__button\" download>Descarga<\/a><\/div>\n\n\n\n<hr class=\"wp-block-separator\"\/>\n\n\n\n<ul class=\"wp-block-list\"><li><strong><em>El enriquecimiento de los procesos de evaluaci\u00f3n mediados por las TIC en el contexto universitario.<\/em>&nbsp;Material elaborado por Marilina Lipsman de la Universidad de Buenos Aires (2014). 8 p\u00e1ginas.<\/strong><\/li><\/ul>\n\n\n\n<div class=\"wp-block-file\"><a href=\"https:\/\/www.evelia.unrc.edu.ar\/ensenaryAprenderEnLaVirtualidad\/wp-content\/uploads\/2020\/12\/elEnriquecimientoDeLosProcesosDeEvaluacionMediadosPorTICEnElContextoUniversitario_LipsmanUBA2014.pdf\" target=\"_blank\" rel=\"noreferrer noopener\">PDF<\/a><a href=\"https:\/\/www.evelia.unrc.edu.ar\/ensenaryAprenderEnLaVirtualidad\/wp-content\/uploads\/2020\/12\/elEnriquecimientoDeLosProcesosDeEvaluacionMediadosPorTICEnElContextoUniversitario_LipsmanUBA2014.pdf\" class=\"wp-block-file__button\" download>Descarga<\/a><\/div>\n\n\n\n<hr class=\"wp-block-separator\"\/>\n\n\n\n<ul class=\"wp-block-list\"><li><strong><em>Algunas nociones te\u00f3rico\/pr\u00e1cticas para repensar la evaluaci\u00f3n en la universidad.&nbsp;<\/em>Material elaborado por Mg. Rosana Beatriz Squillari de la Universidad Nacional de R\u00edo Cuarto, Septiembre de 2020. 15 p\u00e1ginas.<\/strong><\/li><\/ul>\n\n\n\n<figure class=\"wp-block-embed-wordpress wp-block-embed is-type-wp-embed is-provider-ensenar-y-aprender-en-la-virtualidad\"><div class=\"wp-block-embed__wrapper\">\n<blockquote class=\"wp-embedded-content\" data-secret=\"O8Q2hIq2f3\"><a href=\"https:\/\/www.evelia.unrc.edu.ar\/ensenaryAprenderEnLaVirtualidad\/2020\/12\/03\/algunas-nociones-teorico-practicas-para-repensar-la-evaluacion-en-la-universidad\/\">Algunas nociones te\u00f3rico\/pr\u00e1cticas para repensar la evaluaci\u00f3n en la universidad<\/a><\/blockquote><iframe loading=\"lazy\" class=\"wp-embedded-content\" sandbox=\"allow-scripts\" security=\"restricted\" style=\"position: absolute; clip: rect(1px, 1px, 1px, 1px);\" title=\"\u00abAlgunas nociones te\u00f3rico\/pr\u00e1cticas para repensar la evaluaci\u00f3n en la universidad\u00bb \u2014 Ense\u00f1ar y aprender en la virtualidad\" src=\"https:\/\/www.evelia.unrc.edu.ar\/ensenaryAprenderEnLaVirtualidad\/2020\/12\/03\/algunas-nociones-teorico-practicas-para-repensar-la-evaluacion-en-la-universidad\/embed\/#?secret=O8Q2hIq2f3\" data-secret=\"O8Q2hIq2f3\" width=\"600\" height=\"338\" frameborder=\"0\" marginwidth=\"0\" marginheight=\"0\" scrolling=\"no\"><\/iframe>\n<\/div><\/figure>\n\n\n\n<div class=\"wp-block-file\"><a href=\"https:\/\/www.evelia.unrc.edu.ar\/ensenaryAprenderEnLaVirtualidad\/wp-content\/uploads\/2020\/12\/Algunasnocionesteorico-practicaspararepensarlaevaluacionenlauniversidad.pdf\" target=\"_blank\" rel=\"noreferrer noopener\"><br>PDF<\/a><a href=\"https:\/\/www.evelia.unrc.edu.ar\/ensenaryAprenderEnLaVirtualidad\/wp-content\/uploads\/2020\/12\/Algunasnocionesteorico-practicaspararepensarlaevaluacionenlauniversidad.pdf\" class=\"wp-block-file__button\" download>Descarga<\/a><\/div>\n\n\n\n<hr class=\"wp-block-separator\"\/>\n\n\n\n<figure class=\"wp-block-embed-wordpress wp-block-embed is-type-wp-embed is-provider-ensenar-y-aprender-en-la-virtualidad\"><div class=\"wp-block-embed__wrapper\">\n<blockquote class=\"wp-embedded-content\" data-secret=\"sCs6JoLRwr\"><a href=\"https:\/\/www.evelia.unrc.edu.ar\/ensenaryAprenderEnLaVirtualidad\/2021\/02\/10\/la-evaluacion-formativa-en-la-virtualidad-en-un-asignatura-universitaria-masiva-de-primer-ano\/\">La evaluaci\u00f3n formativa en la virtualidad en un asignatura universitaria masiva de primer a\u00f1o<\/a><\/blockquote><iframe loading=\"lazy\" class=\"wp-embedded-content\" sandbox=\"allow-scripts\" security=\"restricted\" style=\"position: absolute; clip: rect(1px, 1px, 1px, 1px);\" title=\"\u00abLa evaluaci\u00f3n formativa en la virtualidad en un asignatura universitaria masiva de primer a\u00f1o\u00bb \u2014 Ense\u00f1ar y aprender en la virtualidad\" src=\"https:\/\/www.evelia.unrc.edu.ar\/ensenaryAprenderEnLaVirtualidad\/2021\/02\/10\/la-evaluacion-formativa-en-la-virtualidad-en-un-asignatura-universitaria-masiva-de-primer-ano\/embed\/#?secret=sCs6JoLRwr\" data-secret=\"sCs6JoLRwr\" width=\"600\" height=\"338\" frameborder=\"0\" marginwidth=\"0\" marginheight=\"0\" scrolling=\"no\"><\/iframe>\n<\/div><\/figure>\n\n\n\n<div class=\"wp-block-file\"><a href=\"https:\/\/www.evelia.unrc.edu.ar\/ensenaryAprenderEnLaVirtualidad\/wp-content\/uploads\/2020\/12\/Laevaluacionformativaenlavirtualidadenunasignaturauniversitariamasivadeprimeranio.pdf\" target=\"_blank\" rel=\"noreferrer noopener\">PDF<\/a><a href=\"https:\/\/www.evelia.unrc.edu.ar\/ensenaryAprenderEnLaVirtualidad\/wp-content\/uploads\/2020\/12\/Laevaluacionformativaenlavirtualidadenunasignaturauniversitariamasivadeprimeranio.pdf\" class=\"wp-block-file__button\" download>Descarga<\/a><\/div>\n\n\n\n<hr class=\"wp-block-separator\"\/>\n\n\n\n<figure class=\"wp-block-embed-wordpress wp-block-embed is-type-wp-embed is-provider-ensenar-y-aprender-en-la-virtualidad\"><div class=\"wp-block-embed__wrapper\">\n<blockquote class=\"wp-embedded-content\" data-secret=\"QwmAnmbclg\"><a href=\"https:\/\/www.evelia.unrc.edu.ar\/ensenaryAprenderEnLaVirtualidad\/2021\/02\/02\/la-evaluacion-de-los-aprendizajes-en-la-virtualidad\/\">La evaluaci\u00f3n de los aprendizajes en la virtualidad<\/a><\/blockquote><iframe loading=\"lazy\" class=\"wp-embedded-content\" sandbox=\"allow-scripts\" security=\"restricted\" style=\"position: absolute; clip: rect(1px, 1px, 1px, 1px);\" title=\"\u00abLa evaluaci\u00f3n de los aprendizajes en la virtualidad\u00bb \u2014 Ense\u00f1ar y aprender en la virtualidad\" src=\"https:\/\/www.evelia.unrc.edu.ar\/ensenaryAprenderEnLaVirtualidad\/2021\/02\/02\/la-evaluacion-de-los-aprendizajes-en-la-virtualidad\/embed\/#?secret=QwmAnmbclg\" data-secret=\"QwmAnmbclg\" width=\"600\" height=\"338\" frameborder=\"0\" marginwidth=\"0\" marginheight=\"0\" scrolling=\"no\"><\/iframe>\n<\/div><\/figure>\n\n\n\n<div class=\"wp-block-file\"><a href=\"https:\/\/www.evelia.unrc.edu.ar\/ensenaryAprenderEnLaVirtualidad\/wp-content\/uploads\/2021\/02\/Evaluacion-de-los-aprendizajes-en-la-virtualidad.pdf\" target=\"_blank\" rel=\"noreferrer noopener\">PDF<\/a><a href=\"https:\/\/www.evelia.unrc.edu.ar\/ensenaryAprenderEnLaVirtualidad\/wp-content\/uploads\/2021\/02\/Evaluacion-de-los-aprendizajes-en-la-virtualidad.pdf\" class=\"wp-block-file__button\" download>Descarga<\/a><\/div>\n\n\n\n<hr class=\"wp-block-separator\"\/>\n\n\n\n<h5>Adem\u00e1s, recomendamos analizar el siguiente material que toma la teor\u00eda sobre evaluaci\u00f3n y la resignifica en el contexto de la virtualidad:<\/h5>\n<br>\n\n<!-- ELENA BARBER\u00c1 -->\n<div class=\"panel panel-info\">\n<div class=\"panel-body\">\n<div class=\"embed-responsive embed-responsive-16by9\">\n  <iframe loading=\"lazy\" width=\"560\" height=\"315\" class=\"embed-responsive-item\" src=\"https:\/\/www.youtube.com\/embed\/xpuyce9Qv1w\"><\/iframe>\n<\/div>\n  <\/div>\n  <div class=\"panel-footer\"><p>Elena Barber\u00e1. \u00abEvaluaci\u00f3n\u00bb. Evaluaci\u00f3n del aprendizaje, para el aprendizaje, como aprendizaje. Retroalimentaci\u00f3n. Autonom\u00eda. Respeto por los conocimientos previos: (9 minutos)<\/p><\/div>\n<\/div>\n<hr><br>\n<!-- REBECA ANIJOVICH -->\n<div class=\"panel panel-info\">\n<div class=\"panel-body\">\n    <div class=\"embed-responsive embed-responsive-16by9\">\n  <iframe loading=\"lazy\" width=\"560\" height=\"315\" class=\"embed-responsive-item\" src=\"https:\/\/www.youtube.com\/embed\/ShlEPX6_NUM\"><\/iframe>\n<\/div>\n  <\/div>\n  <div class=\"panel-footer\"><p>Rebeca Anijovich. \u00abEl valor formativo de la retroalimentaci\u00f3n\u00bb. Evaluaci\u00f3n formativa. Retroalimentaci\u00f3n. Clima. Expectativa de logro. Oportunidades. Focalizar. Valorar. Preguntar: (12 minutos)<\/p><\/div>\n<\/div>\n<hr class=\"wp-block-separator\"><br>\n\n\n<!-- EDITH LITWIN -->\n<div class=\"panel panel-info\">\n<div class=\"panel-body\">\n    <div class=\"embed-responsive embed-responsive-16by9\">\n  <iframe loading=\"lazy\" width=\"560\" height=\"315\" class=\"embed-responsive-item\" src=\"https:\/\/www.youtube.com\/embed\/gNseex_znOY\"><\/iframe>\n<\/div>\n  <\/div>\n  <div class=\"panel-footer\"><p>Edith Litwin. \u00abLa evaluaci\u00f3n sometida a juicio\u00bb. Evaluaci\u00f3n como acto creativo. La significatividad y la representatividad.<br>\nEvaluaci\u00f3n sometida a juicio. Desaf\u00edos y dificultades de la evaluaci\u00f3n. Razones \u00e9ticas. Riesgos, debilidades: (50 minutos)<\/p><\/div>\n<\/div>\n<hr class=\"wp-block-separator\"><br>\n\n<!-- SANTOS GUERRA -->\n<div class=\"panel panel-info\">\n<div class=\"panel-body\">\n    <div class=\"embed-responsive embed-responsive-16by9\">\n  <iframe loading=\"lazy\" width=\"560\" height=\"315\" class=\"embed-responsive-item\" src=\"https:\/\/www.youtube.com\/embed\/4bdmXAhwbQE\"><\/iframe>\n<\/div>\n  <\/div>\n  <div class=\"panel-footer\">\n  \t<p>La Evaluaci\u00f3n como aprendizaje. Santos Guerra,(2017).<\/p>\n  <ul>\n  \t\n<\/ul>\n  \n  <\/div>\n<\/div>\n\n<hr class=\"wp-block-separator\"><br>\n\n<!-- NICHOLAS BURBULLES -->\n<div class=\"panel panel-info\">\n<div class=\"panel-body\">\n    <div class=\"embed-responsive embed-responsive-16by9\">\n  <iframe loading=\"lazy\" width=\"560\" height=\"315\" class=\"embed-responsive-item\" src=\"https:\/\/www.youtube.com\/embed\/DANNkl0_OrM\"><\/iframe>\n<\/div>\n  <\/div>\n  <div class=\"panel-footer\">Extracto del cierre del \u00abCongreso Internacional de Inclusi\u00f3n Digital Educativa\u00bb\n   (Si bien es en contexto del nivel secundario, del Programa Conectar Igualdad, entendemos que puede\n    llevarse a la educaci\u00f3n superior) realizado en la facultad de derecho de la UBA, \n    el d\u00eda 1 y 2 de Septiembre del 2011. El especialista norteamericano\n     Nicholas Burbules brind\u00f3 la conferencia de cierre del Congreso denominada:\n    \u201cDe la ense\u00f1anza al aprendizaje: el principal impacto de las tecnolog\u00edas en la educaci\u00f3n\u201d: (6 minutos)<\/div>\n<\/div>\n\n<hr class=\"wp-block-separator\"><br>\n\n\n<!-- EDITH LITWIN -->\n<div class=\"panel panel-info\">\n<div class=\"panel-body\">\n    <div class=\"embed-responsive embed-responsive-16by9\">\n  <iframe loading=\"lazy\" width=\"560\" height=\"315\" class=\"embed-responsive-item\" src=\"https:\/\/prezi.com\/embed\/m2dtmtzlqbca\/\"><\/iframe>\n<\/div>\n  <\/div>\n  <div class=\"panel-footer\">\n  \t<p>La Evaluaci\u00f3n: campo de controversias y paradojas o un nuevo lugar para la buena ense\u00f1anza\u00bb. Litwin E., y otros. (1998).<\/p>\n  <ul>\n  \t\n<\/ul>\n  \n  <\/div>\n<\/div>\n\n\n\n<div class=\"wp-block-file\"><a href=\"https:\/\/www.evelia.unrc.edu.ar\/ensenaryAprenderEnLaVirtualidad\/wp-content\/uploads\/2020\/12\/laEvaluaciconCampoDeControversiaYParadojas_FichaBibliografica_Litwin1998.pdf\" target=\"_blank\" rel=\"noreferrer noopener\">PDF<\/a><a href=\"https:\/\/www.evelia.unrc.edu.ar\/ensenaryAprenderEnLaVirtualidad\/wp-content\/uploads\/2020\/12\/laEvaluaciconCampoDeControversiaYParadojas_FichaBibliografica_Litwin1998.pdf\" class=\"wp-block-file__button\" download>Descarga<\/a><\/div>\n\n\n\n<p><\/p>\n","protected":false},"excerpt":{"rendered":"<p>Evaluaci\u00f3n en la virtualidad, el gran desaf\u00edo&#8230; La interacci\u00f3n dentro de un&nbsp;aula virtual, sea de forma asincr\u00f3nica o sincr\u00f3nica, puede analizarse desde&nbsp;cinco dimensiones pedag\u00f3gicas:&nbsp;organizativa,&nbsp;informativa,&nbsp;comunicativa,&nbsp;pr\u00e1ctica, y&nbsp;tutorial y evaluativa. La&nbsp;dimensi\u00f3n pr\u00e1ctica&nbsp;de un aula virtual representa un entorno en el cual el estudiante se enfrenta a situaciones de aprendizaje que implica la activaci\u00f3n de distintas habilidades y estrategias&#8230; <a class=\"more-link\" href=\"https:\/\/www.evelia.unrc.edu.ar\/ensenaryAprenderEnLaVirtualidad\/evaluacion-en-la-virtualidad\/#more-63\">Leer m\u00e1s &rarr;<\/a><\/p>\n","protected":false},"author":1,"featured_media":0,"parent":0,"menu_order":0,"comment_status":"closed","ping_status":"closed","template":"","meta":{"footnotes":""},"class_list":["post-63","page","type-page","status-publish","hentry","clear"],"_links":{"self":[{"href":"https:\/\/www.evelia.unrc.edu.ar\/ensenaryAprenderEnLaVirtualidad\/wp-json\/wp\/v2\/pages\/63","targetHints":{"allow":["GET"]}}],"collection":[{"href":"https:\/\/www.evelia.unrc.edu.ar\/ensenaryAprenderEnLaVirtualidad\/wp-json\/wp\/v2\/pages"}],"about":[{"href":"https:\/\/www.evelia.unrc.edu.ar\/ensenaryAprenderEnLaVirtualidad\/wp-json\/wp\/v2\/types\/page"}],"author":[{"embeddable":true,"href":"https:\/\/www.evelia.unrc.edu.ar\/ensenaryAprenderEnLaVirtualidad\/wp-json\/wp\/v2\/users\/1"}],"replies":[{"embeddable":true,"href":"https:\/\/www.evelia.unrc.edu.ar\/ensenaryAprenderEnLaVirtualidad\/wp-json\/wp\/v2\/comments?post=63"}],"version-history":[{"count":29,"href":"https:\/\/www.evelia.unrc.edu.ar\/ensenaryAprenderEnLaVirtualidad\/wp-json\/wp\/v2\/pages\/63\/revisions"}],"predecessor-version":[{"id":1629,"href":"https:\/\/www.evelia.unrc.edu.ar\/ensenaryAprenderEnLaVirtualidad\/wp-json\/wp\/v2\/pages\/63\/revisions\/1629"}],"wp:attachment":[{"href":"https:\/\/www.evelia.unrc.edu.ar\/ensenaryAprenderEnLaVirtualidad\/wp-json\/wp\/v2\/media?parent=63"}],"curies":[{"name":"wp","href":"https:\/\/api.w.org\/{rel}","templated":true}]}}