{"id":45,"date":"2020-11-19T17:24:18","date_gmt":"2020-11-19T17:24:18","guid":{"rendered":"https:\/\/www.evelia.unrc.edu.ar\/ensenaryAprenderEnLaVirtualidad\/?page_id=45"},"modified":"2020-12-09T14:45:04","modified_gmt":"2020-12-09T14:45:04","slug":"loom","status":"publish","type":"page","link":"https:\/\/www.evelia.unrc.edu.ar\/ensenaryAprenderEnLaVirtualidad\/grabar-clases\/loom\/","title":{"rendered":"\u00bfC\u00d3MO GRABAR MIS CLASES UTILIZANDO LOOM?"},"content":{"rendered":"\n<p>Para el desarrollo de nuestras clases presenciales con apoyo de tecnolog\u00eda desde hace muchos a\u00f1os&nbsp;existen una serie de herramientas que, aunque no fueron pensadas espec\u00edficamente para educaci\u00f3n,&nbsp;las utilizamos com\u00fanmente con el proyector multimedia (monoca\u00f1\u00f3n). Nos referimos&nbsp;fundamentalmente a las presentaciones multimedia tales como las realizadas con PowerPoint, Impresss, Prezi, Genialy, etc., o a los videos realizados con MovieMaker, OpenShot, etc.&nbsp;Tambi\u00e9n se ha popularizado la grabaci\u00f3n de pantalla desde los programas para realizar&nbsp;videoconferencias (zoom, meet, jitsi). El inconveniente es que necesito conexi\u00f3n a Internet,&nbsp;la grabaci\u00f3n est\u00e1 pensada para&nbsp;clases en vivo, puede haber restricci\u00f3n en el tiempo de duraci\u00f3n, me puedo quedar sin espacio en la nube para guardar la grabaci\u00f3n y generan archivos de gran tama\u00f1o.&nbsp;<\/p>\n\n\n\n<p>Adem\u00e1s de \u00e9stas herramientas, hay otras muy interesantes que posibilitan simular un pizarr\u00f3n,\u00a0realizar tutoriales, grabar una clase mediante la captura de la pantalla o del escritorio de la\u00a0computadora, transformando nuestra\u00a0computadora un \u00ab<strong>miniestudio de grabaci\u00f3n<\/strong>\u00bb sin necesidad de estar conectado a Internet. Una de esas herramientas asincr\u00f3nicas es\u00a0<strong>Loom<\/strong>.<\/p>\n\n\n\n<p>A continuaci\u00f3n compartimos un video\u00a0tutorial\u00a0muy breve\u00a0para utilizar Loom:<br><\/p>\n\n\n\n<figure class=\"wp-block-embed-youtube wp-block-embed is-type-rich is-provider-gestor-del-servicio wp-embed-aspect-16-9 wp-has-aspect-ratio\"><div class=\"wp-block-embed__wrapper\">\n<iframe loading=\"lazy\" title=\"\ud83d\ude80Como Usar LOOM \u2b50Video Recorder | CONSEJOS\" width=\"736\" height=\"414\" src=\"https:\/\/www.youtube.com\/embed\/SEr64cvvEKs?feature=oembed\" frameborder=\"0\" allow=\"accelerometer; autoplay; clipboard-write; encrypted-media; gyroscope; picture-in-picture\" allowfullscreen><\/iframe>\n<\/div><\/figure>\n\n\n\n<p>Opciones generales para aprender a usar Loom&nbsp;(7&nbsp;minutos)<\/p>\n\n\n\n<p>Esperamos que \u00e9ste material les haya sido \u00fatil para comenzar a utilizar&nbsp;<strong>Loom<\/strong>&nbsp;para preparar nuestras clases.Universidad Nacional de R\u00edo Cuarto<\/p>\n\n\n\n<figure class=\"wp-block-image\"><img decoding=\"async\" src=\"https:\/\/www.evelia.unrc.edu.ar\/evelia\/portal\/img\/escudo_unrc.png\" alt=\"UNRC\"\/><\/figure>\n\n\n\n<p>Mg. Ariel Ferreira Szpiniak. Mayo de 2020<\/p>\n","protected":false},"excerpt":{"rendered":"<p>Para el desarrollo de nuestras clases presenciales con apoyo de tecnolog\u00eda desde hace muchos a\u00f1os&nbsp;existen una serie de herramientas que, aunque no fueron pensadas espec\u00edficamente para educaci\u00f3n,&nbsp;las utilizamos com\u00fanmente con el proyector multimedia (monoca\u00f1\u00f3n). Nos referimos&nbsp;fundamentalmente a las presentaciones multimedia tales como las realizadas con PowerPoint, Impresss, Prezi, Genialy, etc., o a los videos realizados&#8230; <a class=\"more-link\" href=\"https:\/\/www.evelia.unrc.edu.ar\/ensenaryAprenderEnLaVirtualidad\/grabar-clases\/loom\/#more-45\">Leer m\u00e1s &rarr;<\/a><\/p>\n","protected":false},"author":1,"featured_media":0,"parent":41,"menu_order":0,"comment_status":"closed","ping_status":"closed","template":"","meta":{"footnotes":""},"class_list":["post-45","page","type-page","status-publish","hentry","clear"],"_links":{"self":[{"href":"https:\/\/www.evelia.unrc.edu.ar\/ensenaryAprenderEnLaVirtualidad\/wp-json\/wp\/v2\/pages\/45","targetHints":{"allow":["GET"]}}],"collection":[{"href":"https:\/\/www.evelia.unrc.edu.ar\/ensenaryAprenderEnLaVirtualidad\/wp-json\/wp\/v2\/pages"}],"about":[{"href":"https:\/\/www.evelia.unrc.edu.ar\/ensenaryAprenderEnLaVirtualidad\/wp-json\/wp\/v2\/types\/page"}],"author":[{"embeddable":true,"href":"https:\/\/www.evelia.unrc.edu.ar\/ensenaryAprenderEnLaVirtualidad\/wp-json\/wp\/v2\/users\/1"}],"replies":[{"embeddable":true,"href":"https:\/\/www.evelia.unrc.edu.ar\/ensenaryAprenderEnLaVirtualidad\/wp-json\/wp\/v2\/comments?post=45"}],"version-history":[{"count":2,"href":"https:\/\/www.evelia.unrc.edu.ar\/ensenaryAprenderEnLaVirtualidad\/wp-json\/wp\/v2\/pages\/45\/revisions"}],"predecessor-version":[{"id":263,"href":"https:\/\/www.evelia.unrc.edu.ar\/ensenaryAprenderEnLaVirtualidad\/wp-json\/wp\/v2\/pages\/45\/revisions\/263"}],"up":[{"embeddable":true,"href":"https:\/\/www.evelia.unrc.edu.ar\/ensenaryAprenderEnLaVirtualidad\/wp-json\/wp\/v2\/pages\/41"}],"wp:attachment":[{"href":"https:\/\/www.evelia.unrc.edu.ar\/ensenaryAprenderEnLaVirtualidad\/wp-json\/wp\/v2\/media?parent=45"}],"curies":[{"name":"wp","href":"https:\/\/api.w.org\/{rel}","templated":true}]}}