{"id":43,"date":"2020-11-19T17:23:57","date_gmt":"2020-11-19T17:23:57","guid":{"rendered":"https:\/\/www.evelia.unrc.edu.ar\/ensenaryAprenderEnLaVirtualidad\/?page_id=43"},"modified":"2020-12-09T14:41:43","modified_gmt":"2020-12-09T14:41:43","slug":"vokoscreenng","status":"publish","type":"page","link":"https:\/\/www.evelia.unrc.edu.ar\/ensenaryAprenderEnLaVirtualidad\/grabar-clases\/vokoscreenng\/","title":{"rendered":"\u00bfCOMO GRABAR CLASES CON VOKOSCREENNG?"},"content":{"rendered":"\n<p>Para el desarrollo de nuestras clases presenciales con apoyo de tecnolog\u00eda desde hace muchos a\u00f1os&nbsp;existen una serie de herramientas que, aunque no fueron pensadas espec\u00edficamente para educaci\u00f3n,&nbsp;las utilizamos com\u00fanmente con el proyector multimedia (monoca\u00f1\u00f3n). Nos referimos&nbsp;fundamentalmente a las presentaciones multimedia tales como las realizadas con PowerPoint,<br>Impresss, Prezi, Genialy, etc., o a los videos realizados con MovieMaker, OpenShot, etc.&nbsp;Tambi\u00e9n se ha popularizado la grabaci\u00f3n de pantalla desde los programas para realizar&nbsp;videoconferencias (zoom, meet, jitsi). El inconveniente es que necesito conexi\u00f3n a Internet,&nbsp;la grabaci\u00f3n est\u00e1 pensada para&nbsp;clases en vivo, puede haber restricci\u00f3n en el tiempo de duraci\u00f3n, me puedo quedar sin espacio en la nube para guardar la grabaci\u00f3n y generan archivos de gran tama\u00f1o.&nbsp;<\/p>\n\n\n\n<p>Adem\u00e1s de \u00e9stas herramientas, hay otras muy interesantes que posibilitan simular un pizarr\u00f3n,&nbsp;realizar tutoriales, grabar una clase mediante la captura de la pantalla o del escritorio de la&nbsp;computadora, transformando nuestra&nbsp;computadora un \u00ab<strong>miniestudio de grabaci\u00f3n<\/strong>\u00bb sin necesidad de estar conectado a Internet. Una de esas herramientas asincr\u00f3nicas es&nbsp;<strong>VokoscreenNG<\/strong>.<\/p>\n\n\n\n<p><strong>VokoscreenNG<\/strong>&nbsp;es un software libre y multiplataforma (Linux y Windows) para grabaci\u00f3n de pantalla muy simple de utilizar y de instalar. Se puede grabar audio y video desde la c\u00e1mara web \u00fanicamente o combinarla con el escritorio, un \u00e1rea del mismo. Hay otros programas que permiten hacer cosas similares, como por ejemplo OBS,&nbsp;VLC, Loom,&nbsp;aTube Catcher,&nbsp;Game Bar y la nueva&nbsp;nueva versi\u00f3n de PowerPoint.&nbsp;<\/p>\n\n\n\n<p>A continuaci\u00f3n veremos como&nbsp;<strong>instalar<\/strong>&nbsp;y&nbsp;<strong>utilizar<\/strong>&nbsp;<strong>VokoscreenNG.<\/strong><\/p>\n\n\n\n<p><strong>Instalaci\u00f3n<\/strong>&nbsp;(<a href=\"https:\/\/github.com\/vkohaupt\/vokoscreenNG\" target=\"_blank\" rel=\"noreferrer noopener\">https:\/\/github.com\/vkohaupt\/vokoscreenNG<\/a>)<br>&#8211;&nbsp;<strong>En Windows<\/strong>:<br>Descargar el instalador desde&nbsp;<a href=\"https:\/\/linuxecke.volkoh.de\/vokoscreen\/download\/windows\/vokoscreenNG-3.0.4-win32.exe\" target=\"_blank\" rel=\"noreferrer noopener\">https:\/\/linuxecke.volkoh.de\/vokoscreen\/download\/windows\/vokoscreenNG-3.0.4-win32.exe<\/a>&nbsp;e instalarlo como cualquier otro programa.<br>&#8211;&nbsp;<strong>En Linux Ubuntu<\/strong>:<br>sudo add-apt-repository ppa:ubuntuhandbook1\/apps<br>sudo apt-get update<br>sudo apt install vokoscreen-ng<br>Otros Linux:&nbsp;<a href=\"https:\/\/lignux.com\/el-software-de-grabacion-vokoscreenng-acaba-de-anunciar-su-version-3-0\/\" target=\"_blank\" rel=\"noreferrer noopener\">https:\/\/lignux.com\/el-software-de-grabacion-vokoscreenng-acaba-de-anunciar-su-version-3-0\/<\/a>&nbsp;o&nbsp;<a href=\"https:\/\/blog.desdelinux.net\/vokoscreen-poderosa-herramienta-para-screencasting\/\" target=\"_blank\" rel=\"noreferrer noopener\">https:\/\/blog.desdelinux.net\/vokoscreen-poderosa-herramienta-para-screencasting\/<\/a><\/p>\n\n\n\n<p><strong>Uso<\/strong>:<br>Uso de teclas r\u00e1pidas en Vokoscreen<br>El uso de teclas r\u00e1pidas posibilita manejar los comandos b\u00e1sicos de grabaci\u00f3n de pantalla directamente desde el lugar que deseo mostrar (una presentaci\u00f3n multimedia, por ejemplo), sin necesidad de moverse de un programa a otro. El beneficio que trae es que no queda grabado el paso de una ventana a otra, y por lo tanto no hace falta editar el video generado para cortarle partes como el inicio y\/o el final.<br><br>Iniciar: CTRL + SHIFT + F10.<br>Detener: CTRL + SHIFT + F11.<br>Pausar: CTRL + SHIFT + F12.<br>Lupa: CTRL+SHIFT+F9.<br><br>A continuaci\u00f3n compartimos unos tutoriales muy breves para utilizar VokoscreenNG.<br><\/p>\n\n\n\n<figure class=\"wp-block-embed-youtube wp-block-embed is-type-rich is-provider-gestor-del-servicio wp-embed-aspect-16-9 wp-has-aspect-ratio\"><div class=\"wp-block-embed__wrapper\">\n<iframe loading=\"lazy\" title=\"VokoscreenNG Opciones Generales\" width=\"736\" height=\"414\" src=\"https:\/\/www.youtube.com\/embed\/SEekcCPAZII?feature=oembed\" frameborder=\"0\" allow=\"accelerometer; autoplay; clipboard-write; encrypted-media; gyroscope; picture-in-picture\" allowfullscreen><\/iframe>\n<\/div><\/figure>\n\n\n\n<p>Opciones generales para aprender a usar VokoscreenNG (5:40\u00a0minutos)<\/p>\n\n\n\n<hr class=\"wp-block-separator\"\/>\n\n\n\n<figure class=\"wp-block-embed-youtube wp-block-embed is-type-rich is-provider-gestor-del-servicio wp-embed-aspect-16-9 wp-has-aspect-ratio\"><div class=\"wp-block-embed__wrapper\">\n<iframe loading=\"lazy\" title=\"VokoscreenNG Modo de uso simple para mostrar una presentaci\u00f3n multimedia\" width=\"736\" height=\"414\" src=\"https:\/\/www.youtube.com\/embed\/8erqLegfvIM?feature=oembed\" frameborder=\"0\" allow=\"accelerometer; autoplay; clipboard-write; encrypted-media; gyroscope; picture-in-picture\" allowfullscreen><\/iframe>\n<\/div><\/figure>\n\n\n\n<p>Modo de uso de VokoscreenNG para grabar una presentaci\u00f3n multimedia (3:10\u00a0minutos)<\/p>\n\n\n\n<hr class=\"wp-block-separator\"\/>\n\n\n\n<figure class=\"wp-block-embed-youtube wp-block-embed is-type-rich is-provider-gestor-del-servicio wp-embed-aspect-16-9 wp-has-aspect-ratio\"><div class=\"wp-block-embed__wrapper\">\n<iframe loading=\"lazy\" title=\"VokoscreenNG Modo de uso simple para mostrar una presentaci\u00f3n multimedia y c\u00e1mara\" width=\"736\" height=\"414\" src=\"https:\/\/www.youtube.com\/embed\/AvghF8gGU9M?feature=oembed\" frameborder=\"0\" allow=\"accelerometer; autoplay; clipboard-write; encrypted-media; gyroscope; picture-in-picture\" allowfullscreen><\/iframe>\n<\/div><\/figure>\n\n\n\n<p>Modo de uso de VokoscreenNG para grabar una presentaci\u00f3n multimedia y la c\u00e1mara (4:52 minutos)<\/p>\n\n\n\n<p>Esperamos que \u00e9ste material les haya sido \u00fatil para comenzar a utilizar&nbsp;<strong>VokoscreenNG<\/strong>&nbsp;para preparar nuestras clases.Universidad Nacional de R\u00edo Cuarto<\/p>\n\n\n\n<figure class=\"wp-block-image\"><img decoding=\"async\" src=\"https:\/\/www.evelia.unrc.edu.ar\/evelia\/portal\/img\/escudo_unrc.png\" alt=\"UNRC\"\/><\/figure>\n\n\n\n<p>Mg. Ariel Ferreira Szpiniak. Mayo de 2020<\/p>\n","protected":false},"excerpt":{"rendered":"<p>Para el desarrollo de nuestras clases presenciales con apoyo de tecnolog\u00eda desde hace muchos a\u00f1os&nbsp;existen una serie de herramientas que, aunque no fueron pensadas espec\u00edficamente para educaci\u00f3n,&nbsp;las utilizamos com\u00fanmente con el proyector multimedia (monoca\u00f1\u00f3n). Nos referimos&nbsp;fundamentalmente a las presentaciones multimedia tales como las realizadas con PowerPoint,Impresss, Prezi, Genialy, etc., o a los videos realizados con&#8230; <a class=\"more-link\" href=\"https:\/\/www.evelia.unrc.edu.ar\/ensenaryAprenderEnLaVirtualidad\/grabar-clases\/vokoscreenng\/#more-43\">Leer m\u00e1s &rarr;<\/a><\/p>\n","protected":false},"author":1,"featured_media":0,"parent":41,"menu_order":0,"comment_status":"closed","ping_status":"closed","template":"","meta":{"footnotes":""},"class_list":["post-43","page","type-page","status-publish","hentry","clear"],"_links":{"self":[{"href":"https:\/\/www.evelia.unrc.edu.ar\/ensenaryAprenderEnLaVirtualidad\/wp-json\/wp\/v2\/pages\/43","targetHints":{"allow":["GET"]}}],"collection":[{"href":"https:\/\/www.evelia.unrc.edu.ar\/ensenaryAprenderEnLaVirtualidad\/wp-json\/wp\/v2\/pages"}],"about":[{"href":"https:\/\/www.evelia.unrc.edu.ar\/ensenaryAprenderEnLaVirtualidad\/wp-json\/wp\/v2\/types\/page"}],"author":[{"embeddable":true,"href":"https:\/\/www.evelia.unrc.edu.ar\/ensenaryAprenderEnLaVirtualidad\/wp-json\/wp\/v2\/users\/1"}],"replies":[{"embeddable":true,"href":"https:\/\/www.evelia.unrc.edu.ar\/ensenaryAprenderEnLaVirtualidad\/wp-json\/wp\/v2\/comments?post=43"}],"version-history":[{"count":2,"href":"https:\/\/www.evelia.unrc.edu.ar\/ensenaryAprenderEnLaVirtualidad\/wp-json\/wp\/v2\/pages\/43\/revisions"}],"predecessor-version":[{"id":261,"href":"https:\/\/www.evelia.unrc.edu.ar\/ensenaryAprenderEnLaVirtualidad\/wp-json\/wp\/v2\/pages\/43\/revisions\/261"}],"up":[{"embeddable":true,"href":"https:\/\/www.evelia.unrc.edu.ar\/ensenaryAprenderEnLaVirtualidad\/wp-json\/wp\/v2\/pages\/41"}],"wp:attachment":[{"href":"https:\/\/www.evelia.unrc.edu.ar\/ensenaryAprenderEnLaVirtualidad\/wp-json\/wp\/v2\/media?parent=43"}],"curies":[{"name":"wp","href":"https:\/\/api.w.org\/{rel}","templated":true}]}}