{"id":1807,"date":"2022-09-26T15:33:00","date_gmt":"2022-09-26T15:33:00","guid":{"rendered":"https:\/\/www.evelia.unrc.edu.ar\/ensenaryAprenderEnLaVirtualidad\/?page_id=1807"},"modified":"2022-10-05T17:44:00","modified_gmt":"2022-10-05T17:44:00","slug":"curso-introduccion-a-la-programacion-en-python-2022","status":"publish","type":"page","link":"https:\/\/www.evelia.unrc.edu.ar\/ensenaryAprenderEnLaVirtualidad\/curso-introduccion-a-la-programacion-en-python-2022\/","title":{"rendered":"Curso de introducci\u00f3n a la programaci\u00f3n en Python (2022)"},"content":{"rendered":"\n<figure class=\"wp-block-image size-large\"><a href=\"https:\/\/forms.gle\/2FKy7Jerqzqg5EtXA\" target=\"_blank\" rel=\"noopener noreferrer\"><img loading=\"lazy\" decoding=\"async\" width=\"1024\" height=\"1024\" src=\"https:\/\/www.evelia.unrc.edu.ar\/ensenaryAprenderEnLaVirtualidad\/wp-content\/uploads\/2022\/09\/python2022-4-1024x1024.jpg\" alt=\"\" class=\"wp-image-1820\" srcset=\"https:\/\/www.evelia.unrc.edu.ar\/ensenaryAprenderEnLaVirtualidad\/wp-content\/uploads\/2022\/09\/python2022-4-1024x1024.jpg 1024w, https:\/\/www.evelia.unrc.edu.ar\/ensenaryAprenderEnLaVirtualidad\/wp-content\/uploads\/2022\/09\/python2022-4-300x300.jpg 300w, https:\/\/www.evelia.unrc.edu.ar\/ensenaryAprenderEnLaVirtualidad\/wp-content\/uploads\/2022\/09\/python2022-4-150x150.jpg 150w, https:\/\/www.evelia.unrc.edu.ar\/ensenaryAprenderEnLaVirtualidad\/wp-content\/uploads\/2022\/09\/python2022-4-768x767.jpg 768w, https:\/\/www.evelia.unrc.edu.ar\/ensenaryAprenderEnLaVirtualidad\/wp-content\/uploads\/2022\/09\/python2022-4-600x599.jpg 600w, https:\/\/www.evelia.unrc.edu.ar\/ensenaryAprenderEnLaVirtualidad\/wp-content\/uploads\/2022\/09\/python2022-4.jpg 1043w\" sizes=\"auto, (max-width: 1024px) 100vw, 1024px\" \/><\/a><figcaption>Descripci\u00f3n accesible: La imagen ense\u00f1a el logotipo del lenguaje de programaci\u00f3n Python. El texto dice: Capacitaci\u00f3n Virtual y Gratuita. Para estudiantes de Escuelas Secundarias (No se requiere conocimientos previos). Fecha de Cierre de Inscripci\u00f3n: Martes 4 de Octubre. Consultas: icruz@ing.unrc.edu.ar \/ aferreira@exa.unrc.edu.ar. Adem\u00e1s se presenta el logotipo de la UNRC<\/figcaption><\/figure>\n\n\n\n<hr class=\"wp-block-separator\"\/>\n\n\n\n<!--more-->\n\n\n\n<p>Capacitaci\u00f3n&nbsp;<strong>virtual<\/strong>&nbsp;y&nbsp;<strong>gratuita<\/strong>, para estudiantes de escuelas secundarias.<br>No requiere conocimientos previos.<br><br><em>Este curso tiene como objetivo aprender a programar, descubrir vocaciones cient\u00edficas e incentivar a las\/os estudiantes secundarios para continuar sus estudios en carreras relacionadas con las Tecnolog\u00edas de la Informaci\u00f3n y la Comunicaci\u00f3n (TIC).<\/em>Se desarrolla en el marco de la 3er Convocatoria a Proyectos de Extensi\u00f3n de la Universidad Nacional de R\u00edo Cuarto (UNRC), como parte de las actividades del proyecto \u00ab<em><strong>Programaci\u00f3n de apps para celulares, generando vocaciones cient\u00edficas en los j\u00f3venes estudiantes de nivel secundario<\/strong><\/em>\u00ab. La ejecuci\u00f3n de las acciones previstas est\u00e1n a cargo del&nbsp;Departamento de Telecomunicaciones de la Facultad de Ingenier\u00eda y&nbsp;el&nbsp;Departamento de Computaci\u00f3n de la Facultad de Ciencias Exactas, F\u00edsico-Qu\u00edmicas y Naturales, con el acompa\u00f1amiento, asesoramiento y apoyo del Centro IRC de la Secretar\u00eda de Extensi\u00f3n y Desarrollo de la UNRC. El taller est\u00e1 a cargo de estudiantes universitarios de las carreras de ciencias de la computaci\u00f3n y de telecomunicaciones, con el acompa\u00f1amiento de docentes de ambas carreras. <br><br><strong>\u00bfA qui\u00e9n est\u00e1 destinado?<\/strong><br>El curso est\u00e1 destinado a estudiantes de escuelas secundarias del Gran R\u00edo Cuarto y Regi\u00f3n que est\u00e9n interesados en aprender conceptos b\u00e1sicos e iniciales del lenguaje Python, una herramienta muy interesante y potente para dar los primeros pasos en la programaci\u00f3n. \u00c9ste&nbsp;lenguaje de programaci\u00f3n es utilizado com\u00fanmente en inteligencia artificial, IOT (Internet de las cosas), Data Science y Backend. Las\/os interesadas\/os en participar deben estar haciendo el secundario, es decir, escolarizados (excluyente), no importa qu\u00e9 a\u00f1o (1ro, 2do, 3ro, 4to, 5to, 6to o 7mo). Si est\u00e1n en un PIT o un CENMA tambi\u00e9n pueden hacer el taller. Tienen prioridad los estudiantes que est\u00e1n pr\u00f3ximos a culminar sus estudios secundarios.<br><br><strong>\u00bfCu\u00e1l es la modalidad?<\/strong><br>El curso es de car\u00e1cter gratuito. La modalidad \u00edntegramente virtual a trav\u00e9s del Entorno Educativo EVELIA (<a href=\"http:\/\/www.evelia.unrc.edu.ar\/\">www.evelia.unrc.edu.ar<\/a>) de manera auto asistida, es decir, el estudiante avanza seg\u00fan su propio ritmo (puede hacerlo en los d\u00edas y horarios que desee, siempre y cuando sea antes de la fecha de finalizaci\u00f3n).<br>Dentro del aula virtual del curso se proporciona todo el material necesario para el desarrollo, videos explicativos, foro de consultas y actividades (desaf\u00edos). El curso est\u00e1 organizado en 6 m\u00f3dulos siguientes:<br>&#8211; M\u00f3dulo 1 &#8211; Introducci\u00f3n a la programaci\u00f3n con Python<br>&#8211; M\u00f3dulo 2 &#8211; Conceptos b\u00e1sicos de Python<br>&#8211; M\u00f3dulo 3 &#8211; Herramientas para programar<br>&#8211; M\u00f3dulo 4 &#8211; Ciclos<br>&#8211; M\u00f3dulo 5 &#8211; Estructuras de datos<br>&#8211; M\u00f3dulo 6 &#8211; Despedida<\/p>\n\n\n\n<p><strong>Duraci\u00f3n y certificaci\u00f3n:<\/strong><br>Podr\u00e1s iniciar el curso a partir del Martes 11 de octubre y finaliza el 14 de noviembre.<br>El curso otorga un <em>certificado de participaci\u00f3n<\/em>. Para obtener la certificaci\u00f3n deben aprobarse las 4 actividades pautadas en los m\u00f3dulos 2, 3, 4 y 5, en el tiempo que dure el curso (hasta el 14\/11\/2022).&nbsp;<br><br><strong>Requisitos t\u00e9cnicos necesarios:<\/strong><br>Contar con conectividad a Internet y una computadora, ya que se debe instalar Python y Visual Studio Code (o un editor de c\u00f3digo de preferencia).<\/p>\n\n\n\n<p><strong>\u00bfCu\u00e1ndo son las inscripciones?<\/strong><br>Las inscripciones est\u00e1n abiertas desde el 26 de septiembre hasta el 04 de octubre de 2022.<br><br><strong>\u00bfCu\u00e1ndo comienzan?<\/strong><br><strong>Martes 11 de octubre de 2022.<\/strong><br>Le llegar\u00e1 la informaci\u00f3n a tu e-mail con los datos para ingresar al Campus Virtual EVELiA.<br><br><strong>\u00bfC\u00f3mo me inscribo?<\/strong><br><s>Si est\u00e1s dispuesta\/o a realizarlo complet\u00e1 el formulario de inscripci\u00f3n (te pedimos responsabilidad, para no quitarle el lugar a otra\/o interesada\/o): <a rel=\"noreferrer noopener\" href=\"https:\/\/forms.gle\/2FKy7Jerqzqg5EtXA\" target=\"_blank\">https:\/\/forms.gle\/2FKy7Jerqzqg5EtA<\/a><\/s><\/p>\n\n\n\n<p>Las inscripciones han finalizado.<\/p>\n\n\n\n<p><strong>Equipo de trabajo<\/strong><br><br><strong>&#8211; Extensionistas\/Becarias<\/strong><br>Carolina Borbolla \u2013 Estudiante de Licenciatura en Ciencias de la Computaci\u00f3n<br>Luc\u00eda Antu\u00f1a \u2013 Estudiante de Ingenier\u00eda en Telecomunicaciones<\/p>\n\n\n\n<ul class=\"wp-block-list\"><li><strong>Directora<\/strong><br>Ivana Cruz \u2013 Facultad de Ingenier\u00eda (Departamento de Telecomunicaciones)<\/li><\/ul>\n\n\n\n<ul class=\"wp-block-list\"><li><strong>Co-director<\/strong><br>Ariel Ferreira Szpiniak \u2013 Facultad de Ciencias Exactas, F\u00edsico-Qu\u00edmicas y Naturales (Departamento de Computaci\u00f3n)<\/li><\/ul>\n\n\n\n<ul class=\"wp-block-list\"><li><strong>Organizadores<\/strong><br>Facultad de Ingenier\u00eda (Departamento de Telecomunicaciones), Facultad de Ciencias Exactas, F\u00edsico-Qu\u00edmicas y Naturales (Departamento de Computaci\u00f3n), Secretar\u00eda de Extensi\u00f3n y Desarrollo de la UNRC.<\/li><\/ul>\n\n\n\n<p><strong>Contacto<\/strong><br>icruz@ing.unrc.edu.ar \/ aferreira@exa.unrc.edu.ar<\/p>\n","protected":false},"excerpt":{"rendered":"","protected":false},"author":1,"featured_media":0,"parent":0,"menu_order":0,"comment_status":"closed","ping_status":"closed","template":"","meta":{"footnotes":""},"class_list":["post-1807","page","type-page","status-publish","hentry","clear"],"_links":{"self":[{"href":"https:\/\/www.evelia.unrc.edu.ar\/ensenaryAprenderEnLaVirtualidad\/wp-json\/wp\/v2\/pages\/1807","targetHints":{"allow":["GET"]}}],"collection":[{"href":"https:\/\/www.evelia.unrc.edu.ar\/ensenaryAprenderEnLaVirtualidad\/wp-json\/wp\/v2\/pages"}],"about":[{"href":"https:\/\/www.evelia.unrc.edu.ar\/ensenaryAprenderEnLaVirtualidad\/wp-json\/wp\/v2\/types\/page"}],"author":[{"embeddable":true,"href":"https:\/\/www.evelia.unrc.edu.ar\/ensenaryAprenderEnLaVirtualidad\/wp-json\/wp\/v2\/users\/1"}],"replies":[{"embeddable":true,"href":"https:\/\/www.evelia.unrc.edu.ar\/ensenaryAprenderEnLaVirtualidad\/wp-json\/wp\/v2\/comments?post=1807"}],"version-history":[{"count":23,"href":"https:\/\/www.evelia.unrc.edu.ar\/ensenaryAprenderEnLaVirtualidad\/wp-json\/wp\/v2\/pages\/1807\/revisions"}],"predecessor-version":[{"id":1897,"href":"https:\/\/www.evelia.unrc.edu.ar\/ensenaryAprenderEnLaVirtualidad\/wp-json\/wp\/v2\/pages\/1807\/revisions\/1897"}],"wp:attachment":[{"href":"https:\/\/www.evelia.unrc.edu.ar\/ensenaryAprenderEnLaVirtualidad\/wp-json\/wp\/v2\/media?parent=1807"}],"curies":[{"name":"wp","href":"https:\/\/api.w.org\/{rel}","templated":true}]}}