{"id":1699,"date":"2022-08-24T15:46:00","date_gmt":"2022-08-24T15:46:00","guid":{"rendered":"https:\/\/www.evelia.unrc.edu.ar\/ensenaryAprenderEnLaVirtualidad\/?page_id=1699"},"modified":"2022-09-23T20:23:01","modified_gmt":"2022-09-23T20:23:01","slug":"taller-de-programacion-y-robotica-7ta-edicion-2022","status":"publish","type":"page","link":"https:\/\/www.evelia.unrc.edu.ar\/ensenaryAprenderEnLaVirtualidad\/taller-de-programacion-y-robotica-7ta-edicion-2022\/","title":{"rendered":"Talleres de programaci\u00f3n y rob\u00f3tica \u2013 7ma edici\u00f3n (2022)"},"content":{"rendered":"\n<figure class=\"wp-block-image size-large\"><img loading=\"lazy\" decoding=\"async\" width=\"940\" height=\"788\" src=\"https:\/\/www.evelia.unrc.edu.ar\/ensenaryAprenderEnLaVirtualidad\/wp-content\/uploads\/2022\/08\/Talleres_de_programacion_y_robotica_7ta_edicion-_2022.jpeg\" alt=\"\" class=\"wp-image-1748\" srcset=\"https:\/\/www.evelia.unrc.edu.ar\/ensenaryAprenderEnLaVirtualidad\/wp-content\/uploads\/2022\/08\/Talleres_de_programacion_y_robotica_7ta_edicion-_2022.jpeg 940w, https:\/\/www.evelia.unrc.edu.ar\/ensenaryAprenderEnLaVirtualidad\/wp-content\/uploads\/2022\/08\/Talleres_de_programacion_y_robotica_7ta_edicion-_2022-300x251.jpeg 300w, https:\/\/www.evelia.unrc.edu.ar\/ensenaryAprenderEnLaVirtualidad\/wp-content\/uploads\/2022\/08\/Talleres_de_programacion_y_robotica_7ta_edicion-_2022-768x644.jpeg 768w, https:\/\/www.evelia.unrc.edu.ar\/ensenaryAprenderEnLaVirtualidad\/wp-content\/uploads\/2022\/08\/Talleres_de_programacion_y_robotica_7ta_edicion-_2022-600x503.jpeg 600w\" sizes=\"auto, (max-width: 940px) 100vw, 940px\" \/><figcaption>Talleres de programaci\u00f3n y rob\u00f3tica \u2013 7ta edici\u00f3n (2022)<\/figcaption><\/figure>\n\n\n\n<p id=\"block-9bcb5880-ee97-479f-90a9-0b29c6d7c034\">Los talleres est\u00e1n destinados a <strong>estudiantes<\/strong> de <strong>escuelas secundarias<\/strong>, es <strong>gratuito<\/strong> y no requiere conocimientos previos. Pueden asistir estudiantes de manera individual o acompa\u00f1ados por la\/el docente de la escuela a la que pertenece. Deben inscribirse previamente.<\/p>\n\n\n\n<p id=\"block-9bcb5880-ee97-479f-90a9-0b29c6d7c034\">Se realizan, <strong>entre septiembre y diciembre de 2022<\/strong>, todos los <strong>mi\u00e9rcoles de 8:30 a 10:30 horas<\/strong>, en el <strong>Punto Digital<\/strong> ubicado en el Centro Cultural El Andino.<\/p>\n\n\n\n<p id=\"block-49b29bb8-4a99-4c49-a4bb-19bb34f02561\">Los talleres son un espacio para <strong>mejorar el v\u00ednculo entre la Universidad y la escuela secundaria<\/strong>, por medio del intercambio de conocimientos y experiencias entre estudiantes de las carreras de Computaci\u00f3n e Ingenier\u00eda de la Universidad Nacional de R\u00edo Cuarto y estudiantes de las escuelas secundarias. Los objetivos son <strong>descubrir vocaciones cient\u00edficas<\/strong>, <strong>entender c\u00f3mo funciona la tecnolog\u00eda<\/strong> que rige al mundo actual, <strong>aprender de programaci\u00f3n y rob\u00f3tica<\/strong>, <strong>conocer sobre la importancia de la soberan\u00eda tecnol\u00f3gica y el software libre<\/strong>, <strong>compartir saberes y gustos relacionados con la tecnolog\u00eda y la cultura colaborativa<\/strong>. Las actividades desarrolladas pretenden ofrecer a estudiantes la oportunidad de acercarse a la tecnolog\u00eda desde otra mirada, aprendiendo de una forma l\u00fadica c\u00f3mo es la l\u00f3gica de funcionamiento de los dispositivos tecnol\u00f3gicos y c\u00f3mo se pueden programar, tomar contacto con objetos tecnol\u00f3gicos novedosos y atractivos para los adolescentes como son los robots, y experimentar con los mismos generando programas para darle diversas \u00f3rdenes y comprobar su funcionamiento.<\/p>\n\n\n\n<p id=\"block-49b29bb8-4a99-4c49-a4bb-19bb34f02561\">Los talleres se desarrollan en el marco del proyecto \u00ab<strong>Talleres de programaci\u00f3n y rob\u00f3tica\u00bb, 7ta edici\u00f3n (2022)<\/strong>, que organiza la <strong>Secretar\u00eda de Extensi\u00f3n y Desarrollo<\/strong> desde el a\u00f1o 2015. Hasta el momento se han desarrollado <strong>6 ediciones<\/strong>, articulando con cerca de <strong>3.300 estudiantes secundarios<\/strong> y <strong>40 escuelas del Gran R\u00edo Cuarto<\/strong>, y <strong>otras localidades<\/strong> de la Provincia de C\u00f3rdoba. En el a\u00f1o 2022 se cuenta con la participaci\u00f3n y colaboraci\u00f3n en la organizaci\u00f3n del Punto Digital y la Fundaci\u00f3n por la Cultura de R\u00edo Cuarto, motivo por el cual el taller se desarrolla en las instalaciones del Punto Digital. <\/p>\n\n\n\n<p id=\"block-49b29bb8-4a99-4c49-a4bb-19bb34f02561\"><strong>\u00bfA quienes est\u00e1n destinados?<\/strong><br>Est\u00e1n destinados a <strong>estudiantes de escuelas secundarias<\/strong> del Gran R\u00edo Cuarto y la regi\u00f3n que est\u00e9n interesadas\/os en conocer de qu\u00e9 se trata el mundo de la <strong>programaci\u00f3n<\/strong>, la <strong>rob\u00f3tica<\/strong>, el <strong>software libre<\/strong> y la <strong>soberan\u00eda tecnol\u00f3gica<\/strong>.<br>Las\/os<strong> interesadas\/os<\/strong> en participar deben estar haciendo el secundario, es decir, <strong>escolarizados<\/strong> (excluyente), no importa qu\u00e9 a\u00f1o (1ro, 2do, 3ro, 4to, 5to, 6to o 7mo). Si est\u00e1n en un PIT o un CENMA tambi\u00e9n pueden hacer el taller. Tienen prioridad los estudiantes que est\u00e1n pr\u00f3ximos a culminar sus estudios secundarios. <strong>Los talleres se dar\u00e1n en varias oportunidades, armando grupos de hasta 15 estudiantes<\/strong>.<\/p>\n\n\n\n<p id=\"block-d38ba1b7-da18-4a57-a47b-5134de13db36\"><strong>\u00bfC\u00f3mo programaremos y que robots utilizaremos?<\/strong><br>Se utilizar\u00e1n<strong> herramientas libres<\/strong> basadas en <strong>Arduino<\/strong>. Durante los talleres se plantear\u00e1n actividades para aprender programaci\u00f3n utilizando kits de rob\u00f3tica compuestos por la placa educativa <strong>Edutik10<\/strong> (basada en Arduino), <strong>piezas 3D<\/strong>, <strong>Armamec<\/strong> (set de piezas de metal, tornillos, tuercas y herramientas para el armado de autos, gr\u00faas, barreras, etc.) y <strong>drones terrestres<\/strong> como <strong>Otto<\/strong> y <strong>Piche<\/strong> (desarrollado en la universidad). Para iniciar a los estudiantes en las t\u00e9cnicas b\u00e1sicas de programaci\u00f3n estructurada, se utiliza el entorno de <strong>programaci\u00f3n visual<\/strong> denominado <strong>Ardublock<\/strong>, basado en bloques, que posibilita crear programas, es decir, organizar las \u00f3rdenes que se les dar\u00e1n a los robots.<\/p>\n\n\n\n<figure class=\"wp-block-image size-large\"><img loading=\"lazy\" decoding=\"async\" width=\"2049\" height=\"1537\" src=\"https:\/\/www.evelia.unrc.edu.ar\/ensenaryAprenderEnLaVirtualidad\/wp-content\/uploads\/2022\/08\/IMG_20150908_102657055-edited.jpg\" alt=\"\" class=\"wp-image-1731\" srcset=\"https:\/\/www.evelia.unrc.edu.ar\/ensenaryAprenderEnLaVirtualidad\/wp-content\/uploads\/2022\/08\/IMG_20150908_102657055-edited.jpg 2049w, https:\/\/www.evelia.unrc.edu.ar\/ensenaryAprenderEnLaVirtualidad\/wp-content\/uploads\/2022\/08\/IMG_20150908_102657055-edited-300x225.jpg 300w, https:\/\/www.evelia.unrc.edu.ar\/ensenaryAprenderEnLaVirtualidad\/wp-content\/uploads\/2022\/08\/IMG_20150908_102657055-edited-1024x768.jpg 1024w, https:\/\/www.evelia.unrc.edu.ar\/ensenaryAprenderEnLaVirtualidad\/wp-content\/uploads\/2022\/08\/IMG_20150908_102657055-edited-768x576.jpg 768w, https:\/\/www.evelia.unrc.edu.ar\/ensenaryAprenderEnLaVirtualidad\/wp-content\/uploads\/2022\/08\/IMG_20150908_102657055-edited-1536x1152.jpg 1536w, https:\/\/www.evelia.unrc.edu.ar\/ensenaryAprenderEnLaVirtualidad\/wp-content\/uploads\/2022\/08\/IMG_20150908_102657055-edited-1400x1050.jpg 1400w, https:\/\/www.evelia.unrc.edu.ar\/ensenaryAprenderEnLaVirtualidad\/wp-content\/uploads\/2022\/08\/IMG_20150908_102657055-edited-600x450.jpg 600w\" sizes=\"auto, (max-width: 2049px) 100vw, 2049px\" \/><figcaption>Edukit10 y Armamec<\/figcaption><\/figure>\n\n\n\n<figure class=\"wp-block-image size-large\"><img loading=\"lazy\" decoding=\"async\" width=\"1818\" height=\"1364\" src=\"https:\/\/www.evelia.unrc.edu.ar\/ensenaryAprenderEnLaVirtualidad\/wp-content\/uploads\/2022\/08\/20191022_112627_1-edited.jpg\" alt=\"\" class=\"wp-image-1732\" srcset=\"https:\/\/www.evelia.unrc.edu.ar\/ensenaryAprenderEnLaVirtualidad\/wp-content\/uploads\/2022\/08\/20191022_112627_1-edited.jpg 1818w, https:\/\/www.evelia.unrc.edu.ar\/ensenaryAprenderEnLaVirtualidad\/wp-content\/uploads\/2022\/08\/20191022_112627_1-edited-300x225.jpg 300w, https:\/\/www.evelia.unrc.edu.ar\/ensenaryAprenderEnLaVirtualidad\/wp-content\/uploads\/2022\/08\/20191022_112627_1-edited-1024x768.jpg 1024w, https:\/\/www.evelia.unrc.edu.ar\/ensenaryAprenderEnLaVirtualidad\/wp-content\/uploads\/2022\/08\/20191022_112627_1-edited-768x576.jpg 768w, https:\/\/www.evelia.unrc.edu.ar\/ensenaryAprenderEnLaVirtualidad\/wp-content\/uploads\/2022\/08\/20191022_112627_1-edited-1536x1152.jpg 1536w, https:\/\/www.evelia.unrc.edu.ar\/ensenaryAprenderEnLaVirtualidad\/wp-content\/uploads\/2022\/08\/20191022_112627_1-edited-1400x1050.jpg 1400w, https:\/\/www.evelia.unrc.edu.ar\/ensenaryAprenderEnLaVirtualidad\/wp-content\/uploads\/2022\/08\/20191022_112627_1-edited-600x450.jpg 600w\" sizes=\"auto, (max-width: 1818px) 100vw, 1818px\" \/><figcaption>Edukit10<\/figcaption><\/figure>\n\n\n\n<figure class=\"wp-block-image size-large\"><img loading=\"lazy\" decoding=\"async\" width=\"2560\" height=\"1920\" src=\"https:\/\/www.evelia.unrc.edu.ar\/ensenaryAprenderEnLaVirtualidad\/wp-content\/uploads\/2022\/08\/20191022_112735_1-edited-scaled.jpg\" alt=\"\" class=\"wp-image-1733\" srcset=\"https:\/\/www.evelia.unrc.edu.ar\/ensenaryAprenderEnLaVirtualidad\/wp-content\/uploads\/2022\/08\/20191022_112735_1-edited-scaled.jpg 2560w, https:\/\/www.evelia.unrc.edu.ar\/ensenaryAprenderEnLaVirtualidad\/wp-content\/uploads\/2022\/08\/20191022_112735_1-edited-300x225.jpg 300w, https:\/\/www.evelia.unrc.edu.ar\/ensenaryAprenderEnLaVirtualidad\/wp-content\/uploads\/2022\/08\/20191022_112735_1-edited-1024x768.jpg 1024w, https:\/\/www.evelia.unrc.edu.ar\/ensenaryAprenderEnLaVirtualidad\/wp-content\/uploads\/2022\/08\/20191022_112735_1-edited-768x576.jpg 768w, https:\/\/www.evelia.unrc.edu.ar\/ensenaryAprenderEnLaVirtualidad\/wp-content\/uploads\/2022\/08\/20191022_112735_1-edited-1536x1152.jpg 1536w, https:\/\/www.evelia.unrc.edu.ar\/ensenaryAprenderEnLaVirtualidad\/wp-content\/uploads\/2022\/08\/20191022_112735_1-edited-2048x1536.jpg 2048w, https:\/\/www.evelia.unrc.edu.ar\/ensenaryAprenderEnLaVirtualidad\/wp-content\/uploads\/2022\/08\/20191022_112735_1-edited-1400x1050.jpg 1400w, https:\/\/www.evelia.unrc.edu.ar\/ensenaryAprenderEnLaVirtualidad\/wp-content\/uploads\/2022\/08\/20191022_112735_1-edited-600x450.jpg 600w\" sizes=\"auto, (max-width: 2560px) 100vw, 2560px\" \/><figcaption>Otto<\/figcaption><\/figure>\n\n\n\n<figure class=\"wp-block-image size-large\"><img loading=\"lazy\" decoding=\"async\" width=\"1694\" height=\"1271\" src=\"https:\/\/www.evelia.unrc.edu.ar\/ensenaryAprenderEnLaVirtualidad\/wp-content\/uploads\/2022\/08\/IMG_20150908_130019281-edited.jpg\" alt=\"\" class=\"wp-image-1734\" srcset=\"https:\/\/www.evelia.unrc.edu.ar\/ensenaryAprenderEnLaVirtualidad\/wp-content\/uploads\/2022\/08\/IMG_20150908_130019281-edited.jpg 1694w, https:\/\/www.evelia.unrc.edu.ar\/ensenaryAprenderEnLaVirtualidad\/wp-content\/uploads\/2022\/08\/IMG_20150908_130019281-edited-300x225.jpg 300w, https:\/\/www.evelia.unrc.edu.ar\/ensenaryAprenderEnLaVirtualidad\/wp-content\/uploads\/2022\/08\/IMG_20150908_130019281-edited-1024x768.jpg 1024w, https:\/\/www.evelia.unrc.edu.ar\/ensenaryAprenderEnLaVirtualidad\/wp-content\/uploads\/2022\/08\/IMG_20150908_130019281-edited-768x576.jpg 768w, https:\/\/www.evelia.unrc.edu.ar\/ensenaryAprenderEnLaVirtualidad\/wp-content\/uploads\/2022\/08\/IMG_20150908_130019281-edited-1536x1152.jpg 1536w, https:\/\/www.evelia.unrc.edu.ar\/ensenaryAprenderEnLaVirtualidad\/wp-content\/uploads\/2022\/08\/IMG_20150908_130019281-edited-1400x1050.jpg 1400w, https:\/\/www.evelia.unrc.edu.ar\/ensenaryAprenderEnLaVirtualidad\/wp-content\/uploads\/2022\/08\/IMG_20150908_130019281-edited-600x450.jpg 600w\" sizes=\"auto, (max-width: 1694px) 100vw, 1694px\" \/><figcaption>Edukit 10, Armamec y Conectar Igualdad<\/figcaption><\/figure>\n\n\n\n<figure class=\"wp-block-image size-large\"><img loading=\"lazy\" decoding=\"async\" width=\"768\" height=\"1024\" src=\"https:\/\/www.evelia.unrc.edu.ar\/ensenaryAprenderEnLaVirtualidad\/wp-content\/uploads\/2022\/08\/WhatsApp-Image-2022-08-29-at-11.50.30-AM-1-768x1024.jpeg\" alt=\"\" class=\"wp-image-1756\" srcset=\"https:\/\/www.evelia.unrc.edu.ar\/ensenaryAprenderEnLaVirtualidad\/wp-content\/uploads\/2022\/08\/WhatsApp-Image-2022-08-29-at-11.50.30-AM-1-768x1024.jpeg 768w, https:\/\/www.evelia.unrc.edu.ar\/ensenaryAprenderEnLaVirtualidad\/wp-content\/uploads\/2022\/08\/WhatsApp-Image-2022-08-29-at-11.50.30-AM-1-225x300.jpeg 225w, https:\/\/www.evelia.unrc.edu.ar\/ensenaryAprenderEnLaVirtualidad\/wp-content\/uploads\/2022\/08\/WhatsApp-Image-2022-08-29-at-11.50.30-AM-1-1152x1536.jpeg 1152w, https:\/\/www.evelia.unrc.edu.ar\/ensenaryAprenderEnLaVirtualidad\/wp-content\/uploads\/2022\/08\/WhatsApp-Image-2022-08-29-at-11.50.30-AM-1-600x800.jpeg 600w, https:\/\/www.evelia.unrc.edu.ar\/ensenaryAprenderEnLaVirtualidad\/wp-content\/uploads\/2022\/08\/WhatsApp-Image-2022-08-29-at-11.50.30-AM-1.jpeg 1200w\" sizes=\"auto, (max-width: 768px) 100vw, 768px\" \/><figcaption>Piche<\/figcaption><\/figure>\n\n\n\n<p><strong>\u00bfCu\u00e1ntos encuentros duran?<\/strong><br>Un encuentro cada uno. Se han propuesto 4 niveles de talleres que incluyen el uso de placas educativas y drones terrestres. Para hacer cada nivel el estudiante debe completar los anteriores.<\/p>\n\n\n\n<p><strong>\u00bfQu\u00e9 contenidos abarcan?<\/strong><\/p>\n\n\n\n<p>Todos los talleres han sido elaborados en correspondencia con los <strong>N\u00facleos de Aprendizajes Prioritarios de Educaci\u00f3n Digital, Programaci\u00f3n y Rob\u00f3tica<\/strong> (NAPEDPyR) para el ciclo b\u00e1sico y el ciclo orientado de Educaci\u00f3n Secundaria.<\/p>\n\n\n\n<p>Las actividades a desarrollar en los 4 niveles de talleres pretenden acercar el mundo de la programaci\u00f3n y la tecnolog\u00eda a los j\u00f3venes:<\/p>\n\n\n\n<ul class=\"wp-block-list\"><li><strong>Taller Nivel 1<\/strong> <strong>y 2 &#8211; Aprender programaci\u00f3n con placa educativa Edutik10<\/strong>: se busca iniciar a los estudiantes en las t\u00e9cnicas b\u00e1sicas de programaci\u00f3n. Para ello se utiliza un entorno de programaci\u00f3n visual <strong>Ardublock<\/strong> que permite organizar las \u00f3rdenes para los robots forma secuencial, condicional e iterativa.<\/li><li><strong>Taller Nivel 3 y 4 &#8211; Programando drones terrestres<\/strong>: promueve la utilizaci\u00f3n de dos robots denominados <strong>Otto<\/strong> y <strong>Piche<\/strong>, equipados con diferentes sensores y actuadores.<\/li><\/ul>\n\n\n\n<p id=\"block-71c3fee8-f679-471f-a171-5cd282a294fe\"><strong>\u00bfCu\u00e1l es la modalidad?<\/strong><\/p>\n\n\n\n<ul class=\"wp-block-list\"><li>Son <strong>gratuitos<\/strong> y se replicar\u00e1n entre septiembre y diciembre de 2022, una vez por semana.<\/li><li>Son <strong>presenciales<\/strong> y duran <strong>2 horas <\/strong>cada uno.<\/li><li>Se realizar\u00e1n los <strong>mi\u00e9rcoles de 8:30 a 10:30 horas<\/strong>.<\/li><li>Cada taller se organizar\u00e1 por grupos <strong>(de 15 estudiantes como m\u00e1ximo)<\/strong>, teniendo en cuenta el a\u00f1o que cursa cada estudiante.<\/li><li>Avisaremos por correo electr\u00f3nico el d\u00eda y horario de inicio del taller.<\/li><li>Las\/os estudiantes realizar\u00e1n diferentes actividades y\/o desaf\u00edos.<\/li><li>Proporcionaremos todo el material necesario para lograr los objetivos propuestos.<\/li><li>Los encuentros se realizar\u00e1n en el Punto Digital ubicado en el Andino (<a rel=\"noreferrer noopener\" href=\"https:\/\/goo.gl\/maps\/JethiFDs6ZxHsTpv9\" target=\"_blank\">https:\/\/goo.gl\/maps\/JethiFDs6ZxHsTpv9<\/a>).<\/li><\/ul>\n\n\n\n<p id=\"block-e5f5340c-7512-445c-9ca9-f1014c7c28e5\"><strong>Requisitos t\u00e9cnicos necesarios:<\/strong><\/p>\n\n\n\n<ul class=\"wp-block-list\"><li>No hay requisitos t\u00e9cnicos, pero quien tenga netbook o notebook pueda llevarla para instalar los programas que utilizaremos.<\/li><\/ul>\n\n\n\n<p><strong>\u00bfCu\u00e1ndo son las inscripciones?<\/strong><\/p>\n\n\n\n<ul class=\"wp-block-list\"><li>Las inscripciones est\u00e1n abiertas desde el <strong>29 de agosto hasta el 07 de septiembre de 2022 <\/strong>(luego abriremos otra etapa de inscripciones, si es necesario)<strong>.<\/strong><\/li><li><strong>Armaremos grupos de no m\u00e1s de 15 estudiantes<\/strong>.<\/li><\/ul>\n\n\n\n<p><strong>\u00bfCu\u00e1ndo comienzan?<\/strong><\/p>\n\n\n\n<ul class=\"wp-block-list\"><li>En el mes de septiembre de 2022.<\/li><li>Avisaremos por correo electr\u00f3nico el d\u00eda y hora de inicio de tu grupo.<\/li><\/ul>\n\n\n\n<p id=\"block-9c02a08b-8988-49e0-88db-7b2d2ab1fd9b\"><strong>\u00bfC\u00f3mo me inscribo?<\/strong><\/p>\n\n\n\n<p id=\"block-9c02a08b-8988-49e0-88db-7b2d2ab1fd9b\">Si est\u00e1s dispuesta\/o a realizarlo (y pod\u00e9s en el horario previsto), complet\u00e1 el <s>formulario de inscripci\u00f3n<\/s> (t<s>e pedimos responsabilidad, para no quitarle el lugar a otra\/o interesada\/o<\/s>). Caduc\u00f3 la fecha de inscripci\u00f3n.<\/p>\n\n\n\n<p id=\"block-14e9f9d0-36c7-411c-8856-ca3d155ce4a9\"><strong>Equipo de trabajo<\/strong><\/p>\n\n\n\n<p id=\"block-14e9f9d0-36c7-411c-8856-ca3d155ce4a9\">Michael Moreno, Carlos Etcheverry, Ariel Ferreira Szpiniak, Pablo Etcheverry (UNRC) y Gast\u00f3n Malgieri (Punto Digital).<\/p>\n\n\n\n<p><strong>Contacto<\/strong><\/p>\n\n\n\n<p>roboticaeducativaunrc@gmail.com<\/p>\n\n\n\n<p><a href=\"https:\/\/www.instagram.com\/roboticaeducativaunrc\/\">https:\/\/www.instagram.com\/roboticaeducativaunrc\/<\/a><\/p>\n\n\n\n<p><a href=\"https:\/\/www.facebook.com\/Robotica-Educativa-UNRC-960760764029834\">https:\/\/www.facebook.com\/Robotica-Educativa-UNRC-960760764029834<\/a><\/p>\n\n\n\n<p><strong>Organizadores<\/strong><\/p>\n\n\n\n<p id=\"block-99a86b35-4de6-4452-9119-967e58f930a7\">Secretar\u00eda de Extensi\u00f3n y Desarrollo de la UNRC, Punto Digital y Fundaci\u00f3n por la Cultura de la Municipalidad de R\u00edo Cuarto.<\/p>\n\n\n\n<p><strong>\u00bfQu\u00e9 es el Punto Digital?<\/strong><\/p>\n\n\n\n<p>Es un Programa impulsado por la Secretar\u00eda de Innovaci\u00f3n P\u00fablica de la Naci\u00f3n cuyo objetivo es democratizar el acceso a las Tecnolog\u00edas de la Informaci\u00f3n y la Comunicaci\u00f3n (TIC), entendidas como un derecho fundamental en el desarrollo. Cuenta con acceso a Internet y una sala de aprendizaje con 16 computadoras, microcine con proyector y un espacio de entretenimiento.&nbsp;<\/p>\n\n\n\n<p id=\"block-99a86b35-4de6-4452-9119-967e58f930a7\"><strong>Videos de talleres anteriores:<\/strong><\/p>\n\n\n\n<figure class=\"wp-block-video\"><video height=\"576\" style=\"aspect-ratio: 1024 \/ 576;\" width=\"1024\" controls src=\"https:\/\/www.evelia.unrc.edu.ar\/ensenaryAprenderEnLaVirtualidad\/wp-content\/uploads\/2022\/08\/20191022_semaforo.mp4\"><\/video><\/figure>\n\n\n\n<figure class=\"wp-block-video\"><video height=\"480\" style=\"aspect-ratio: 864 \/ 480;\" width=\"864\" controls src=\"https:\/\/www.evelia.unrc.edu.ar\/ensenaryAprenderEnLaVirtualidad\/wp-content\/uploads\/2022\/08\/VID_20151027_102518374_zampi.mp4\"><\/video><\/figure>\n\n\n\n<figure class=\"wp-block-video\"><video height=\"480\" style=\"aspect-ratio: 864 \/ 480;\" width=\"864\" controls src=\"https:\/\/www.evelia.unrc.edu.ar\/ensenaryAprenderEnLaVirtualidad\/wp-content\/uploads\/2022\/08\/VID_20151110_104352251_Pala_Otra.mp4\"><\/video><\/figure>\n\n\n\n<figure class=\"wp-block-video\"><video height=\"480\" style=\"aspect-ratio: 864 \/ 480;\" width=\"864\" controls src=\"https:\/\/www.evelia.unrc.edu.ar\/ensenaryAprenderEnLaVirtualidad\/wp-content\/uploads\/2022\/08\/VID_20151201_160756596_Subi_Baja.mp4\"><\/video><\/figure>\n\n\n\n<figure class=\"wp-block-video\"><video height=\"480\" style=\"aspect-ratio: 864 \/ 480;\" width=\"864\" controls src=\"https:\/\/www.evelia.unrc.edu.ar\/ensenaryAprenderEnLaVirtualidad\/wp-content\/uploads\/2022\/08\/VID_20151201_160841364_Tren_Delantero.mp4\"><\/video><\/figure>\n\n\n\n<figure class=\"wp-block-video\"><video height=\"480\" style=\"aspect-ratio: 864 \/ 480;\" width=\"864\" controls src=\"https:\/\/www.evelia.unrc.edu.ar\/ensenaryAprenderEnLaVirtualidad\/wp-content\/uploads\/2022\/08\/VID_20151201_180519770_Camion_Volcador.mp4\"><\/video><\/figure>\n\n\n\n<figure class=\"wp-block-video\"><video height=\"480\" style=\"aspect-ratio: 864 \/ 480;\" width=\"864\" controls src=\"https:\/\/www.evelia.unrc.edu.ar\/ensenaryAprenderEnLaVirtualidad\/wp-content\/uploads\/2022\/08\/VID_20151013_112111446_plano_inclinado_carga.mp4\"><\/video><\/figure>\n\n\n\n<figure class=\"wp-block-video\"><video height=\"480\" style=\"aspect-ratio: 864 \/ 480;\" width=\"864\" controls src=\"https:\/\/www.evelia.unrc.edu.ar\/ensenaryAprenderEnLaVirtualidad\/wp-content\/uploads\/2022\/08\/VID_20151013_111832064_plano_inclinado.mp4\"><\/video><\/figure>\n\n\n\n<figure class=\"wp-block-video\"><video height=\"352\" style=\"aspect-ratio: 640 \/ 352;\" width=\"640\" controls src=\"https:\/\/www.evelia.unrc.edu.ar\/ensenaryAprenderEnLaVirtualidad\/wp-content\/uploads\/2022\/08\/VID-20150825-WA0011_PALA-MECANICA.mp4\"><\/video><\/figure>\n\n\n\n<figure class=\"wp-block-video\"><video height=\"480\" style=\"aspect-ratio: 864 \/ 480;\" width=\"864\" controls src=\"https:\/\/www.evelia.unrc.edu.ar\/ensenaryAprenderEnLaVirtualidad\/wp-content\/uploads\/2022\/08\/VID_20151006_125615859_GRUA.mp4\"><\/video><\/figure>\n\n\n\n<figure class=\"wp-block-video\"><video height=\"480\" style=\"aspect-ratio: 864 \/ 480;\" width=\"864\" controls src=\"https:\/\/www.evelia.unrc.edu.ar\/ensenaryAprenderEnLaVirtualidad\/wp-content\/uploads\/2022\/08\/VID_20151006_125447438_PUENTE-LEVADISO.mp4\"><\/video><\/figure>\n\n\n\n<figure class=\"wp-block-video\"><video height=\"576\" style=\"aspect-ratio: 1024 \/ 576;\" width=\"1024\" controls src=\"https:\/\/www.evelia.unrc.edu.ar\/ensenaryAprenderEnLaVirtualidad\/wp-content\/uploads\/2022\/08\/20191022_otto.mp4\"><\/video><\/figure>\n\n\n\n<p><strong>Producciones<\/strong><\/p>\n\n\n\n<p><a rel=\"noreferrer noopener\" href=\"https:\/\/drive.google.com\/drive\/folders\/1BXi6YTxXrdImSyM9QXIXB1f7Wblk2ExN?usp=sharing\" target=\"_blank\">Fotos y videos de cada taller<\/a><\/p>\n\n\n\n<p><strong>Grupos, d\u00eda y horario<\/strong><\/p>\n\n\n\n<p><strong>Grupo 1: 07\/09, 8:30 a 10:30 horas<\/strong><\/p>\n\n\n\n<figure class=\"wp-block-table\"><table><tbody><tr><td>AGUSTINA<\/td><td>CELIZ<\/td><\/tr><tr><td>FABIOLA<\/td><td>MENDEZ<\/td><\/tr><tr><td>ELIAS MARCOS URIEL<\/td><td>MERCADO<\/td><\/tr><tr><td>ARACELI<\/td><td>CIARAMELLA<\/td><\/tr><tr><td>IVO<\/td><td>COY<\/td><\/tr><tr><td>BAUTISTA<\/td><td>GARELLO<\/td><\/tr><tr><td>MATEO AGUSTIN<\/td><td>RAMIREZ<\/td><\/tr><tr><td>VICTORIA<\/td><td>FERN\u00c1NDEZ<\/td><\/tr><tr><td>LUCIANO<\/td><td>PEREZ<\/td><\/tr><tr><td>EMILIANO<\/td><td>CARDOSO<\/td><\/tr><tr><td>MATIAS<\/td><td>FERNANDEZ<\/td><\/tr><tr><td>MILAGROS<\/td><td>GHIGO<\/td><\/tr><tr><td>GONZALO<\/td><td>PEREYRA<\/td><\/tr><tr><td>GABRIEL<\/td><td>RIVAROLA<\/td><\/tr><tr><td>AGUSTIN<\/td><td>COSSIMANO<\/td><\/tr><\/tbody><\/table><\/figure>\n\n\n\n<p><strong>Grupo 2: 14\/09, 8:30 a 10:30 horas<\/strong><\/p>\n\n\n\n<figure class=\"wp-block-table\"><table><tbody><tr><td>VALENTIN<\/td><td>GARRO<\/td><\/tr><tr><td>LUCA<\/td><td>SALGADO<\/td><\/tr><tr><td>FRANCO<\/td><td>TARRAT<\/td><\/tr><tr><td>ANTO<\/td><td>MARIONI<\/td><\/tr><tr><td>DIEGO<\/td><td>ORTOLANO<\/td><\/tr><tr><td>AGUSTINA<\/td><td>HERN\u00c1NDEZ<\/td><\/tr><tr><td>MATIAS<\/td><td>LUCERO<\/td><\/tr><tr><td>LUCAS<\/td><td>ALLENDE<\/td><\/tr><tr><td>GASPAR<\/td><td>PAGLIONE<\/td><\/tr><tr><td>DANA<\/td><td>VILLEGAS<\/td><\/tr><tr><td>ARIANA<\/td><td>GAUNA<\/td><\/tr><tr><td>FABIOLA<\/td><td>MENDEZ<\/td><\/tr><tr><td>SOL<\/td><td>MENDEZ<\/td><\/tr><tr><td>DANIELA<\/td><td>CENTENO<\/td><\/tr><tr><td>DANA<\/td><td>PEREZ<\/td><\/tr><\/tbody><\/table><\/figure>\n\n\n\n<p><strong>Grupo 3: 21\/09, 8:30 a 10:30 horas<\/strong><\/p>\n\n\n\n<figure class=\"wp-block-table\"><table><tbody><tr><td>Facundo<\/td><td>Morosi<\/td><\/tr><tr><td>Kevin<\/td><td>Cunningham<\/td><\/tr><tr><td>Santiago<\/td><td>De curtis<\/td><\/tr><tr><td>Tomas Francisco<\/td><td>Arena Romero<\/td><\/tr><tr><td>Mateo David<\/td><td>Alaniz<\/td><\/tr><tr><td>Rom\u00e0n Ezequiel<\/td><td>Degiovanni<\/td><\/tr><tr><td>Alan leonel<\/td><td>Pinto vega<\/td><\/tr><tr><td>Agustina<\/td><td>Hern\u00e1ndez<\/td><\/tr><tr><td>Nazareno<\/td><td>Estrella<\/td><\/tr><tr><td>Gaston Ezequiel<\/td><td>Funes Yobstraibizer<\/td><\/tr><\/tbody><\/table><\/figure>\n\n\n\n<p><strong>Grupo 4: 28\/09, 8:30 a 10:30 horas<\/strong><\/p>\n","protected":false},"excerpt":{"rendered":"<p>Los talleres est\u00e1n destinados a estudiantes de escuelas secundarias, es gratuito y no requiere conocimientos previos. Pueden asistir estudiantes de manera individual o acompa\u00f1ados por la\/el docente de la escuela a la que pertenece. Deben inscribirse previamente. Se realizan, entre septiembre y diciembre de 2022, todos los mi\u00e9rcoles de 8:30 a 10:30 horas, en el&#8230; <a class=\"more-link\" href=\"https:\/\/www.evelia.unrc.edu.ar\/ensenaryAprenderEnLaVirtualidad\/taller-de-programacion-y-robotica-7ta-edicion-2022\/#more-1699\">Leer m\u00e1s &rarr;<\/a><\/p>\n","protected":false},"author":3,"featured_media":0,"parent":0,"menu_order":0,"comment_status":"closed","ping_status":"closed","template":"","meta":{"footnotes":""},"class_list":["post-1699","page","type-page","status-publish","hentry","clear"],"_links":{"self":[{"href":"https:\/\/www.evelia.unrc.edu.ar\/ensenaryAprenderEnLaVirtualidad\/wp-json\/wp\/v2\/pages\/1699","targetHints":{"allow":["GET"]}}],"collection":[{"href":"https:\/\/www.evelia.unrc.edu.ar\/ensenaryAprenderEnLaVirtualidad\/wp-json\/wp\/v2\/pages"}],"about":[{"href":"https:\/\/www.evelia.unrc.edu.ar\/ensenaryAprenderEnLaVirtualidad\/wp-json\/wp\/v2\/types\/page"}],"author":[{"embeddable":true,"href":"https:\/\/www.evelia.unrc.edu.ar\/ensenaryAprenderEnLaVirtualidad\/wp-json\/wp\/v2\/users\/3"}],"replies":[{"embeddable":true,"href":"https:\/\/www.evelia.unrc.edu.ar\/ensenaryAprenderEnLaVirtualidad\/wp-json\/wp\/v2\/comments?post=1699"}],"version-history":[{"count":33,"href":"https:\/\/www.evelia.unrc.edu.ar\/ensenaryAprenderEnLaVirtualidad\/wp-json\/wp\/v2\/pages\/1699\/revisions"}],"predecessor-version":[{"id":1805,"href":"https:\/\/www.evelia.unrc.edu.ar\/ensenaryAprenderEnLaVirtualidad\/wp-json\/wp\/v2\/pages\/1699\/revisions\/1805"}],"wp:attachment":[{"href":"https:\/\/www.evelia.unrc.edu.ar\/ensenaryAprenderEnLaVirtualidad\/wp-json\/wp\/v2\/media?parent=1699"}],"curies":[{"name":"wp","href":"https:\/\/api.w.org\/{rel}","templated":true}]}}