{"id":1396,"date":"2022-04-06T12:28:32","date_gmt":"2022-04-06T12:28:32","guid":{"rendered":"https:\/\/www.evelia.unrc.edu.ar\/ensenaryAprenderEnLaVirtualidad\/?page_id=1396"},"modified":"2022-08-24T14:47:46","modified_gmt":"2022-08-24T14:47:46","slug":"taller-programacion-de-apps-con-tu-celular","status":"publish","type":"page","link":"https:\/\/www.evelia.unrc.edu.ar\/ensenaryAprenderEnLaVirtualidad\/taller-programacion-de-apps-con-tu-celular\/","title":{"rendered":"Taller de programaci\u00f3n de apps con tu celular (2022)"},"content":{"rendered":"\n<figure class=\"wp-block-image size-large\"><img loading=\"lazy\" decoding=\"async\" width=\"940\" height=\"788\" src=\"https:\/\/www.evelia.unrc.edu.ar\/ensenaryAprenderEnLaVirtualidad\/wp-content\/uploads\/2022\/08\/flyer_2022.jpeg\" alt=\"\" class=\"wp-image-1697\" srcset=\"https:\/\/www.evelia.unrc.edu.ar\/ensenaryAprenderEnLaVirtualidad\/wp-content\/uploads\/2022\/08\/flyer_2022.jpeg 940w, https:\/\/www.evelia.unrc.edu.ar\/ensenaryAprenderEnLaVirtualidad\/wp-content\/uploads\/2022\/08\/flyer_2022-300x251.jpeg 300w, https:\/\/www.evelia.unrc.edu.ar\/ensenaryAprenderEnLaVirtualidad\/wp-content\/uploads\/2022\/08\/flyer_2022-768x644.jpeg 768w, https:\/\/www.evelia.unrc.edu.ar\/ensenaryAprenderEnLaVirtualidad\/wp-content\/uploads\/2022\/08\/flyer_2022-600x503.jpeg 600w\" sizes=\"auto, (max-width: 940px) 100vw, 940px\" \/><\/figure>\n\n\n\n<p id=\"block-9bcb5880-ee97-479f-90a9-0b29c6d7c034\">Proyecto de Extensi\u00f3n aprobado en la Tercer Convocatoria a Proyectos de Extensi\u00f3n de la Universidad Nacional de R\u00edo Cuarto (Resoluci\u00f3n Rectoral 202\/2022).<\/p>\n\n\n\n<p id=\"block-9bcb5880-ee97-479f-90a9-0b29c6d7c034\">El taller est\u00e1 destinado a estudiantes de escuelas secundarias, es <strong>gratuito<\/strong>, no requiere conocimeintos previos y se puede elegir entre realizarlo de forma presencial, en el Punto Digital ubicado en el Centro Cultural El Andino, o no presencial (por videollamadas).<\/p>\n\n\n\n<p id=\"block-49b29bb8-4a99-4c49-a4bb-19bb34f02561\">El taller de programaci\u00f3n de apps para celulares tiene como objetivo descubrir vocaciones cient\u00edficas e incentivar a los estudiantes secundarios para continuar sus estudios en carreras relacionadas con las Tecnolog\u00edas de la Informaci\u00f3n y la Comunicaci\u00f3n (TIC). Se desarrolla en el marco de un proyecto de extensi\u00f3n aprobado por la UNRC. La ejecuci\u00f3n de las acciones previstas est\u00e1n a cargo del Departamento de Telecomunicaciones de la Facultad de Ingenier\u00eda, acompa\u00f1ado por el Departamento de Computaci\u00f3n de la Facultad de Ciencias Exactas, F\u00edsico-Qu\u00edmicas y Naturales, y el Centro IRC de la Secretar\u00eda de Extensi\u00f3n y Desarrollo de la UNRC. El taller cuenta con la participaci\u00f3n y colaboraci\u00f3n en la organizaci\u00f3n del Punto Digital y la Fundaci\u00f3n por la Cultura de R\u00edo Cuarto. El desarrollo del taller est\u00e1 a cargo de estudiantes universitarios de las carreras de telecomunicaciones y ciencias de la computaci\u00f3n, con el acompa\u00f1amiento de docentes de ambas carreras. El taller busca darle continuidad a las actividades realizadas, desde 2016 en las convocatorias 2016, 2018 y 2019 de la Iniciativa Program.AR, realizados mediante Convenios de Cooperaci\u00f3n Acad\u00e9mica entre la Fundaci\u00f3n Dr. Manuel Sadosky y la Universidad Nacional de R\u00edo Cuarto (UNRC). En ese marco se realizaron 104 talleres de programaci\u00f3n (Alice, Scratch, Sketchware), en 20 centros educativos, mayoritariamente del centro-sur de la Provincia de C\u00f3rdoba, al cual asistieron 1.389 estudiantes.<\/p>\n\n\n\n<p id=\"block-e9bc21c9-af35-4438-8e8b-86e5af73ee9f\"><strong>\u00bfA qui\u00e9n est\u00e1 destinado?<\/strong><br>El taller est\u00e1 destinado a estudiantes de escuelas secundarias p\u00fablicas del Gran R\u00edo Cuarto y la regi\u00f3n (prioritariamente) que est\u00e9n interesadas\/os en conocer de qu\u00e9 se trata el mundo de la programaci\u00f3n y usar su celular para crear peque\u00f1as apps.<br>Los interesados en participar deben estar haciendo el secundario (excluyente), no importa qu\u00e9 a\u00f1o (1ro, 2do, 3ro, 4to, 5to, 6to o 7mo). Si est\u00e1n en un PIT o un CENMA tambi\u00e9n pueden hacer el taller. Si bien tienen prioridad los estudiantes de escuelas secundarias p\u00fablicas del Gran R\u00edo Cuarto y la regi\u00f3n, pueden participar aquellos que pertenezcan a centros educativos de otra zona o de gesti\u00f3n privada. Como el taller se dar\u00e1 varias veces,&nbsp; los incluiremos paulatinamente en la medida que vayamos armando los grupos.<\/p>\n\n\n\n<p id=\"block-d38ba1b7-da18-4a57-a47b-5134de13db36\">\u00bf<strong>C\u00f3mo programaremos apps con el celular?<\/strong><br>Se utlizar\u00e1 una herramienta gratuita, llamada Sketchware, que instalar\u00e1s en tu propio tel\u00e9fono. Es decir, con tu celular podr\u00e1s programar aplicaciones para usar en \u00e9l.<\/p>\n\n\n\n<p id=\"block-71c3fee8-f679-471f-a171-5cd282a294fe\"><strong>\u00bfQu\u00e9 es Sketchware?<\/strong><br>Sketchware es la aplicaci\u00f3n que utlizaremos para programar. Esta herramienta te permite crear tus propias apps directamente en el celular, de manera sencilla y sin conocimientos previos de programaci\u00f3n.<\/p>\n\n\n\n<p id=\"block-5a43dcae-8b61-49bc-bbc9-d2f0f8cdbf21\"><strong>\u00bfCu\u00e1l es la modaldad del taller?<\/strong><\/p>\n\n\n\n<ul class=\"wp-block-list\"><li>El taller es gratuito y se replicar\u00e1 entre mayo y noviembre de 2022, las veces que sea necesario.<\/li><li>Habr\u00e1 dos modalidades: presencial y no presencial, con docentes que te acompa\u00f1ar\u00e1n para brindarte ayuda.<\/li><li>Cada taller se organizar\u00e1 por grupos, teniendo en cuenta el a\u00f1o que cursa cada estudiante.<\/li><li>El taller dura 7 d\u00edas, posee de 2 encuentros y desaf\u00edos (gu\u00edas con ejercicios) para que realices en tus horarios libres.<\/li><li>Te avisaremos por correo electr\u00f3nico y por WhatsApp el d\u00eda y horario de inicio del taller.<\/li><li>Realizar\u00e1s diferentes actividades y\/o desaf\u00edos (diferentes aplicaciones para el celular).<\/li><li>Cada taller ser\u00e1 personalizado, con grupos reducidos.<\/li><li>Te proporcionaremos videos y todo el material necesario para lograr los objetivos propuestos.<\/li><li>Podr\u00e1s trabajar desde tu celular, organiz\u00e1ndote el horario que te quede m\u00e1s c\u00f3modo.<\/li><li>Para el taller con modalidad presencial, los 2 encuentros se realizar\u00e1n en el Punto Digital ubicado en el Andino (<a rel=\"noreferrer noopener\" href=\"https:\/\/goo.gl\/maps\/JethiFDs6ZxHsTpv9\" target=\"_blank\">https:\/\/goo.gl\/maps\/JethiFDs6ZxHsTpv9<\/a>).<\/li><li>Para el taller en modalidad no presencial, los 2 encuentros, se realizar\u00e1n en l\u00ednea, mediante videollamadas con Google Meet o WhatsApp.<\/li><li>Los d\u00edas posibles para elegir (en modalidad presencial o no presencial) son: lunes de 18 a 20hs o mi\u00e9rcoles de 18 a 20hs.<\/li><\/ul>\n\n\n\n<p id=\"block-e5f5340c-7512-445c-9ca9-f1014c7c28e5\"><strong>Requisitos de tiempo necesarios:<\/strong><\/p>\n\n\n\n<ul class=\"wp-block-list\"><li>El taller dura 7 d\u00edas, comienza el d\u00eda lunes o mi\u00e9rcoles y (de acuerdo al d\u00eda que vos elijas) termina el lunes o el mi\u00e9rcoles de la semana siguiente.<\/li><li>Entre el primer encuentro y el segundo deb\u00e9s tener disponible un total de 4 horas para realizar los desaf\u00edos que te propongamos (diferentes aplicaciones para el celular).<\/li><\/ul>\n\n\n\n<p id=\"block-e5f5340c-7512-445c-9ca9-f1014c7c28e5\"><strong>Requisitos t\u00e9cnicos necesarios:<\/strong><\/p>\n\n\n\n<ul class=\"wp-block-list\"><li>Un celular con Sistema Operativo Android.<\/li><li>Contar con espacio en el celular para instalar apps.<\/li><li>Tener conectividad a Internet (en el caso de que hagas el taller de forma no presencial).<\/li><\/ul>\n\n\n\n<p><strong>\u00bfCu\u00e1ndo son las inscripciones?<\/strong><\/p>\n\n\n\n<ul class=\"wp-block-list\"><li>Las inscripciones est\u00e1n abiertas desde el <strong>18 de abril hasta el 29 de abril de 2022.<\/strong><\/li><li>En agosto se abrir\u00e1n inscripciones nuevamente.<\/li><li>Armaremos grupos de no m\u00e1s de 15 estudiantes.<\/li><\/ul>\n\n\n\n<p id=\"block-9c02a08b-8988-49e0-88db-7b2d2ab1fd9b\"><strong>Formulario de inscripci\u00f3n:<\/strong> <a href=\"https:\/\/forms.gle\/grBKQcVoDUmhLcx37\" target=\"_blank\" rel=\"noreferrer noopener\">https:\/\/forms.gle\/grBKQcVoDUmhLcx37<\/a><\/p>\n\n\n\n<p><strong>\u00bfCu\u00e1ndo comienza?<\/strong><\/p>\n\n\n\n<ul class=\"wp-block-list\"><li>En el mes de mayo de 2022.<\/li><li>Te avisaremos por correo electr\u00f3nico y WhatsApp el d\u00eda y hora de inicio de tu grupo.<\/li><\/ul>\n\n\n\n<p id=\"block-14e9f9d0-36c7-411c-8856-ca3d155ce4a9\"><strong>Equipo de trabajo<\/strong><\/p>\n\n\n\n<p id=\"block-99a86b35-4de6-4452-9119-967e58f930a7\">Extensionistas\/Becarias<br>Carolina Borbolla &#8211; Estudiante de Licenciatura en Ciencias de la Computaci\u00f3n<br>Luc\u00eda Antu\u00f1a &#8211; Estudiante de Ingenier\u00eda en Telecomunicaciones<\/p>\n\n\n\n<p id=\"block-99a86b35-4de6-4452-9119-967e58f930a7\">Directora<br>Ivana Cruz &#8211; Facultad de Ingenier\u00eda (Departamento de Telecomunicaciones)<\/p>\n\n\n\n<p id=\"block-99a86b35-4de6-4452-9119-967e58f930a7\">Co-director<br>Ariel Ferreira Szpiniak &#8211; Facultad de Ciencias Exactas, F\u00edsico-Qu\u00edmicas y Naturales (Departamento de Computaci\u00f3n)<\/p>\n\n\n\n<p id=\"block-99a86b35-4de6-4452-9119-967e58f930a7\">Coordinador Punto Digital<br>Gast\u00f3n Malgieri<\/p>\n\n\n\n<p><strong>Organizadores<\/strong><\/p>\n\n\n\n<p id=\"block-99a86b35-4de6-4452-9119-967e58f930a7\">Facultad de Ingenier\u00eda (Departamento de Telecomunicaciones), Facultad de Ciencias Exactas, F\u00edsico-Qu\u00edmicas y Naturales (Departamento de Computaci\u00f3n), Secretar\u00eda de Extensi\u00f3n y Desarrollo de la UNRC, Punto Digital y Fundaci\u00f3n por la Cultura de la Municipalidad de R\u00edo Cuarto.<\/p>\n\n\n\n<p><strong>\u00bfQu\u00e9 es el Punto Digital?<\/strong><\/p>\n\n\n\n<p>Es un Programa impulsado por la Secretar\u00eda de Innovaci\u00f3n P\u00fablica de la Naci\u00f3n cuyo objetivo es democratizar el acceso a las Tecnolog\u00edas de la Informaci\u00f3n y la Comunicaci\u00f3n (TIC), entendidas como un derecho fundamental en el desarrollo. Cuenta con acceso a Internet y una sala de aprendizaje con 16 computadoras, microcine con proyector y un espacio de entretenimiento.&nbsp;<\/p>\n\n\n\n<p id=\"block-99a86b35-4de6-4452-9119-967e58f930a7\"><strong>Materiales del taller:<\/strong><\/p>\n\n\n\n<div class=\"wp-block-buttons aligncenter is-layout-flex wp-block-buttons-is-layout-flex\">\n<div class=\"wp-block-button is-style-fill\"><a class=\"wp-block-button__link\" href=\"http:\/\/bit.ly\/sketchware_apk\" target=\"_blank\" rel=\"noreferrer noopener\">Descargar aplicaci\u00f3n Sketchware. [apk]<\/a><\/div>\n<\/div>\n\n\n\n<hr class=\"wp-block-separator\"\/>\n\n\n\n<p><strong>Proyecto 0<\/strong><\/p>\n\n\n\n<div class=\"wp-block-file\"><a href=\"https:\/\/www.evelia.unrc.edu.ar\/ensenaryAprenderEnLaVirtualidad\/wp-content\/uploads\/2021\/07\/Proyecto-0.pdf\">Proyecto 0<\/a><a href=\"https:\/\/www.evelia.unrc.edu.ar\/ensenaryAprenderEnLaVirtualidad\/wp-content\/uploads\/2021\/07\/Proyecto-0.pdf\" class=\"wp-block-file__button\" download>Descarga<\/a><\/div>\n\n\n\n<div class=\"wp-block-file\"><a href=\"https:\/\/www.evelia.unrc.edu.ar\/ensenaryAprenderEnLaVirtualidad\/wp-content\/uploads\/2021\/07\/Proyecto_0_PrimerPaso.mp4\">Primer paso. [mp4]<\/a><a href=\"https:\/\/www.evelia.unrc.edu.ar\/ensenaryAprenderEnLaVirtualidad\/wp-content\/uploads\/2021\/07\/Proyecto_0_PrimerPaso.mp4\" class=\"wp-block-file__button\" download>Descarga<\/a><\/div>\n\n\n\n<div class=\"wp-block-file\"><a href=\"https:\/\/www.evelia.unrc.edu.ar\/ensenaryAprenderEnLaVirtualidad\/wp-content\/uploads\/2021\/07\/Proyecto_0-_Segundo_paso_Diseno_Tarea1_y_Tarea_2.mp4\">Segundo paso: Tarea1 y Tarea 2 &#8211; Dise\u00f1o. [mp4]<\/a><a href=\"https:\/\/www.evelia.unrc.edu.ar\/ensenaryAprenderEnLaVirtualidad\/wp-content\/uploads\/2021\/07\/Proyecto_0-_Segundo_paso_Diseno_Tarea1_y_Tarea_2.mp4\" class=\"wp-block-file__button\" download>Descarga<\/a><\/div>\n\n\n\n<div class=\"wp-block-file\"><a href=\"https:\/\/www.evelia.unrc.edu.ar\/ensenaryAprenderEnLaVirtualidad\/wp-content\/uploads\/2021\/07\/Proyecto-_0_Segundo_Paso_Tarea5_Instalar-App.mp4\">Segundo paso: Tarea5 &#8211; Instalar App. [mp4]<\/a><a href=\"https:\/\/www.evelia.unrc.edu.ar\/ensenaryAprenderEnLaVirtualidad\/wp-content\/uploads\/2021\/07\/Proyecto-_0_Segundo_Paso_Tarea5_Instalar-App.mp4\" class=\"wp-block-file__button\" download>Descarga<\/a><\/div>\n\n\n\n<div class=\"wp-block-file\"><a href=\"https:\/\/www.evelia.unrc.edu.ar\/ensenaryAprenderEnLaVirtualidad\/wp-content\/uploads\/2021\/07\/Proyecto_0_Tercer_paso_Programacion.mp4\">Tercer paso: Programacion. [mp4]<\/a><a href=\"https:\/\/www.evelia.unrc.edu.ar\/ensenaryAprenderEnLaVirtualidad\/wp-content\/uploads\/2021\/07\/Proyecto_0_Tercer_paso_Programacion.mp4\" class=\"wp-block-file__button\" download>Descarga<\/a><\/div>\n\n\n\n<hr class=\"wp-block-separator\"\/>\n\n\n\n<p><strong>Proyecto 1<\/strong><\/p>\n\n\n\n<div class=\"wp-block-file\"><a href=\"https:\/\/www.evelia.unrc.edu.ar\/ensenaryAprenderEnLaVirtualidad\/wp-content\/uploads\/2021\/07\/Proyecto-1.pdf\">Proyecto 1<\/a><a href=\"https:\/\/www.evelia.unrc.edu.ar\/ensenaryAprenderEnLaVirtualidad\/wp-content\/uploads\/2021\/07\/Proyecto-1.pdf\" class=\"wp-block-file__button\" download>Descarga<\/a><\/div>\n\n\n\n<div class=\"wp-block-file\"><a href=\"https:\/\/www.evelia.unrc.edu.ar\/ensenaryAprenderEnLaVirtualidad\/wp-content\/uploads\/2021\/07\/Proyecto_1_Botones_de_verdad.mp4\">Botones de verdad. Paso 1,2 y 3. [mp4]<\/a><a href=\"https:\/\/www.evelia.unrc.edu.ar\/ensenaryAprenderEnLaVirtualidad\/wp-content\/uploads\/2021\/07\/Proyecto_1_Botones_de_verdad.mp4\" class=\"wp-block-file__button\" download>Descarga<\/a><\/div>\n\n\n\n<div class=\"wp-block-file\"><a href=\"https:\/\/www.evelia.unrc.edu.ar\/ensenaryAprenderEnLaVirtualidad\/wp-content\/uploads\/2021\/07\/Proyecto_1_Sonidos_personalizados.mp4\">Sonidos personalizados. Paso 1,2 y 3. [mp4]<\/a><a href=\"https:\/\/www.evelia.unrc.edu.ar\/ensenaryAprenderEnLaVirtualidad\/wp-content\/uploads\/2021\/07\/Proyecto_1_Sonidos_personalizados.mp4\" class=\"wp-block-file__button\" download>Descarga<\/a><\/div>\n\n\n\n<div class=\"wp-block-file\"><a href=\"https:\/\/www.evelia.unrc.edu.ar\/ensenaryAprenderEnLaVirtualidad\/wp-content\/uploads\/2021\/07\/Proyecto_1_Personalizacion.mp4\">Material adicional &#8211; Personalizaci\u00f3n. [mp4]<\/a><a href=\"https:\/\/www.evelia.unrc.edu.ar\/ensenaryAprenderEnLaVirtualidad\/wp-content\/uploads\/2021\/07\/Proyecto_1_Personalizacion.mp4\" class=\"wp-block-file__button\" download>Descarga<\/a><\/div>\n\n\n\n<hr class=\"wp-block-separator\"\/>\n\n\n\n<p><strong>Proyecto 2<\/strong><\/p>\n\n\n\n<div class=\"wp-block-file\"><a href=\"https:\/\/www.evelia.unrc.edu.ar\/ensenaryAprenderEnLaVirtualidad\/wp-content\/uploads\/2021\/07\/Proyecto-2.pdf\">Proyecto 2<\/a><a href=\"https:\/\/www.evelia.unrc.edu.ar\/ensenaryAprenderEnLaVirtualidad\/wp-content\/uploads\/2021\/07\/Proyecto-2.pdf\" class=\"wp-block-file__button\" download>Descarga<\/a><\/div>\n\n\n\n<div class=\"wp-block-file\"><a href=\"https:\/\/www.evelia.unrc.edu.ar\/ensenaryAprenderEnLaVirtualidad\/wp-content\/uploads\/2021\/07\/Proyecto_2_BotonInicio_ComponenteTimer.mp4\">Boton de Inicio. [mp4]<\/a><a href=\"https:\/\/www.evelia.unrc.edu.ar\/ensenaryAprenderEnLaVirtualidad\/wp-content\/uploads\/2021\/07\/Proyecto_2_BotonInicio_ComponenteTimer.mp4\" class=\"wp-block-file__button\" download>Descarga<\/a><\/div>\n\n\n\n<div class=\"wp-block-file\"><a href=\"https:\/\/www.evelia.unrc.edu.ar\/ensenaryAprenderEnLaVirtualidad\/wp-content\/uploads\/2021\/07\/Alternativa_Condicional.mp4\">Alternativa Condicional. [mp4]<\/a><a href=\"https:\/\/www.evelia.unrc.edu.ar\/ensenaryAprenderEnLaVirtualidad\/wp-content\/uploads\/2021\/07\/Alternativa_Condicional.mp4\" class=\"wp-block-file__button\" download>Descarga<\/a><\/div>\n\n\n\n<hr class=\"wp-block-separator\"\/>\n\n\n\n<p><\/p>\n","protected":false},"excerpt":{"rendered":"<p>Proyecto de Extensi\u00f3n aprobado en la Tercer Convocatoria a Proyectos de Extensi\u00f3n de la Universidad Nacional de R\u00edo Cuarto (Resoluci\u00f3n Rectoral 202\/2022). El taller est\u00e1 destinado a estudiantes de escuelas secundarias, es gratuito, no requiere conocimeintos previos y se puede elegir entre realizarlo de forma presencial, en el Punto Digital ubicado en el Centro Cultural&#8230; <a class=\"more-link\" href=\"https:\/\/www.evelia.unrc.edu.ar\/ensenaryAprenderEnLaVirtualidad\/taller-programacion-de-apps-con-tu-celular\/#more-1396\">Leer m\u00e1s &rarr;<\/a><\/p>\n","protected":false},"author":2,"featured_media":0,"parent":0,"menu_order":0,"comment_status":"closed","ping_status":"closed","template":"","meta":{"footnotes":""},"class_list":["post-1396","page","type-page","status-publish","hentry","clear"],"_links":{"self":[{"href":"https:\/\/www.evelia.unrc.edu.ar\/ensenaryAprenderEnLaVirtualidad\/wp-json\/wp\/v2\/pages\/1396","targetHints":{"allow":["GET"]}}],"collection":[{"href":"https:\/\/www.evelia.unrc.edu.ar\/ensenaryAprenderEnLaVirtualidad\/wp-json\/wp\/v2\/pages"}],"about":[{"href":"https:\/\/www.evelia.unrc.edu.ar\/ensenaryAprenderEnLaVirtualidad\/wp-json\/wp\/v2\/types\/page"}],"author":[{"embeddable":true,"href":"https:\/\/www.evelia.unrc.edu.ar\/ensenaryAprenderEnLaVirtualidad\/wp-json\/wp\/v2\/users\/2"}],"replies":[{"embeddable":true,"href":"https:\/\/www.evelia.unrc.edu.ar\/ensenaryAprenderEnLaVirtualidad\/wp-json\/wp\/v2\/comments?post=1396"}],"version-history":[{"count":14,"href":"https:\/\/www.evelia.unrc.edu.ar\/ensenaryAprenderEnLaVirtualidad\/wp-json\/wp\/v2\/pages\/1396\/revisions"}],"predecessor-version":[{"id":1700,"href":"https:\/\/www.evelia.unrc.edu.ar\/ensenaryAprenderEnLaVirtualidad\/wp-json\/wp\/v2\/pages\/1396\/revisions\/1700"}],"wp:attachment":[{"href":"https:\/\/www.evelia.unrc.edu.ar\/ensenaryAprenderEnLaVirtualidad\/wp-json\/wp\/v2\/media?parent=1396"}],"curies":[{"name":"wp","href":"https:\/\/api.w.org\/{rel}","templated":true}]}}