{"id":1044,"date":"2021-08-09T15:09:13","date_gmt":"2021-08-09T15:09:13","guid":{"rendered":"https:\/\/www.evelia.unrc.edu.ar\/ensenaryAprenderEnLaVirtualidad\/?page_id=1044"},"modified":"2021-12-01T20:31:28","modified_gmt":"2021-12-01T20:31:28","slug":"curso-de-introduccion-a-la-robotica-con-arduino-nivel-i","status":"publish","type":"page","link":"https:\/\/www.evelia.unrc.edu.ar\/ensenaryAprenderEnLaVirtualidad\/curso-de-introduccion-a-la-robotica-con-arduino-nivel-i\/","title":{"rendered":"Curso de Introducci\u00f3n a la Rob\u00f3tica con Arduino &#8211; Nivel I"},"content":{"rendered":"\n<figure class=\"wp-block-image size-large\"><img loading=\"lazy\" decoding=\"async\" width=\"1024\" height=\"253\" src=\"https:\/\/www.evelia.unrc.edu.ar\/ensenaryAprenderEnLaVirtualidad\/wp-content\/uploads\/2021\/08\/Curso-de-introduccion-a-la-robotica-con-Arduino-Nivel-I-cover-4-1024x253.png\" alt=\"\" class=\"wp-image-1056\" srcset=\"https:\/\/www.evelia.unrc.edu.ar\/ensenaryAprenderEnLaVirtualidad\/wp-content\/uploads\/2021\/08\/Curso-de-introduccion-a-la-robotica-con-Arduino-Nivel-I-cover-4-1024x253.png 1024w, https:\/\/www.evelia.unrc.edu.ar\/ensenaryAprenderEnLaVirtualidad\/wp-content\/uploads\/2021\/08\/Curso-de-introduccion-a-la-robotica-con-Arduino-Nivel-I-cover-4-300x74.png 300w, https:\/\/www.evelia.unrc.edu.ar\/ensenaryAprenderEnLaVirtualidad\/wp-content\/uploads\/2021\/08\/Curso-de-introduccion-a-la-robotica-con-Arduino-Nivel-I-cover-4-768x190.png 768w, https:\/\/www.evelia.unrc.edu.ar\/ensenaryAprenderEnLaVirtualidad\/wp-content\/uploads\/2021\/08\/Curso-de-introduccion-a-la-robotica-con-Arduino-Nivel-I-cover-4-1536x380.png 1536w, https:\/\/www.evelia.unrc.edu.ar\/ensenaryAprenderEnLaVirtualidad\/wp-content\/uploads\/2021\/08\/Curso-de-introduccion-a-la-robotica-con-Arduino-Nivel-I-cover-4-1400x346.png 1400w, https:\/\/www.evelia.unrc.edu.ar\/ensenaryAprenderEnLaVirtualidad\/wp-content\/uploads\/2021\/08\/Curso-de-introduccion-a-la-robotica-con-Arduino-Nivel-I-cover-4-600x148.png 600w, https:\/\/www.evelia.unrc.edu.ar\/ensenaryAprenderEnLaVirtualidad\/wp-content\/uploads\/2021\/08\/Curso-de-introduccion-a-la-robotica-con-Arduino-Nivel-I-cover-4.png 1921w\" sizes=\"auto, (max-width: 1024px) 100vw, 1024px\" \/><figcaption>Descripci\u00f3n accesible: La imagen ense\u00f1a un circuito integrado de ARDUINO, el texto dice \u00bfQuer\u00e9s aprender rob\u00f3tica?, Curso de introducci\u00f3n a la rob\u00f3tica con Arduino &#8211; Nivel 1. Adem\u00e1s, se presentan los logotipos de la Universidad Nacional de R\u00edo Cuarto, de las Aulas Virtuales Evelia, de Arduino y del cincuentenario de la UNRC.<\/figcaption><\/figure>\n\n\n\n<hr class=\"wp-block-separator\"\/>\n\n\n\n<p>El curso est\u00e1 pensado para aprender los conceptos b\u00e1sicos e iniciales de Arduino y el lenguaje para programar. Arduino es muy utilizado en IOT (Internet de las cosas) y una herramienta muy interesante y potente para entender los conceptos b\u00e1sicos de rob\u00f3tica y tambi\u00e9n para dar los primeros pasos en la programaci\u00f3n.<\/p>\n\n\n\n<p>El curso es gratuito no requiere de conocimientos previos en programaci\u00f3n (quien posea puede hacerlo igual) y est\u00e1 destinado a p\u00fablico en general.<\/p>\n\n\n\n<p>El cursado es no presencial, autoasistido. y organizado por m\u00f3dulos. Se realiza a trav\u00e9s del Entorno Virtual EVELIA (<strong><a rel=\"noreferrer noopener\" href=\"http:\/\/www.evelia.unrc.edu.ar\/\" target=\"_blank\"><span style=\"color:#29c4a4\" class=\"has-inline-color\">www.evelia.unrc.edu.ar<\/span><\/a><\/strong>). El estudiante avanza seg\u00fan su propio ritmo (puede hacerlo en los d\u00edas y horarios que desee, siempre y cuando sea antes de la fecha de finalizaci\u00f3n). Dentro del aula virtual del curso se proporciona todo el material necesario para el desarrollo, videos explicativos, foro de consultas y actividades (desaf\u00edos). La navegaci\u00f3n y visualizaci\u00f3n online de los videos o descarga de los mismos, no consumen datos de telefon\u00eda celular.<\/p>\n\n\n\n<p>La primera edici\u00f3n del curso se realizar\u00e1 en diciembre de 2021. En el 2022 se realizar\u00e1 nuevamente.  El curso dura 4 semanas y requiere una dedicaci\u00f3n de 30 horas aproximadamente, dependiendo del nivel de conocimientos previos. El curso consta de 2 m\u00f3dulos y 2 autoevaluaciones. Se otorga un certificado de participaci\u00f3n, no v\u00e1lido como puntaje docente. Para obtener la certificaci\u00f3n deben aprobarse las 2 autoevaluaciones, durante el per\u00edodo que dure el curso (4 semanas).<\/p>\n\n\n\n<p><strong>Inscripciones<\/strong><\/p>\n\n\n\n<p>Las inscripciones se encuentran abiertas entre el <strong>01 y el 5 de diciembre de 2021<\/strong> o cuando se llegue al n\u00famero m\u00e1ximo de estudiantes inscriptos que se permiten en este curso. Lo que suceda primero. En esta primera convocatoria se admitir\u00e1n 50 estudiantes.<\/p>\n\n\n\n<p>El enlace de inscripci\u00f3n es el siguiente: <a rel=\"noreferrer noopener\" href=\"https:\/\/forms.gle\/ach3L8wXUXb7HP9n8\" target=\"_blank\"><span style=\"color:#29c4a4\" class=\"has-inline-color\"><strong>enlace<\/strong><\/span><\/a><\/p>\n\n\n\n<p>Una vez finalizado el per\u00edodo de inscripci\u00f3n, a partir del 6 de diciembre, los inscriptos deben ingresar al Campus Virtual EVELIA (con su usuario y clave). All\u00ed encontrar\u00e1n el aula virtual del \u00abCurso de Introducci\u00f3n a la Rob\u00f3tica con Arduino &#8211; Nivel I\u00bb.&nbsp;<\/p>\n\n\n\n<p>Quienes no disponen de una cuenta en el Campus Virtual EVELIA <strong><a rel=\"noreferrer noopener\" href=\"http:\/\/www.evelia.unrc.edu.ar\/\" target=\"_blank\">www.evelia.unrc.edu.ar<\/a><\/strong>, deben registrarse (clickear el bot\u00f3n registro y seguir los pasos).<\/p>\n\n\n\n<p><strong>Requisitos t\u00e9cnicos necesarios<\/strong><\/p>\n\n\n\n<p>Contar con conectividad a Internet y una computadora, ya que se debe utilizar Tinkercad. Por dudas o consultas consultas: <a rel=\"noreferrer noopener\" href=\"https:\/\/forms.gle\/cX9ZFrjxgbQw3SPc9\" target=\"_blank\"><strong><span style=\"color:#29c4a4\" class=\"has-inline-color\">Clic aqu\u00ed<\/span><\/strong><\/a><\/p>\n\n\n\n<figure class=\"wp-block-image size-large\"><img loading=\"lazy\" decoding=\"async\" width=\"1024\" height=\"1024\" src=\"https:\/\/www.evelia.unrc.edu.ar\/ensenaryAprenderEnLaVirtualidad\/wp-content\/uploads\/2021\/12\/Curso-de-introduccion-a-la-robotica-con-Arduino-Nivel-I-flyer-1024x1024.jpg\" alt=\"\" class=\"wp-image-1225\" srcset=\"https:\/\/www.evelia.unrc.edu.ar\/ensenaryAprenderEnLaVirtualidad\/wp-content\/uploads\/2021\/12\/Curso-de-introduccion-a-la-robotica-con-Arduino-Nivel-I-flyer-1024x1024.jpg 1024w, https:\/\/www.evelia.unrc.edu.ar\/ensenaryAprenderEnLaVirtualidad\/wp-content\/uploads\/2021\/12\/Curso-de-introduccion-a-la-robotica-con-Arduino-Nivel-I-flyer-300x300.jpg 300w, https:\/\/www.evelia.unrc.edu.ar\/ensenaryAprenderEnLaVirtualidad\/wp-content\/uploads\/2021\/12\/Curso-de-introduccion-a-la-robotica-con-Arduino-Nivel-I-flyer-150x150.jpg 150w, https:\/\/www.evelia.unrc.edu.ar\/ensenaryAprenderEnLaVirtualidad\/wp-content\/uploads\/2021\/12\/Curso-de-introduccion-a-la-robotica-con-Arduino-Nivel-I-flyer-768x768.jpg 768w, https:\/\/www.evelia.unrc.edu.ar\/ensenaryAprenderEnLaVirtualidad\/wp-content\/uploads\/2021\/12\/Curso-de-introduccion-a-la-robotica-con-Arduino-Nivel-I-flyer-600x600.jpg 600w, https:\/\/www.evelia.unrc.edu.ar\/ensenaryAprenderEnLaVirtualidad\/wp-content\/uploads\/2021\/12\/Curso-de-introduccion-a-la-robotica-con-Arduino-Nivel-I-flyer.jpg 1044w\" sizes=\"auto, (max-width: 1024px) 100vw, 1024px\" \/><figcaption>Descripci\u00f3n accesible: La imagen ense\u00f1a un circuito integrado de ARDUINO, el texto dice \u00bfQuer\u00e9s aprender rob\u00f3tica?, Curso de introducci\u00f3n a la rob\u00f3tica con Arduino &#8211; Nivel 1. Destinado a p\u00fablico en general. Adem\u00e1s, se presentan los logotipos de la Universidad Nacional de R\u00edo Cuarto, de las Aulas Virtuales Evelia, de Arduino y del cincuentenario de la UNRC.<\/figcaption><\/figure>\n\n\n\n<hr class=\"wp-block-separator\"\/>\n\n\n\n<p><strong>Equipo de trabajo<\/strong><\/p>\n\n\n\n<p>Docente tutor y contenidista: Carlos Federico Etcheverry<\/p>\n\n\n\n<p>Colaborador: Pablo Leonel Etcheverry<\/p>\n\n\n\n<p>Colaborador: Carlos Maximiliano Correa<\/p>\n\n\n\n<p>Responsable: Ariel Ferreira Szpiniak<\/p>\n","protected":false},"excerpt":{"rendered":"<p>El curso est\u00e1 pensado para aprender los conceptos b\u00e1sicos e iniciales de Arduino y el lenguaje para programar. Arduino es muy utilizado en IOT (Internet de las cosas) y una herramienta muy interesante y potente para entender los conceptos b\u00e1sicos de rob\u00f3tica y tambi\u00e9n para dar los primeros pasos en la programaci\u00f3n. El curso es&#8230; <a class=\"more-link\" href=\"https:\/\/www.evelia.unrc.edu.ar\/ensenaryAprenderEnLaVirtualidad\/curso-de-introduccion-a-la-robotica-con-arduino-nivel-i\/#more-1044\">Leer m\u00e1s &rarr;<\/a><\/p>\n","protected":false},"author":3,"featured_media":0,"parent":0,"menu_order":0,"comment_status":"closed","ping_status":"closed","template":"","meta":{"footnotes":""},"class_list":["post-1044","page","type-page","status-publish","hentry","clear"],"_links":{"self":[{"href":"https:\/\/www.evelia.unrc.edu.ar\/ensenaryAprenderEnLaVirtualidad\/wp-json\/wp\/v2\/pages\/1044","targetHints":{"allow":["GET"]}}],"collection":[{"href":"https:\/\/www.evelia.unrc.edu.ar\/ensenaryAprenderEnLaVirtualidad\/wp-json\/wp\/v2\/pages"}],"about":[{"href":"https:\/\/www.evelia.unrc.edu.ar\/ensenaryAprenderEnLaVirtualidad\/wp-json\/wp\/v2\/types\/page"}],"author":[{"embeddable":true,"href":"https:\/\/www.evelia.unrc.edu.ar\/ensenaryAprenderEnLaVirtualidad\/wp-json\/wp\/v2\/users\/3"}],"replies":[{"embeddable":true,"href":"https:\/\/www.evelia.unrc.edu.ar\/ensenaryAprenderEnLaVirtualidad\/wp-json\/wp\/v2\/comments?post=1044"}],"version-history":[{"count":21,"href":"https:\/\/www.evelia.unrc.edu.ar\/ensenaryAprenderEnLaVirtualidad\/wp-json\/wp\/v2\/pages\/1044\/revisions"}],"predecessor-version":[{"id":1229,"href":"https:\/\/www.evelia.unrc.edu.ar\/ensenaryAprenderEnLaVirtualidad\/wp-json\/wp\/v2\/pages\/1044\/revisions\/1229"}],"wp:attachment":[{"href":"https:\/\/www.evelia.unrc.edu.ar\/ensenaryAprenderEnLaVirtualidad\/wp-json\/wp\/v2\/media?parent=1044"}],"curies":[{"name":"wp","href":"https:\/\/api.w.org\/{rel}","templated":true}]}}