{"id":8,"date":"2021-08-30T11:58:30","date_gmt":"2021-08-30T11:58:30","guid":{"rendered":"https:\/\/www.evelia.unrc.edu.ar\/comunidadevelia\/?page_id=8"},"modified":"2025-11-17T15:45:02","modified_gmt":"2025-11-17T15:45:02","slug":"inicio","status":"publish","type":"page","link":"https:\/\/www.evelia.unrc.edu.ar\/comunidadevelia\/","title":{"rendered":"Inicio"},"content":{"rendered":"\t\t<div data-elementor-type=\"wp-page\" data-elementor-id=\"8\" class=\"elementor elementor-8\">\n\t\t\t\t\t\t<section class=\"elementor-section elementor-top-section elementor-element elementor-element-4919bea elementor-section-boxed elementor-section-height-default elementor-section-height-default\" data-id=\"4919bea\" data-element_type=\"section\" data-e-type=\"section\">\n\t\t\t\t\t\t<div class=\"elementor-container elementor-column-gap-default\">\n\t\t\t\t\t<div class=\"elementor-column elementor-col-100 elementor-top-column elementor-element elementor-element-2d5bea2a\" data-id=\"2d5bea2a\" data-element_type=\"column\" data-e-type=\"column\">\n\t\t\t<div class=\"elementor-widget-wrap elementor-element-populated\">\n\t\t\t\t\t\t<div class=\"elementor-element elementor-element-39fc6b2d elementor-widget elementor-widget-text-editor\" data-id=\"39fc6b2d\" data-element_type=\"widget\" data-e-type=\"widget\" data-widget_type=\"text-editor.default\">\n\t\t\t\t<div class=\"elementor-widget-container\">\n\t\t\t\t\t\t\t\t\t\n<div class=\"wp-block-columns is-layout-flex wp-container-core-columns-is-layout-9d6595d7 wp-block-columns-is-layout-flex\">\n<div class=\"wp-block-column is-layout-flow wp-block-column-is-layout-flow\">\n<h2 class=\"has-text-align-center wp-block-heading\">Netiquette<\/h2>\n\n<div class=\"wp-block-image\">\n<figure class=\"aligncenter size-full is-resized\"><a href=\"https:\/\/www.evelia.unrc.edu.ar\/comunidadevelia\/netiquette\/\"><img decoding=\"async\" class=\"wp-image-701\" src=\"https:\/\/www.evelia.unrc.edu.ar\/comunidadevelia\/wp-content\/uploads\/2021\/09\/iconos-1.png\" alt=\"\" width=\"198\" height=\"199\" srcset=\"https:\/\/www.evelia.unrc.edu.ar\/comunidadevelia\/wp-content\/uploads\/2021\/09\/iconos-1.png 396w, https:\/\/www.evelia.unrc.edu.ar\/comunidadevelia\/wp-content\/uploads\/2021\/09\/iconos-1-300x300.png 300w, https:\/\/www.evelia.unrc.edu.ar\/comunidadevelia\/wp-content\/uploads\/2021\/09\/iconos-1-150x150.png 150w, https:\/\/www.evelia.unrc.edu.ar\/comunidadevelia\/wp-content\/uploads\/2021\/09\/iconos-1-270x270.png 270w, https:\/\/www.evelia.unrc.edu.ar\/comunidadevelia\/wp-content\/uploads\/2021\/09\/iconos-1-230x230.png 230w, https:\/\/www.evelia.unrc.edu.ar\/comunidadevelia\/wp-content\/uploads\/2021\/09\/iconos-1-45x45.png 45w, https:\/\/www.evelia.unrc.edu.ar\/comunidadevelia\/wp-content\/uploads\/2021\/09\/iconos-1-100x100.png 100w\" sizes=\"(max-width: 198px) 100vw, 198px\" \/><\/a>\n<figcaption>Etiquetas o normas de comportamiento en EVELIA e Internet en general. Pensadas como un espacio arbitrado por las pr\u00e1cticas de uso y socializaci\u00f3n en Internet que presenta gestos o conductas de respeto y educaci\u00f3n en la interacci\u00f3n virtual.<\/figcaption>\n<\/figure>\n<\/div>\n\n<p>\u00a0<\/p>\n<\/div>\n\n<div class=\"wp-block-column is-layout-flow wp-block-column-is-layout-flow\">\n<h2 class=\"has-text-align-center wp-block-heading\">Buenas pr\u00e1cticas<\/h2>\n\n<div class=\"wp-block-image\">\n<figure class=\"aligncenter size-full is-resized\"><a href=\"https:\/\/www.evelia.unrc.edu.ar\/comunidadevelia\/buenas-practicas\/\"><img decoding=\"async\" class=\"wp-image-702\" src=\"https:\/\/www.evelia.unrc.edu.ar\/comunidadevelia\/wp-content\/uploads\/2021\/09\/iconos2.png\" alt=\"\" width=\"198\" height=\"199\" srcset=\"https:\/\/www.evelia.unrc.edu.ar\/comunidadevelia\/wp-content\/uploads\/2021\/09\/iconos2.png 396w, https:\/\/www.evelia.unrc.edu.ar\/comunidadevelia\/wp-content\/uploads\/2021\/09\/iconos2-300x300.png 300w, https:\/\/www.evelia.unrc.edu.ar\/comunidadevelia\/wp-content\/uploads\/2021\/09\/iconos2-150x150.png 150w, https:\/\/www.evelia.unrc.edu.ar\/comunidadevelia\/wp-content\/uploads\/2021\/09\/iconos2-270x270.png 270w, https:\/\/www.evelia.unrc.edu.ar\/comunidadevelia\/wp-content\/uploads\/2021\/09\/iconos2-230x230.png 230w, https:\/\/www.evelia.unrc.edu.ar\/comunidadevelia\/wp-content\/uploads\/2021\/09\/iconos2-45x45.png 45w, https:\/\/www.evelia.unrc.edu.ar\/comunidadevelia\/wp-content\/uploads\/2021\/09\/iconos2-100x100.png 100w\" sizes=\"(max-width: 198px) 100vw, 198px\" \/><\/a>\n<figcaption>Acciones que facilitan la utilizaci\u00f3n de las aulas virtuales, son elaboradas a partir de una escucha activa en el asesoramiento t\u00e9cnico que realiza el equipo de EVELIA.<\/figcaption>\n<\/figure>\n<\/div>\n<\/div>\n\n<div class=\"wp-block-column is-layout-flow wp-block-column-is-layout-flow\">\n<h2 class=\"has-text-align-center wp-block-heading\">Videotutoriales<\/h2>\n\n<div class=\"wp-block-image\">\n<figure class=\"aligncenter size-full is-resized\"><a href=\"https:\/\/www.evelia.unrc.edu.ar\/comunidadevelia\/videotutoriales\/\"><img decoding=\"async\" class=\"alignnone wp-image-704\" src=\"https:\/\/www.evelia.unrc.edu.ar\/comunidadevelia\/wp-content\/uploads\/2021\/09\/iconos3.png\" alt=\"\" width=\"198\" height=\"199\" srcset=\"https:\/\/www.evelia.unrc.edu.ar\/comunidadevelia\/wp-content\/uploads\/2021\/09\/iconos3.png 396w, https:\/\/www.evelia.unrc.edu.ar\/comunidadevelia\/wp-content\/uploads\/2021\/09\/iconos3-300x300.png 300w, https:\/\/www.evelia.unrc.edu.ar\/comunidadevelia\/wp-content\/uploads\/2021\/09\/iconos3-150x150.png 150w, https:\/\/www.evelia.unrc.edu.ar\/comunidadevelia\/wp-content\/uploads\/2021\/09\/iconos3-270x270.png 270w, https:\/\/www.evelia.unrc.edu.ar\/comunidadevelia\/wp-content\/uploads\/2021\/09\/iconos3-230x230.png 230w, https:\/\/www.evelia.unrc.edu.ar\/comunidadevelia\/wp-content\/uploads\/2021\/09\/iconos3-45x45.png 45w, https:\/\/www.evelia.unrc.edu.ar\/comunidadevelia\/wp-content\/uploads\/2021\/09\/iconos3-100x100.png 100w\" sizes=\"(max-width: 198px) 100vw, 198px\" \/><\/a>\n<figcaption>Los videotutoriales son un recurso \u00fatil para comprender el funcionamiento del entorno virtual, la navegaci\u00f3n, los m\u00f3dulos; y la administraci\u00f3n de las aulas.<br \/>Cualquier duda, te invitamos a que nos escribas a evelia@ac.unrc.edu.ar<\/figcaption>\n<\/figure>\n<\/div>\n<\/div>\n<\/div>\n\t\t\t\t\t\t\t\t<\/div>\n\t\t\t\t<\/div>\n\t\t\t\t\t<\/div>\n\t\t<\/div>\n\t\t\t\t\t<\/div>\n\t\t<\/section>\n\t\t\t\t<section class=\"elementor-section elementor-top-section elementor-element elementor-element-b130173 elementor-section-boxed elementor-section-height-default elementor-section-height-default\" data-id=\"b130173\" data-element_type=\"section\" data-e-type=\"section\">\n\t\t\t\t\t\t<div class=\"elementor-container elementor-column-gap-default\">\n\t\t\t\t\t<div class=\"elementor-column elementor-col-100 elementor-top-column elementor-element elementor-element-84beee8\" data-id=\"84beee8\" data-element_type=\"column\" data-e-type=\"column\">\n\t\t\t<div class=\"elementor-widget-wrap elementor-element-populated\">\n\t\t\t\t\t\t<section class=\"elementor-section elementor-inner-section elementor-element elementor-element-136820a elementor-section-boxed elementor-section-height-default elementor-section-height-default\" data-id=\"136820a\" data-element_type=\"section\" data-e-type=\"section\">\n\t\t\t\t\t\t\t<div class=\"elementor-background-overlay\"><\/div>\n\t\t\t\t\t\t\t<div class=\"elementor-container elementor-column-gap-default\">\n\t\t\t\t\t<div class=\"elementor-column elementor-col-50 elementor-inner-column elementor-element elementor-element-296b59b\" data-id=\"296b59b\" data-element_type=\"column\" data-e-type=\"column\">\n\t\t\t<div class=\"elementor-widget-wrap elementor-element-populated\">\n\t\t\t\t\t\t<div class=\"elementor-element elementor-element-5992709 elementor-widget-divider--separator-type-pattern elementor-widget-divider--view-line elementor-widget elementor-widget-divider\" data-id=\"5992709\" data-element_type=\"widget\" data-e-type=\"widget\" data-widget_type=\"divider.default\">\n\t\t\t\t<div class=\"elementor-widget-container\">\n\t\t\t\t\t\t\t<div class=\"elementor-divider\" style=\"--divider-pattern-url: url(&quot;data:image\/svg+xml,%3Csvg xmlns=&#039;http:\/\/www.w3.org\/2000\/svg&#039; preserveAspectRatio=&#039;none&#039; overflow=&#039;visible&#039; height=&#039;100%&#039; viewBox=&#039;0 0 20 16&#039; fill=&#039;none&#039; stroke=&#039;black&#039; stroke-width=&#039;1&#039; stroke-linecap=&#039;square&#039; stroke-miterlimit=&#039;10&#039;%3E%3Cg transform=&#039;translate(-12.000000, 0)&#039;%3E%3Cpath d=&#039;M28,0L10,18&#039;\/%3E%3Cpath d=&#039;M18,0L0,18&#039;\/%3E%3Cpath d=&#039;M48,0L30,18&#039;\/%3E%3Cpath d=&#039;M38,0L20,18&#039;\/%3E%3C\/g%3E%3C\/svg%3E&quot;);\">\n\t\t\t<span class=\"elementor-divider-separator\">\n\t\t\t\t\t\t<\/span>\n\t\t<\/div>\n\t\t\t\t\t\t<\/div>\n\t\t\t\t<\/div>\n\t\t\t\t<div class=\"elementor-element elementor-element-a32b51f elementor-widget elementor-widget-spacer\" data-id=\"a32b51f\" data-element_type=\"widget\" data-e-type=\"widget\" data-widget_type=\"spacer.default\">\n\t\t\t\t<div class=\"elementor-widget-container\">\n\t\t\t\t\t\t\t<div class=\"elementor-spacer\">\n\t\t\t<div class=\"elementor-spacer-inner\"><\/div>\n\t\t<\/div>\n\t\t\t\t\t\t<\/div>\n\t\t\t\t<\/div>\n\t\t\t\t<div class=\"elementor-element elementor-element-ffd2d90 elementor-widget elementor-widget-text-path\" data-id=\"ffd2d90\" data-element_type=\"widget\" data-e-type=\"widget\" data-settings=\"{&quot;text&quot;:&quot;  Bienvenidos a Comunidad EVELiA &quot;,&quot;align&quot;:&quot;left&quot;,&quot;link&quot;:{&quot;url&quot;:&quot;&quot;,&quot;is_external&quot;:&quot;&quot;,&quot;nofollow&quot;:&quot;&quot;,&quot;custom_attributes&quot;:&quot;&quot;},&quot;start_point&quot;:{&quot;unit&quot;:&quot;%&quot;,&quot;size&quot;:0,&quot;sizes&quot;:[]}}\" data-widget_type=\"text-path.default\">\n\t\t\t\t<div class=\"elementor-widget-container\">\n\t\t\t\t\t\t\t<div class=\"e-text-path\" data-text=\"  Bienvenidos a Comunidad EVELiA \" data-url=\"\/\/www.evelia.unrc.edu.ar\/comunidadevelia\/wp-content\/plugins\/elementor\/assets\/svg-paths\/line.svg\" data-link-url=\"\"><\/div>\n\t\t\t\t\t\t<\/div>\n\t\t\t\t<\/div>\n\t\t\t\t<div class=\"elementor-element elementor-element-0e20847 elementor-widget elementor-widget-text-path\" data-id=\"0e20847\" data-element_type=\"widget\" data-e-type=\"widget\" data-settings=\"{&quot;text&quot;:&quot; Construcci\\u00f3n colaborativa en las Aulas Virtuales&quot;,&quot;align&quot;:&quot;center&quot;,&quot;link&quot;:{&quot;url&quot;:&quot;&quot;,&quot;is_external&quot;:&quot;&quot;,&quot;nofollow&quot;:&quot;&quot;,&quot;custom_attributes&quot;:&quot;&quot;},&quot;start_point&quot;:{&quot;unit&quot;:&quot;%&quot;,&quot;size&quot;:0,&quot;sizes&quot;:[]}}\" data-widget_type=\"text-path.default\">\n\t\t\t\t<div class=\"elementor-widget-container\">\n\t\t\t\t\t\t\t<div class=\"e-text-path\" data-text=\" Construcci&oacute;n colaborativa en las Aulas Virtuales\" data-url=\"\/\/www.evelia.unrc.edu.ar\/comunidadevelia\/wp-content\/plugins\/elementor\/assets\/svg-paths\/line.svg\" data-link-url=\"\"><\/div>\n\t\t\t\t\t\t<\/div>\n\t\t\t\t<\/div>\n\t\t\t\t<div class=\"elementor-element elementor-element-52ded5e elementor-widget elementor-widget-spacer\" data-id=\"52ded5e\" data-element_type=\"widget\" data-e-type=\"widget\" data-widget_type=\"spacer.default\">\n\t\t\t\t<div class=\"elementor-widget-container\">\n\t\t\t\t\t\t\t<div class=\"elementor-spacer\">\n\t\t\t<div class=\"elementor-spacer-inner\"><\/div>\n\t\t<\/div>\n\t\t\t\t\t\t<\/div>\n\t\t\t\t<\/div>\n\t\t\t\t<div class=\"elementor-element elementor-element-75c77f8 elementor-widget-divider--separator-type-pattern elementor-widget-divider--view-line elementor-widget elementor-widget-divider\" data-id=\"75c77f8\" data-element_type=\"widget\" data-e-type=\"widget\" data-widget_type=\"divider.default\">\n\t\t\t\t<div class=\"elementor-widget-container\">\n\t\t\t\t\t\t\t<div class=\"elementor-divider\" style=\"--divider-pattern-url: url(&quot;data:image\/svg+xml,%3Csvg xmlns=&#039;http:\/\/www.w3.org\/2000\/svg&#039; preserveAspectRatio=&#039;none&#039; overflow=&#039;visible&#039; height=&#039;100%&#039; viewBox=&#039;0 0 20 16&#039; fill=&#039;none&#039; stroke=&#039;black&#039; stroke-width=&#039;1&#039; stroke-linecap=&#039;square&#039; stroke-miterlimit=&#039;10&#039;%3E%3Cg transform=&#039;translate(-12.000000, 0)&#039;%3E%3Cpath d=&#039;M28,0L10,18&#039;\/%3E%3Cpath d=&#039;M18,0L0,18&#039;\/%3E%3Cpath d=&#039;M48,0L30,18&#039;\/%3E%3Cpath d=&#039;M38,0L20,18&#039;\/%3E%3C\/g%3E%3C\/svg%3E&quot;);\">\n\t\t\t<span class=\"elementor-divider-separator\">\n\t\t\t\t\t\t<\/span>\n\t\t<\/div>\n\t\t\t\t\t\t<\/div>\n\t\t\t\t<\/div>\n\t\t\t\t\t<\/div>\n\t\t<\/div>\n\t\t\t\t<div class=\"elementor-column elementor-col-50 elementor-inner-column elementor-element elementor-element-8e318f6\" data-id=\"8e318f6\" data-element_type=\"column\" data-e-type=\"column\">\n\t\t\t<div class=\"elementor-widget-wrap elementor-element-populated\">\n\t\t\t\t\t\t<div class=\"elementor-element elementor-element-e0c315a elementor-widget elementor-widget-video\" data-id=\"e0c315a\" data-element_type=\"widget\" data-e-type=\"widget\" data-settings=\"{&quot;youtube_url&quot;:&quot;https:\\\/\\\/www.youtube.com\\\/watch?v=EWO6NJ_rayY&quot;,&quot;start&quot;:0,&quot;video_type&quot;:&quot;youtube&quot;,&quot;controls&quot;:&quot;yes&quot;}\" data-widget_type=\"video.default\">\n\t\t\t\t<div class=\"elementor-widget-container\">\n\t\t\t\t\t\t\t<div class=\"elementor-wrapper elementor-open-inline\">\n\t\t\t<div class=\"elementor-video\"><\/div>\t\t<\/div>\n\t\t\t\t\t\t<\/div>\n\t\t\t\t<\/div>\n\t\t\t\t\t<\/div>\n\t\t<\/div>\n\t\t\t\t\t<\/div>\n\t\t<\/section>\n\t\t\t\t\t<\/div>\n\t\t<\/div>\n\t\t\t\t\t<\/div>\n\t\t<\/section>\n\t\t\t\t<\/div>\n\t\t","protected":false},"excerpt":{"rendered":"<p>Netiquette \u00a0 Buenas pr\u00e1cticas Videotutoriales<\/p>\n","protected":false},"author":2,"featured_media":0,"parent":0,"menu_order":0,"comment_status":"closed","ping_status":"closed","template":"","meta":{"_eb_attr":"","_joinchat":[],"footnotes":""},"class_list":["post-8","page","type-page","status-publish","hentry"],"_links":{"self":[{"href":"https:\/\/www.evelia.unrc.edu.ar\/comunidadevelia\/wp-json\/wp\/v2\/pages\/8","targetHints":{"allow":["GET"]}}],"collection":[{"href":"https:\/\/www.evelia.unrc.edu.ar\/comunidadevelia\/wp-json\/wp\/v2\/pages"}],"about":[{"href":"https:\/\/www.evelia.unrc.edu.ar\/comunidadevelia\/wp-json\/wp\/v2\/types\/page"}],"author":[{"embeddable":true,"href":"https:\/\/www.evelia.unrc.edu.ar\/comunidadevelia\/wp-json\/wp\/v2\/users\/2"}],"replies":[{"embeddable":true,"href":"https:\/\/www.evelia.unrc.edu.ar\/comunidadevelia\/wp-json\/wp\/v2\/comments?post=8"}],"version-history":[{"count":105,"href":"https:\/\/www.evelia.unrc.edu.ar\/comunidadevelia\/wp-json\/wp\/v2\/pages\/8\/revisions"}],"predecessor-version":[{"id":3728,"href":"https:\/\/www.evelia.unrc.edu.ar\/comunidadevelia\/wp-json\/wp\/v2\/pages\/8\/revisions\/3728"}],"wp:attachment":[{"href":"https:\/\/www.evelia.unrc.edu.ar\/comunidadevelia\/wp-json\/wp\/v2\/media?parent=8"}],"curies":[{"name":"wp","href":"https:\/\/api.w.org\/{rel}","templated":true}]}}