{"id":606,"date":"2021-08-30T12:51:42","date_gmt":"2021-08-30T12:51:42","guid":{"rendered":"https:\/\/www.evelia.unrc.edu.ar\/comunidadevelia\/?page_id=606"},"modified":"2021-09-20T14:46:35","modified_gmt":"2021-09-20T14:46:35","slug":"buenas-practicas","status":"publish","type":"page","link":"https:\/\/www.evelia.unrc.edu.ar\/comunidadevelia\/buenas-practicas\/","title":{"rendered":"Buenas pr\u00e1cticas"},"content":{"rendered":"\t\t<div data-elementor-type=\"wp-page\" data-elementor-id=\"606\" class=\"elementor elementor-606\">\n\t\t\t\t\t\t<section class=\"elementor-section elementor-top-section elementor-element elementor-element-a083192 elementor-section-boxed elementor-section-height-default elementor-section-height-default\" data-id=\"a083192\" data-element_type=\"section\" data-e-type=\"section\">\n\t\t\t\t\t\t<div class=\"elementor-container elementor-column-gap-default\">\n\t\t\t\t\t<div class=\"elementor-column elementor-col-100 elementor-top-column elementor-element elementor-element-9731b08\" data-id=\"9731b08\" data-element_type=\"column\" data-e-type=\"column\">\n\t\t\t<div class=\"elementor-widget-wrap elementor-element-populated\">\n\t\t\t\t\t\t<div class=\"elementor-element elementor-element-4f80be0 elementor-widget elementor-widget-image\" data-id=\"4f80be0\" data-element_type=\"widget\" data-e-type=\"widget\" data-widget_type=\"image.default\">\n\t\t\t\t<div class=\"elementor-widget-container\">\n\t\t\t\t\t\t\t\t\t\t\t\t\t\t\t<img fetchpriority=\"high\" decoding=\"async\" width=\"2200\" height=\"554\" src=\"https:\/\/www.evelia.unrc.edu.ar\/comunidadevelia\/wp-content\/uploads\/2021\/09\/BUENAS-PRACTICAS-1.jpg\" class=\"attachment-full size-full wp-image-784\" alt=\"\" srcset=\"https:\/\/www.evelia.unrc.edu.ar\/comunidadevelia\/wp-content\/uploads\/2021\/09\/BUENAS-PRACTICAS-1.jpg 2200w, https:\/\/www.evelia.unrc.edu.ar\/comunidadevelia\/wp-content\/uploads\/2021\/09\/BUENAS-PRACTICAS-1-300x76.jpg 300w, https:\/\/www.evelia.unrc.edu.ar\/comunidadevelia\/wp-content\/uploads\/2021\/09\/BUENAS-PRACTICAS-1-1024x258.jpg 1024w, https:\/\/www.evelia.unrc.edu.ar\/comunidadevelia\/wp-content\/uploads\/2021\/09\/BUENAS-PRACTICAS-1-768x193.jpg 768w, https:\/\/www.evelia.unrc.edu.ar\/comunidadevelia\/wp-content\/uploads\/2021\/09\/BUENAS-PRACTICAS-1-1536x387.jpg 1536w, https:\/\/www.evelia.unrc.edu.ar\/comunidadevelia\/wp-content\/uploads\/2021\/09\/BUENAS-PRACTICAS-1-2048x516.jpg 2048w, https:\/\/www.evelia.unrc.edu.ar\/comunidadevelia\/wp-content\/uploads\/2021\/09\/BUENAS-PRACTICAS-1-600x151.jpg 600w\" sizes=\"(max-width: 2200px) 100vw, 2200px\" \/>\t\t\t\t\t\t\t\t\t\t\t\t\t\t\t<\/div>\n\t\t\t\t<\/div>\n\t\t\t\t\t<\/div>\n\t\t<\/div>\n\t\t\t\t\t<\/div>\n\t\t<\/section>\n\t\t\t\t<section class=\"elementor-section elementor-top-section elementor-element elementor-element-317c112 elementor-section-boxed elementor-section-height-default elementor-section-height-default\" data-id=\"317c112\" data-element_type=\"section\" data-e-type=\"section\">\n\t\t\t\t\t\t<div class=\"elementor-container elementor-column-gap-default\">\n\t\t\t\t\t<div class=\"elementor-column elementor-col-100 elementor-top-column elementor-element elementor-element-54bf75c\" data-id=\"54bf75c\" data-element_type=\"column\" data-e-type=\"column\">\n\t\t\t<div class=\"elementor-widget-wrap elementor-element-populated\">\n\t\t\t\t\t\t<div class=\"elementor-element elementor-element-1dc514f elementor-invisible elementor-widget elementor-widget-accordion\" data-id=\"1dc514f\" data-element_type=\"widget\" data-e-type=\"widget\" data-settings=\"{&quot;_animation&quot;:&quot;fadeIn&quot;}\" data-widget_type=\"accordion.default\">\n\t\t\t\t<div class=\"elementor-widget-container\">\n\t\t\t\t\t\t\t<div class=\"elementor-accordion\">\n\t\t\t\t\t\t\t<div class=\"elementor-accordion-item\">\n\t\t\t\t\t<div id=\"elementor-tab-title-3121\" class=\"elementor-tab-title\" data-tab=\"1\" role=\"button\" aria-controls=\"elementor-tab-content-3121\" aria-expanded=\"false\">\n\t\t\t\t\t\t\t\t\t\t\t\t\t<span class=\"elementor-accordion-icon elementor-accordion-icon-left\" aria-hidden=\"true\">\n\t\t\t\t\t\t\t\t\t\t\t\t\t\t\t<span class=\"elementor-accordion-icon-closed\"><i class=\"fas fa-plus\"><\/i><\/span>\n\t\t\t\t\t\t\t\t<span class=\"elementor-accordion-icon-opened\"><i class=\"fas fa-minus\"><\/i><\/span>\n\t\t\t\t\t\t\t\t\t\t\t\t\t\t<\/span>\n\t\t\t\t\t\t\t\t\t\t\t\t<a class=\"elementor-accordion-title\" tabindex=\"0\">M\u00d3DULOS DE INTERACCI\u00d3N<\/a>\n\t\t\t\t\t<\/div>\n\t\t\t\t\t<div id=\"elementor-tab-content-3121\" class=\"elementor-tab-content elementor-clearfix\" data-tab=\"1\" role=\"region\" aria-labelledby=\"elementor-tab-title-3121\"><p><strong>VIDEOCONFERENCIAS<\/strong> <i class=\"fas fa-video\"><\/i> <br>Aconsejamos que la primera videoconferencia que se realice sea para explicar cuestiones administrativas o metodol\u00f3gicas de la materia, para que tanto docentes como estudiantes puedan familiarizarse con la herramienta. Adem\u00e1s comprobar las cuestiones t\u00e9cnicas de cada uno de los integrantes con el fin de solucionar cualquier inconveniente de la c\u00e1mara, micr\u00f3fono, audio u otros.<br>Se recomienda utilizar salas programadas, el beneficio que otorgan estas salas en comparaci\u00f3n con las permanentes es que ofrecen la opci\u00f3n de grabar, notifican mediante un alerta al estudiante de su realizaci\u00f3n, permiten observar estad\u00edsticas de conexi\u00f3n y tiempo de permanencia. Se sugiere organizar salas que no superen los 50 participantes para poder garantizar una estabilidad en la calidad de la comunicaci\u00f3n. El tiempo de duraci\u00f3n de una videoconferencia es ilimitado.<br>Se sugiere que de no ser necesario, los participantes permanezcan con la c\u00e1mara y el audio desactivado, haciendo uso de ellos solo los disertantes de la videoconferencia.<br>Algo a tener en cuenta es la calidad de la conexi\u00f3n que cada participante pueda experimentar, eso determinar\u00e1 que algunos part\u00edcipes puedan vivenciar inconvenientes particulares o no.<\/p>\n<p><strong>FORO<\/strong> <i class=\"fas fa-users\"><\/i> <br>Se recomienda comentar respecto a un tema, considerando la cantidad de anidaciones (comentarios subordinados). Lo ideal ser\u00eda un tema una anidaci\u00f3n y a lo sumo una segunda anidaci\u00f3n. Si bien es posible realizar m\u00e1s anidaciones, complejiza la lectura.<\/p>\n<p><strong>MENSAJER\u00cdA INTERNA<\/strong> <i class=\"fas fa-envelope-open-text\"><\/i> <br>Recomendamos tener activadas las notificaciones de Mensajer\u00eda Interna para mantenerse al corriente de cuando se reciben nuevos mensajes. Las mismas se reciben en el correo electr\u00f3nico asociado al usuario.<\/p><\/div>\n\t\t\t\t<\/div>\n\t\t\t\t\t\t\t<div class=\"elementor-accordion-item\">\n\t\t\t\t\t<div id=\"elementor-tab-title-3122\" class=\"elementor-tab-title\" data-tab=\"2\" role=\"button\" aria-controls=\"elementor-tab-content-3122\" aria-expanded=\"false\">\n\t\t\t\t\t\t\t\t\t\t\t\t\t<span class=\"elementor-accordion-icon elementor-accordion-icon-left\" aria-hidden=\"true\">\n\t\t\t\t\t\t\t\t\t\t\t\t\t\t\t<span class=\"elementor-accordion-icon-closed\"><i class=\"fas fa-plus\"><\/i><\/span>\n\t\t\t\t\t\t\t\t<span class=\"elementor-accordion-icon-opened\"><i class=\"fas fa-minus\"><\/i><\/span>\n\t\t\t\t\t\t\t\t\t\t\t\t\t\t<\/span>\n\t\t\t\t\t\t\t\t\t\t\t\t<a class=\"elementor-accordion-title\" tabindex=\"0\">M\u00d3DULOS DE INFORMACI\u00d3N<\/a>\n\t\t\t\t\t<\/div>\n\t\t\t\t\t<div id=\"elementor-tab-content-3122\" class=\"elementor-tab-content elementor-clearfix\" data-tab=\"2\" role=\"region\" aria-labelledby=\"elementor-tab-title-3122\"><p><b>NOTICIAS\u00a0<i class=\"far fa-newspaper\"><\/i><\/b><span style=\"font-family: Roboto, sans-serif; font-size: 16px; color: var( --e-global-color-text );\"><br \/>Es favorable que redactemos un mensaje de bienvenida en el aula y expliquemos las herramientas de la misma. (Al incorporar herramientas actualizar el mensaje explicando para que se usar\u00e1 la nueva opci\u00f3n).<\/span><\/p><p><b>PIZARR\u00d3N\u00a0<i class=\"fas fa-chalkboard\"><\/i><\/b> <br \/>Se recomienda utilizar este espacio para explicaciones o cuestiones referidas al contenido que se dicta en la c\u00e1tedra. A diferencia de \u201cNoticias\u201d donde se publican novedades de la materia.<\/p><p><b>PREGUNTAS FRECUENTES\u00a0<i class=\"fas fa-question-circle\"><\/i><\/b><br \/>En Preguntas frecuentes se sugiere que se responda a consultas reiteradas vinculadas al contenido de la materia.<\/p><p><b>CALIFICACIONES\u00a0<i class=\"fas fa-check\"><\/i><\/b><br \/>Sin sugerencias.<\/p><p><b>INFORMACI\u00d3N\u00a0<i class=\"fas fa-clipboard\"><\/i><br \/><\/b><span style=\"font-family: Lato, sans-serif; font-size: 16px; color: var( --e-global-color-text );\">Realizar una explicaci\u00f3n de por qu\u00e9 o para qu\u00e9 se va a usar cada herramienta.<br \/><\/span><span style=\"font-family: Lato, sans-serif; font-size: 16px; color: var( --e-global-color-text );\">En el m\u00f3dulo de Informaci\u00f3n es preferible escribir sobre la metodolog\u00eda que se llevar\u00e1 a cabo en la materia.<\/span><\/p><div>\u00a0<\/div><\/div>\n\t\t\t\t<\/div>\n\t\t\t\t\t\t\t<div class=\"elementor-accordion-item\">\n\t\t\t\t\t<div id=\"elementor-tab-title-3123\" class=\"elementor-tab-title\" data-tab=\"3\" role=\"button\" aria-controls=\"elementor-tab-content-3123\" aria-expanded=\"false\">\n\t\t\t\t\t\t\t\t\t\t\t\t\t<span class=\"elementor-accordion-icon elementor-accordion-icon-left\" aria-hidden=\"true\">\n\t\t\t\t\t\t\t\t\t\t\t\t\t\t\t<span class=\"elementor-accordion-icon-closed\"><i class=\"fas fa-plus\"><\/i><\/span>\n\t\t\t\t\t\t\t\t<span class=\"elementor-accordion-icon-opened\"><i class=\"fas fa-minus\"><\/i><\/span>\n\t\t\t\t\t\t\t\t\t\t\t\t\t\t<\/span>\n\t\t\t\t\t\t\t\t\t\t\t\t<a class=\"elementor-accordion-title\" tabindex=\"0\">M\u00d3DULOS DE ADMINISTRACI\u00d3N<\/a>\n\t\t\t\t\t<\/div>\n\t\t\t\t\t<div id=\"elementor-tab-content-3123\" class=\"elementor-tab-content elementor-clearfix\" data-tab=\"3\" role=\"region\" aria-labelledby=\"elementor-tab-title-3123\"><p><strong>CALENDARIO<\/strong> <i class=\"fas fa-calendar-alt\"><\/i> <br \/>Como buena pr\u00e1ctica se recomienda utilizar oraciones cortas para los eventos del calendario.<br \/><br \/><strong>SECRETAR\u00cdA DEL CAMPUS<\/strong> <i class=\"fas fa-sitemap\"><\/i> <br \/>Disponer solo en el aula\u00a0 las herramientas que vamos a utilizar en este espacio, configurable desde el m\u00f3dulo <strong>Secretar\u00eda<\/strong>.<br \/><br \/><strong>INSCRIPCI\u00d3N ONLINE<\/strong> <i class=\"fas fa-desktop\"><\/i> <br \/><br \/><strong>SOLICITAR AULA VIRTUAL<\/strong> &#8211; <strong>CREACION DE UNA NUEVA AULA VIRTUAL BASADA EN UN AULA ANTERIOR<\/strong> <i class=\"fas fa-plus-square\"><\/i> <br \/><strong>\u00bfPor qu\u00e9 te sugerimos esto?<\/strong><br \/>Desde el equipo hemos observado que algunos docentes al comenzar un nuevo ciclo lectivo, reciclan un aula virtual de la asignatura de un a\u00f1o anterior.<br \/><strong>\u00bfQu\u00e9 inconvenientes puede generar esto?<\/strong>\u00a0<br \/>En principio, le quitamos la posibilidad a los estudiantes que cursaron la materia en esa aula virtual de poder consultarla en un futuro. Por ejemplo, quiz\u00e1s el estudiante no rinde el final ese a\u00f1o y desea m\u00e1s adelante consultar un material, actividad, clase grabada etc. y ya no le ser\u00e1 posible.<br \/>Otra desventaja es que perdemos la trayectoria del estudiante durante la cursada, como as\u00ed tambi\u00e9n las estad\u00edsticas que EVELIA recolect\u00f3 durante el a\u00f1o.<br \/><strong>\u00bfCu\u00e1l es la mejor opci\u00f3n?<\/strong><br \/>Cuando comenzamos un nuevo ciclo lectivo y tenemos una nueva cohorte de la materia que ense\u00f1amos, accedemos a EVELIA, nos dirigimos al m\u00f3dulo \u201cSolicitar aula virtual\u201d, seleccionamos \u201cCopiar de un aula anterior\u201d; y elegimos el aula a clonar. La ventaja de utilizar \u00abCopiar de un aula anterior\u00bb es que importa todos los datos que ya hab\u00edamos cargado en el aula anterior, y solo nos resta confirmar los datos seg\u00fan la necesidad actual para la nueva aula. <strong>De este modo ahorramos tiempo y trabajo.<\/strong><br \/>Completamos los datos de la asignatura y despu\u00e9s tildamos los m\u00f3dulos\/herramientas que deseamos habilitar en esta nueva aula (materiales, actividades, foros, etc.),\u00a0definimos el equipo docente, seg\u00fan los requisitos.<br \/>Luego creamos las comisiones.\u00a0En el siguiente paso elegimos los contenidos que deseamos reutilizar de cada m\u00f3dulo. Por ejemplo: actividades, materiales, evaluaciones, etc. Por \u00faltimo, indicamos la comisi\u00f3n destino para migrar la informaci\u00f3n que se encuentre en cada comisi\u00f3n del aula origen y enviamos solicitud.<\/p><\/div>\n\t\t\t\t<\/div>\n\t\t\t\t\t\t\t<div class=\"elementor-accordion-item\">\n\t\t\t\t\t<div id=\"elementor-tab-title-3124\" class=\"elementor-tab-title\" data-tab=\"4\" role=\"button\" aria-controls=\"elementor-tab-content-3124\" aria-expanded=\"false\">\n\t\t\t\t\t\t\t\t\t\t\t\t\t<span class=\"elementor-accordion-icon elementor-accordion-icon-left\" aria-hidden=\"true\">\n\t\t\t\t\t\t\t\t\t\t\t\t\t\t\t<span class=\"elementor-accordion-icon-closed\"><i class=\"fas fa-plus\"><\/i><\/span>\n\t\t\t\t\t\t\t\t<span class=\"elementor-accordion-icon-opened\"><i class=\"fas fa-minus\"><\/i><\/span>\n\t\t\t\t\t\t\t\t\t\t\t\t\t\t<\/span>\n\t\t\t\t\t\t\t\t\t\t\t\t<a class=\"elementor-accordion-title\" tabindex=\"0\">M\u00d3DULO DE CONTENIDOS<\/a>\n\t\t\t\t\t<\/div>\n\t\t\t\t\t<div id=\"elementor-tab-content-3124\" class=\"elementor-tab-content elementor-clearfix\" data-tab=\"4\" role=\"region\" aria-labelledby=\"elementor-tab-title-3124\"><p><strong>MATERIALES<\/strong> <i class=\"fas fa-book-open\"><\/i> <br \/>En el m\u00f3dulo de <strong>Materiales<\/strong> se puede crear una carpeta con los documentos\/fotos\/videos descargados de otras plataformas. Por ejemplo,\u00a0 se debe ser cuidadoso con los elementos embebidos o incrustados (videos de Youtube u otras plataformas), ya que al ser incrustado, no funciona el Cero Rating (libre consumo de datos).<br \/><br \/><strong>EVALUACIONES<\/strong> <i class=\"fas fa-tasks\"><\/i> <br \/>Antes de la realizaci\u00f3n de un examen en el m\u00f3dulo <strong>Evaluaciones<\/strong>, recomendamos hacer un simulacro con los estudiantes. Para evitar errores o confusiones t\u00e9cnicas al momento de la evaluaci\u00f3n. (Ejemplo: que los estudiantes puedan conocer c\u00f3mo funcionan las preguntas de m\u00faltiple opci\u00f3n, las preguntas abiertas, etc.)\u00a0<br \/><br \/><strong>ACTIVIDADES<\/strong> <i class=\"fas fa-copy\"><\/i><\/p><\/div>\n\t\t\t\t<\/div>\n\t\t\t\t\t\t\t\t<\/div>\n\t\t\t\t\t\t<\/div>\n\t\t\t\t<\/div>\n\t\t\t\t\t<\/div>\n\t\t<\/div>\n\t\t\t\t\t<\/div>\n\t\t<\/section>\n\t\t\t\t<\/div>\n\t\t","protected":false},"excerpt":{"rendered":"<p>M\u00d3DULOS DE INTERACCI\u00d3N VIDEOCONFERENCIAS Aconsejamos que la primera videoconferencia que se realice sea para explicar cuestiones administrativas o metodol\u00f3gicas de la materia, para que tanto docentes como estudiantes puedan familiarizarse con la herramienta. Adem\u00e1s comprobar las cuestiones t\u00e9cnicas de cada<\/p>\n","protected":false},"author":2,"featured_media":0,"parent":0,"menu_order":0,"comment_status":"closed","ping_status":"closed","template":"","meta":{"_eb_attr":"Helvetica","_joinchat":[],"footnotes":""},"class_list":["post-606","page","type-page","status-publish","hentry"],"_links":{"self":[{"href":"https:\/\/www.evelia.unrc.edu.ar\/comunidadevelia\/wp-json\/wp\/v2\/pages\/606","targetHints":{"allow":["GET"]}}],"collection":[{"href":"https:\/\/www.evelia.unrc.edu.ar\/comunidadevelia\/wp-json\/wp\/v2\/pages"}],"about":[{"href":"https:\/\/www.evelia.unrc.edu.ar\/comunidadevelia\/wp-json\/wp\/v2\/types\/page"}],"author":[{"embeddable":true,"href":"https:\/\/www.evelia.unrc.edu.ar\/comunidadevelia\/wp-json\/wp\/v2\/users\/2"}],"replies":[{"embeddable":true,"href":"https:\/\/www.evelia.unrc.edu.ar\/comunidadevelia\/wp-json\/wp\/v2\/comments?post=606"}],"version-history":[{"count":122,"href":"https:\/\/www.evelia.unrc.edu.ar\/comunidadevelia\/wp-json\/wp\/v2\/pages\/606\/revisions"}],"predecessor-version":[{"id":1262,"href":"https:\/\/www.evelia.unrc.edu.ar\/comunidadevelia\/wp-json\/wp\/v2\/pages\/606\/revisions\/1262"}],"wp:attachment":[{"href":"https:\/\/www.evelia.unrc.edu.ar\/comunidadevelia\/wp-json\/wp\/v2\/media?parent=606"}],"curies":[{"name":"wp","href":"https:\/\/api.w.org\/{rel}","templated":true}]}}