{"id":604,"date":"2021-08-30T12:51:24","date_gmt":"2021-08-30T12:51:24","guid":{"rendered":"https:\/\/www.evelia.unrc.edu.ar\/comunidadevelia\/?page_id=604"},"modified":"2022-04-04T17:42:26","modified_gmt":"2022-04-04T17:42:26","slug":"netiquette","status":"publish","type":"page","link":"https:\/\/www.evelia.unrc.edu.ar\/comunidadevelia\/netiquette\/","title":{"rendered":"Netiquette"},"content":{"rendered":"\t\t<div data-elementor-type=\"wp-page\" data-elementor-id=\"604\" class=\"elementor elementor-604\">\n\t\t\t\t\t\t<section class=\"elementor-section elementor-top-section elementor-element elementor-element-2098fc24 elementor-section-boxed elementor-section-height-default elementor-section-height-default\" data-id=\"2098fc24\" data-element_type=\"section\" data-e-type=\"section\">\n\t\t\t\t\t\t<div class=\"elementor-container elementor-column-gap-default\">\n\t\t\t\t\t<div class=\"elementor-column elementor-col-100 elementor-top-column elementor-element elementor-element-6e79e3a0\" data-id=\"6e79e3a0\" data-element_type=\"column\" data-e-type=\"column\">\n\t\t\t<div class=\"elementor-widget-wrap elementor-element-populated\">\n\t\t\t\t\t\t<div class=\"elementor-element elementor-element-4346b204 elementor-widget elementor-widget-text-editor\" data-id=\"4346b204\" data-element_type=\"widget\" data-e-type=\"widget\" data-widget_type=\"text-editor.default\">\n\t\t\t\t<div class=\"elementor-widget-container\">\n\t\t\t\t\t\t\t\t\t<p><\/p>\n<figure class=\"wp-block-image alignfull size-full\"><img fetchpriority=\"high\" decoding=\"async\" width=\"2200\" height=\"554\" class=\"wp-image-797\" src=\"https:\/\/www.evelia.unrc.edu.ar\/comunidadevelia\/wp-content\/uploads\/2021\/09\/NETIQUETTE.jpg\" alt=\"\" srcset=\"https:\/\/www.evelia.unrc.edu.ar\/comunidadevelia\/wp-content\/uploads\/2021\/09\/NETIQUETTE.jpg 2200w, https:\/\/www.evelia.unrc.edu.ar\/comunidadevelia\/wp-content\/uploads\/2021\/09\/NETIQUETTE-300x76.jpg 300w, https:\/\/www.evelia.unrc.edu.ar\/comunidadevelia\/wp-content\/uploads\/2021\/09\/NETIQUETTE-1024x258.jpg 1024w, https:\/\/www.evelia.unrc.edu.ar\/comunidadevelia\/wp-content\/uploads\/2021\/09\/NETIQUETTE-768x193.jpg 768w, https:\/\/www.evelia.unrc.edu.ar\/comunidadevelia\/wp-content\/uploads\/2021\/09\/NETIQUETTE-1536x387.jpg 1536w, https:\/\/www.evelia.unrc.edu.ar\/comunidadevelia\/wp-content\/uploads\/2021\/09\/NETIQUETTE-2048x516.jpg 2048w, https:\/\/www.evelia.unrc.edu.ar\/comunidadevelia\/wp-content\/uploads\/2021\/09\/NETIQUETTE-600x151.jpg 600w\" sizes=\"(max-width: 2200px) 100vw, 2200px\" \/> Netiquette es una palabra francesa que alude a las \u00abnormas de comportamiento en internet\u00bb.<\/figure>\n<p><\/p>\n<p><\/p>\n<div class=\"wp-block-columns is-layout-flex wp-container-core-columns-is-layout-9d6595d7 wp-block-columns-is-layout-flex\">\n<p><\/p>\n<div class=\"wp-block-column is-layout-flow wp-block-column-is-layout-flow\" style=\"flex-basis: 33.33%;\">\n<p><\/p>\n<div class=\"wp-block-image is-style-default\">\n<figure class=\"alignright size-large is-resized\"><img decoding=\"async\" class=\"wp-image-938\" src=\"https:\/\/www.evelia.unrc.edu.ar\/comunidadevelia\/wp-content\/uploads\/2021\/09\/social-media-5187243-01-1024x656.png\" alt=\"\" width=\"304\" height=\"194\" srcset=\"https:\/\/www.evelia.unrc.edu.ar\/comunidadevelia\/wp-content\/uploads\/2021\/09\/social-media-5187243-01-1024x656.png 1024w, https:\/\/www.evelia.unrc.edu.ar\/comunidadevelia\/wp-content\/uploads\/2021\/09\/social-media-5187243-01-300x192.png 300w, https:\/\/www.evelia.unrc.edu.ar\/comunidadevelia\/wp-content\/uploads\/2021\/09\/social-media-5187243-01-768x492.png 768w, https:\/\/www.evelia.unrc.edu.ar\/comunidadevelia\/wp-content\/uploads\/2021\/09\/social-media-5187243-01-1536x984.png 1536w, https:\/\/www.evelia.unrc.edu.ar\/comunidadevelia\/wp-content\/uploads\/2021\/09\/social-media-5187243-01-2048x1313.png 2048w, https:\/\/www.evelia.unrc.edu.ar\/comunidadevelia\/wp-content\/uploads\/2021\/09\/social-media-5187243-01-600x385.png 600w\" sizes=\"(max-width: 304px) 100vw, 304px\" \/><\/figure>\n<\/div>\n<p><\/p>\n<p><\/p>\n<p>\u00a0<\/p>\n<p><\/p>\n<\/div>\n<p><\/p>\n<p><\/p>\n<div class=\"wp-block-column is-layout-flow wp-block-column-is-layout-flow\" style=\"flex-basis: 66.66%;\">\n<p><\/p>\n<blockquote class=\"wp-block-quote is-style-default is-layout-flow wp-block-quote-is-layout-flow\">\n<p>\u00a0<\/p>\n<p>Pensar la interacci\u00f3n virtual como si fuera una interacci\u00f3n presencial. Respetando las normas de comportamiento que habitualmente utilizamos para vivir en sociedad. Humanizar la comunicaci\u00f3n digital entendiendo el contexto, las particularidades y diferencias, asumiendo un rol emp\u00e1tico.<\/p>\n<p><cite>Netiquette n\u00b01<\/cite><\/p>\n<p>\u00a0<\/p>\n<\/blockquote>\n<p><\/p>\n<p><\/p>\n<p>\u00a0<\/p>\n<p><\/p>\n<\/div>\n<p><\/p>\n<\/div>\n<p><\/p>\n<p><\/p>\n<div class=\"wp-block-columns is-layout-flex wp-container-core-columns-is-layout-9d6595d7 wp-block-columns-is-layout-flex\">\n<p><\/p>\n<div class=\"wp-block-column is-layout-flow wp-block-column-is-layout-flow\" style=\"flex-basis: 33.33%;\">\n<p><\/p>\n<div class=\"wp-block-image is-style-default\">\n<figure class=\"alignright size-large is-resized\"><img decoding=\"async\" class=\"wp-image-943\" src=\"https:\/\/www.evelia.unrc.edu.ar\/comunidadevelia\/wp-content\/uploads\/2021\/09\/m-02-1024x579.jpg\" alt=\"\" width=\"304\" height=\"172\" srcset=\"https:\/\/www.evelia.unrc.edu.ar\/comunidadevelia\/wp-content\/uploads\/2021\/09\/m-02-1024x579.jpg 1024w, https:\/\/www.evelia.unrc.edu.ar\/comunidadevelia\/wp-content\/uploads\/2021\/09\/m-02-300x169.jpg 300w, https:\/\/www.evelia.unrc.edu.ar\/comunidadevelia\/wp-content\/uploads\/2021\/09\/m-02-768x434.jpg 768w, https:\/\/www.evelia.unrc.edu.ar\/comunidadevelia\/wp-content\/uploads\/2021\/09\/m-02-1536x868.jpg 1536w, https:\/\/www.evelia.unrc.edu.ar\/comunidadevelia\/wp-content\/uploads\/2021\/09\/m-02-2048x1157.jpg 2048w, https:\/\/www.evelia.unrc.edu.ar\/comunidadevelia\/wp-content\/uploads\/2021\/09\/m-02-600x339.jpg 600w\" sizes=\"(max-width: 304px) 100vw, 304px\" \/><\/figure>\n<\/div>\n<p><\/p>\n<\/div>\n<p><\/p>\n<p><\/p>\n<div class=\"wp-block-column is-layout-flow wp-block-column-is-layout-flow\" style=\"flex-basis: 66.66%;\">\n<p><\/p>\n<blockquote class=\"wp-block-quote is-layout-flow wp-block-quote-is-layout-flow\">\n<p>\u00a0<\/p>\n<p>Respetar los tiempos laborales\/de estudio de cada persona, los horarios de disponibilidad de conexi\u00f3n. La claridad y concisi\u00f3n en el mensaje aportan a una comunicaci\u00f3n efectiva.<\/p>\n<p><cite>Netiquette n\u00b02<\/cite><\/p>\n<p>\u00a0<\/p>\n<\/blockquote>\n<p><\/p>\n<p><\/p>\n<p>\u00a0<\/p>\n<p><\/p>\n<p><\/p>\n<p>\u00a0<\/p>\n<p><\/p>\n<\/div>\n<p><\/p>\n<\/div>\n<p><\/p>\n<p><\/p>\n<div class=\"wp-block-columns is-layout-flex wp-container-core-columns-is-layout-9d6595d7 wp-block-columns-is-layout-flex\">\n<p><\/p>\n<div class=\"wp-block-column is-layout-flow wp-block-column-is-layout-flow\" style=\"flex-basis: 33.33%;\">\n<p><\/p>\n<div class=\"wp-block-image is-style-default\">\n<figure class=\"alignright size-large is-resized\"><img loading=\"lazy\" decoding=\"async\" class=\"wp-image-951\" src=\"https:\/\/www.evelia.unrc.edu.ar\/comunidadevelia\/wp-content\/uploads\/2021\/09\/developer-3461405-02-1024x579.jpg\" alt=\"\" width=\"300\" height=\"169\" srcset=\"https:\/\/www.evelia.unrc.edu.ar\/comunidadevelia\/wp-content\/uploads\/2021\/09\/developer-3461405-02-1024x579.jpg 1024w, https:\/\/www.evelia.unrc.edu.ar\/comunidadevelia\/wp-content\/uploads\/2021\/09\/developer-3461405-02-300x169.jpg 300w, https:\/\/www.evelia.unrc.edu.ar\/comunidadevelia\/wp-content\/uploads\/2021\/09\/developer-3461405-02-768x434.jpg 768w, https:\/\/www.evelia.unrc.edu.ar\/comunidadevelia\/wp-content\/uploads\/2021\/09\/developer-3461405-02-1536x868.jpg 1536w, https:\/\/www.evelia.unrc.edu.ar\/comunidadevelia\/wp-content\/uploads\/2021\/09\/developer-3461405-02-2048x1157.jpg 2048w, https:\/\/www.evelia.unrc.edu.ar\/comunidadevelia\/wp-content\/uploads\/2021\/09\/developer-3461405-02-600x339.jpg 600w\" sizes=\"(max-width: 300px) 100vw, 300px\" \/><\/figure>\n<\/div>\n<p><\/p>\n<\/div>\n<p><\/p>\n<p><\/p>\n<div class=\"wp-block-column is-layout-flow wp-block-column-is-layout-flow\" style=\"flex-basis: 66.66%;\">\n<p><\/p>\n<blockquote class=\"wp-block-quote is-layout-flow wp-block-quote-is-layout-flow\">\n<p>\u00a0<\/p>\n<p>\u00a0<\/p>\n<p>Ser consciente de la brecha digital en cuanto al acceso y el uso de las tecnolog\u00edas de la informaci\u00f3n y la comunicaci\u00f3n. Respetando que no todos los usuarios poseen las mismas oportunidades.<\/p>\n<p><cite>Netiquette n\u00b03<\/cite><\/p>\n<p>\u00a0<\/p>\n<\/blockquote>\n<p><\/p>\n<p><\/p>\n<p>\u00a0<\/p>\n<p><\/p>\n<\/div>\n<p><\/p>\n<\/div>\n<p><\/p>\n<p><\/p>\n<div class=\"wp-block-columns is-layout-flex wp-container-core-columns-is-layout-9d6595d7 wp-block-columns-is-layout-flex\">\n<p><\/p>\n<div class=\"wp-block-column is-layout-flow wp-block-column-is-layout-flow\" style=\"flex-basis: 33.33%;\">\n<p><\/p>\n<div class=\"wp-block-image is-style-default\">\n<figure class=\"alignright size-full is-resized\"><img loading=\"lazy\" decoding=\"async\" class=\"wp-image-884\" src=\"https:\/\/www.evelia.unrc.edu.ar\/comunidadevelia\/wp-content\/uploads\/2021\/09\/students-5542994.png\" alt=\"\" width=\"301\" height=\"192\" srcset=\"https:\/\/www.evelia.unrc.edu.ar\/comunidadevelia\/wp-content\/uploads\/2021\/09\/students-5542994.png 5000w, https:\/\/www.evelia.unrc.edu.ar\/comunidadevelia\/wp-content\/uploads\/2021\/09\/students-5542994-300x192.png 300w, https:\/\/www.evelia.unrc.edu.ar\/comunidadevelia\/wp-content\/uploads\/2021\/09\/students-5542994-1024x655.png 1024w, https:\/\/www.evelia.unrc.edu.ar\/comunidadevelia\/wp-content\/uploads\/2021\/09\/students-5542994-768x492.png 768w, https:\/\/www.evelia.unrc.edu.ar\/comunidadevelia\/wp-content\/uploads\/2021\/09\/students-5542994-1536x983.png 1536w, https:\/\/www.evelia.unrc.edu.ar\/comunidadevelia\/wp-content\/uploads\/2021\/09\/students-5542994-2048x1311.png 2048w, https:\/\/www.evelia.unrc.edu.ar\/comunidadevelia\/wp-content\/uploads\/2021\/09\/students-5542994-600x384.png 600w\" sizes=\"(max-width: 301px) 100vw, 301px\" \/><\/figure>\n<\/div>\n<p><\/p>\n<\/div>\n<p><\/p>\n<p><\/p>\n<div class=\"wp-block-column is-layout-flow wp-block-column-is-layout-flow\" style=\"flex-basis: 66.66%;\">\n<p><\/p>\n<blockquote class=\"wp-block-quote is-layout-flow wp-block-quote-is-layout-flow\">\n<p>\u00a0<\/p>\n<p>\u00a0<\/p>\n<p>Comprender las asimetr\u00edas de conocimientos tecnol\u00f3gicos para llevar adelante la interacci\u00f3n. Recomendamos compartir saberes respecto a la tem\u00e1tica con el fin de ense\u00f1ar y aprender en la virtualidad de manera solidaria.<\/p>\n<p><cite>Netiquette n\u00b04<\/cite><\/p>\n<p>\u00a0<\/p>\n<\/blockquote>\n<p><\/p>\n<p><\/p>\n<p>\u00a0<\/p>\n<p><\/p>\n<\/div>\n<p><\/p>\n<\/div>\n<p><\/p>\n<p><\/p>\n<div class=\"wp-block-columns is-layout-flex wp-container-core-columns-is-layout-9d6595d7 wp-block-columns-is-layout-flex\">\n<p><\/p>\n<div class=\"wp-block-column is-layout-flow wp-block-column-is-layout-flow\" style=\"flex-basis: 33.33%;\">\n<p><\/p>\n<div class=\"wp-block-image is-style-default\">\n<figure class=\"alignright size-large is-resized\"><img loading=\"lazy\" decoding=\"async\" class=\"wp-image-954\" src=\"https:\/\/www.evelia.unrc.edu.ar\/comunidadevelia\/wp-content\/uploads\/2021\/09\/woman-3198772-02-1024x579.jpg\" alt=\"\" width=\"298\" height=\"168\" srcset=\"https:\/\/www.evelia.unrc.edu.ar\/comunidadevelia\/wp-content\/uploads\/2021\/09\/woman-3198772-02-1024x579.jpg 1024w, https:\/\/www.evelia.unrc.edu.ar\/comunidadevelia\/wp-content\/uploads\/2021\/09\/woman-3198772-02-300x169.jpg 300w, https:\/\/www.evelia.unrc.edu.ar\/comunidadevelia\/wp-content\/uploads\/2021\/09\/woman-3198772-02-768x434.jpg 768w, https:\/\/www.evelia.unrc.edu.ar\/comunidadevelia\/wp-content\/uploads\/2021\/09\/woman-3198772-02-1536x868.jpg 1536w, https:\/\/www.evelia.unrc.edu.ar\/comunidadevelia\/wp-content\/uploads\/2021\/09\/woman-3198772-02-2048x1157.jpg 2048w, https:\/\/www.evelia.unrc.edu.ar\/comunidadevelia\/wp-content\/uploads\/2021\/09\/woman-3198772-02-600x339.jpg 600w\" sizes=\"(max-width: 298px) 100vw, 298px\" \/><\/figure>\n<\/div>\n<p><\/p>\n<\/div>\n<p><\/p>\n<p><\/p>\n<div class=\"wp-block-column is-layout-flow wp-block-column-is-layout-flow\" style=\"flex-basis: 66.66%;\">\n<p><\/p>\n<blockquote class=\"wp-block-quote is-layout-flow wp-block-quote-is-layout-flow\">\n<p>\u00a0<\/p>\n<p>\u00a0<\/p>\n<p>Se recomienda utilizar los medios de comunicaci\u00f3n institucionales, cuentas de correo, tel\u00e9fonos, redes sociales, con fines laborales\/ educativos y no as\u00ed para cuestiones personales..<\/p>\n<p><cite>Netiquette n\u00b05<\/cite><\/p>\n<p>\u00a0<\/p>\n<\/blockquote>\n<p><\/p>\n<p><\/p>\n<p>\u00a0<\/p>\n<p><\/p>\n<\/div>\n<p><\/p>\n<\/div>\n<p><\/p>\n<p><\/p>\n<div class=\"wp-block-columns is-layout-flex wp-container-core-columns-is-layout-9d6595d7 wp-block-columns-is-layout-flex\">\n<p><\/p>\n<div class=\"wp-block-column is-layout-flow wp-block-column-is-layout-flow\" style=\"flex-basis: 33.33%;\">\n<p><\/p>\n<div class=\"wp-block-image is-style-default\">\n<figure class=\"alignright size-large is-resized\"><img loading=\"lazy\" decoding=\"async\" class=\"wp-image-957\" src=\"https:\/\/www.evelia.unrc.edu.ar\/comunidadevelia\/wp-content\/uploads\/2021\/09\/girl-4592925-01-1024x656.jpg\" alt=\"\" width=\"301\" height=\"193\" srcset=\"https:\/\/www.evelia.unrc.edu.ar\/comunidadevelia\/wp-content\/uploads\/2021\/09\/girl-4592925-01-1024x656.jpg 1024w, https:\/\/www.evelia.unrc.edu.ar\/comunidadevelia\/wp-content\/uploads\/2021\/09\/girl-4592925-01-300x192.jpg 300w, https:\/\/www.evelia.unrc.edu.ar\/comunidadevelia\/wp-content\/uploads\/2021\/09\/girl-4592925-01-768x492.jpg 768w, https:\/\/www.evelia.unrc.edu.ar\/comunidadevelia\/wp-content\/uploads\/2021\/09\/girl-4592925-01-1536x984.jpg 1536w, https:\/\/www.evelia.unrc.edu.ar\/comunidadevelia\/wp-content\/uploads\/2021\/09\/girl-4592925-01-2048x1313.jpg 2048w, https:\/\/www.evelia.unrc.edu.ar\/comunidadevelia\/wp-content\/uploads\/2021\/09\/girl-4592925-01-600x385.jpg 600w\" sizes=\"(max-width: 301px) 100vw, 301px\" \/><\/figure>\n<\/div>\n<p><\/p>\n<\/div>\n<p><\/p>\n<p><\/p>\n<div class=\"wp-block-column is-layout-flow wp-block-column-is-layout-flow\" style=\"flex-basis: 66.66%;\">\n<p><\/p>\n<blockquote class=\"wp-block-quote is-layout-flow wp-block-quote-is-layout-flow\">\n<p>\u00a0<\/p>\n<p>\u00a0<\/p>\n<p>Adaptarse a la cultura institucional y a las normas de estilo del interlocutor o espacio al que se dirige. Ejemplo: Nos dirigimos de una forma diferente cuando le escribimos un correo a un compa\u00f1ero de cursada que si escribimos a una secretar\u00eda de la Universidad, donde el di\u00e1logo es m\u00e1s formal.<\/p>\n<p><cite>Netiquette n\u00b06<\/cite><\/p>\n<p>\u00a0<\/p>\n<\/blockquote>\n<p><\/p>\n<p><\/p>\n<p>\u00a0<\/p>\n<p><\/p>\n<\/div>\n<p><\/p>\n<\/div>\n<p><\/p>\n<p><\/p>\n<div class=\"wp-block-columns is-layout-flex wp-container-core-columns-is-layout-9d6595d7 wp-block-columns-is-layout-flex\">\n<p><\/p>\n<div class=\"wp-block-column is-layout-flow wp-block-column-is-layout-flow\" style=\"flex-basis: 33.33%;\">\n<p><\/p>\n<div class=\"wp-block-image is-style-default\">\n<figure class=\"alignright size-large is-resized\"><img loading=\"lazy\" decoding=\"async\" class=\"wp-image-902\" src=\"https:\/\/www.evelia.unrc.edu.ar\/comunidadevelia\/wp-content\/uploads\/2021\/09\/sms-5320930-1024x775.jpg\" alt=\"\" width=\"296\" height=\"223\" srcset=\"https:\/\/www.evelia.unrc.edu.ar\/comunidadevelia\/wp-content\/uploads\/2021\/09\/sms-5320930-1024x775.jpg 1024w, https:\/\/www.evelia.unrc.edu.ar\/comunidadevelia\/wp-content\/uploads\/2021\/09\/sms-5320930-300x227.jpg 300w, https:\/\/www.evelia.unrc.edu.ar\/comunidadevelia\/wp-content\/uploads\/2021\/09\/sms-5320930-768x581.jpg 768w, https:\/\/www.evelia.unrc.edu.ar\/comunidadevelia\/wp-content\/uploads\/2021\/09\/sms-5320930-1536x1162.jpg 1536w, https:\/\/www.evelia.unrc.edu.ar\/comunidadevelia\/wp-content\/uploads\/2021\/09\/sms-5320930-2048x1550.jpg 2048w, https:\/\/www.evelia.unrc.edu.ar\/comunidadevelia\/wp-content\/uploads\/2021\/09\/sms-5320930-600x454.jpg 600w\" sizes=\"(max-width: 296px) 100vw, 296px\" \/><\/figure>\n<\/div>\n<p><\/p>\n<\/div>\n<p><\/p>\n<p><\/p>\n<div class=\"wp-block-column is-layout-flow wp-block-column-is-layout-flow\" style=\"flex-basis: 66.66%;\">\n<p><\/p>\n<blockquote class=\"wp-block-quote is-layout-flow wp-block-quote-is-layout-flow\">\n<p>\u00a0<\/p>\n<p>\u00a0<\/p>\n<p>Respetar las opiniones y los comentarios de todos los usuarios aceptando las diferencias. Comprender que en la virtualidad la comunicaci\u00f3n no verbal, que nos ayuda a interpretar la intenci\u00f3n de los mensajes, puede no estar presente, generando confusiones. Por lo cual, evitar el uso de los mensajes\/ frases fuera de contexto que puedan ser mal interpretados.<\/p>\n<p><cite>Netiquette n\u00b07<\/cite><\/p>\n<p>\u00a0<\/p>\n<\/blockquote>\n<p><\/p>\n<p><\/p>\n<p>\u00a0<\/p>\n<p><\/p>\n<\/div>\n<p><\/p>\n<\/div>\n<p><\/p>\n<p><\/p>\n<div class=\"wp-block-columns is-layout-flex wp-container-core-columns-is-layout-9d6595d7 wp-block-columns-is-layout-flex\">\n<p><\/p>\n<div class=\"wp-block-column is-layout-flow wp-block-column-is-layout-flow\" style=\"flex-basis: 33.33%;\">\n<p><\/p>\n<div class=\"wp-block-image is-style-default\">\n<figure class=\"alignright size-large is-resized\"><img loading=\"lazy\" decoding=\"async\" class=\"wp-image-960\" src=\"https:\/\/www.evelia.unrc.edu.ar\/comunidadevelia\/wp-content\/uploads\/2021\/09\/hijab-3161849-01-1024x656.jpg\" alt=\"\" width=\"292\" height=\"186\" srcset=\"https:\/\/www.evelia.unrc.edu.ar\/comunidadevelia\/wp-content\/uploads\/2021\/09\/hijab-3161849-01-1024x656.jpg 1024w, https:\/\/www.evelia.unrc.edu.ar\/comunidadevelia\/wp-content\/uploads\/2021\/09\/hijab-3161849-01-300x192.jpg 300w, https:\/\/www.evelia.unrc.edu.ar\/comunidadevelia\/wp-content\/uploads\/2021\/09\/hijab-3161849-01-768x492.jpg 768w, https:\/\/www.evelia.unrc.edu.ar\/comunidadevelia\/wp-content\/uploads\/2021\/09\/hijab-3161849-01-1536x984.jpg 1536w, https:\/\/www.evelia.unrc.edu.ar\/comunidadevelia\/wp-content\/uploads\/2021\/09\/hijab-3161849-01-2048x1313.jpg 2048w, https:\/\/www.evelia.unrc.edu.ar\/comunidadevelia\/wp-content\/uploads\/2021\/09\/hijab-3161849-01-600x385.jpg 600w\" sizes=\"(max-width: 292px) 100vw, 292px\" \/><\/figure>\n<\/div>\n<p><\/p>\n<\/div>\n<p><\/p>\n<p><\/p>\n<div class=\"wp-block-column is-layout-flow wp-block-column-is-layout-flow\" style=\"flex-basis: 66.66%;\">\n<p><\/p>\n<blockquote class=\"wp-block-quote is-layout-flow wp-block-quote-is-layout-flow\">\n<p>\u00a0<\/p>\n<p>\u00a0<\/p>\n<p>Escribir de manera correcta respetando las reglas ortogr\u00e1ficas del lenguaje. As\u00ed mismo comprender los errores ajenos involuntarios. Respetar la forma de expresarse de cada persona, entendiendo las diversidades culturales, sociales y pol\u00edticas.<\/p>\n<p><cite>Netiquette n\u00b08<\/cite><\/p>\n<p>\u00a0<\/p>\n<\/blockquote>\n<p><\/p>\n<p><\/p>\n<p>\u00a0<\/p>\n<p><\/p>\n<\/div>\n<p><\/p>\n<\/div>\n<p><\/p>\n<p><\/p>\n<div class=\"wp-block-columns is-layout-flex wp-container-core-columns-is-layout-9d6595d7 wp-block-columns-is-layout-flex\">\n<p><\/p>\n<div class=\"wp-block-column is-layout-flow wp-block-column-is-layout-flow\" style=\"flex-basis: 33.33%;\">\n<p><\/p>\n<div class=\"wp-block-image is-style-default\">\n<figure class=\"alignright size-large is-resized\"><img loading=\"lazy\" decoding=\"async\" class=\"wp-image-970\" src=\"https:\/\/www.evelia.unrc.edu.ar\/comunidadevelia\/wp-content\/uploads\/2021\/09\/social-media-5758259-02-02-1024x506.jpg\" alt=\"\" width=\"290\" height=\"143\" srcset=\"https:\/\/www.evelia.unrc.edu.ar\/comunidadevelia\/wp-content\/uploads\/2021\/09\/social-media-5758259-02-02-1024x506.jpg 1024w, https:\/\/www.evelia.unrc.edu.ar\/comunidadevelia\/wp-content\/uploads\/2021\/09\/social-media-5758259-02-02-300x148.jpg 300w, https:\/\/www.evelia.unrc.edu.ar\/comunidadevelia\/wp-content\/uploads\/2021\/09\/social-media-5758259-02-02-768x379.jpg 768w, https:\/\/www.evelia.unrc.edu.ar\/comunidadevelia\/wp-content\/uploads\/2021\/09\/social-media-5758259-02-02-1536x759.jpg 1536w, https:\/\/www.evelia.unrc.edu.ar\/comunidadevelia\/wp-content\/uploads\/2021\/09\/social-media-5758259-02-02-2048x1012.jpg 2048w, https:\/\/www.evelia.unrc.edu.ar\/comunidadevelia\/wp-content\/uploads\/2021\/09\/social-media-5758259-02-02-600x296.jpg 600w\" sizes=\"(max-width: 290px) 100vw, 290px\" \/><\/figure>\n<\/div>\n<p><\/p>\n<\/div>\n<p><\/p>\n<p><\/p>\n<div class=\"wp-block-column is-layout-flow wp-block-column-is-layout-flow\" style=\"flex-basis: 66.66%;\">\n<p><\/p>\n<blockquote class=\"wp-block-quote is-layout-flow wp-block-quote-is-layout-flow\">\n<p>\u00a0<\/p>\n<p>\u00a0<\/p>\n<p>Respetar la privacidad de las personas, de su identidad, sus producciones, su imagen y comunicaciones.\u00a0<\/p>\n<p><cite>Netiquette n\u00b09<\/cite><\/p>\n<p>\u00a0<\/p>\n<\/blockquote>\n<p><\/p>\n<p><\/p>\n<p>\u00a0<\/p>\n<p><\/p>\n<\/div>\n<p><\/p>\n<\/div>\n<p><\/p>\n<p><\/p>\n<div class=\"wp-block-columns is-layout-flex wp-container-core-columns-is-layout-9d6595d7 wp-block-columns-is-layout-flex\">\n<p><\/p>\n<div class=\"wp-block-column is-layout-flow wp-block-column-is-layout-flow\" style=\"flex-basis: 33.33%;\">\n<p><\/p>\n<div class=\"wp-block-image is-style-default\">\n<figure class=\"alignright size-large is-resized\"><img loading=\"lazy\" decoding=\"async\" class=\"wp-image-963\" src=\"https:\/\/www.evelia.unrc.edu.ar\/comunidadevelia\/wp-content\/uploads\/2021\/09\/brain-storming-3036622-02-1024x579.jpg\" alt=\"\" width=\"290\" height=\"163\" srcset=\"https:\/\/www.evelia.unrc.edu.ar\/comunidadevelia\/wp-content\/uploads\/2021\/09\/brain-storming-3036622-02-1024x579.jpg 1024w, https:\/\/www.evelia.unrc.edu.ar\/comunidadevelia\/wp-content\/uploads\/2021\/09\/brain-storming-3036622-02-300x169.jpg 300w, https:\/\/www.evelia.unrc.edu.ar\/comunidadevelia\/wp-content\/uploads\/2021\/09\/brain-storming-3036622-02-768x434.jpg 768w, https:\/\/www.evelia.unrc.edu.ar\/comunidadevelia\/wp-content\/uploads\/2021\/09\/brain-storming-3036622-02-1536x868.jpg 1536w, https:\/\/www.evelia.unrc.edu.ar\/comunidadevelia\/wp-content\/uploads\/2021\/09\/brain-storming-3036622-02-2048x1157.jpg 2048w, https:\/\/www.evelia.unrc.edu.ar\/comunidadevelia\/wp-content\/uploads\/2021\/09\/brain-storming-3036622-02-600x339.jpg 600w\" sizes=\"(max-width: 290px) 100vw, 290px\" \/><\/figure>\n<\/div>\n<p><\/p>\n<\/div>\n<p><\/p>\n<p><\/p>\n<div class=\"wp-block-column is-layout-flow wp-block-column-is-layout-flow\" style=\"flex-basis: 66.66%;\">\n<p><\/p>\n<blockquote class=\"wp-block-quote is-layout-flow wp-block-quote-is-layout-flow\">\n<p>\u00a0<\/p>\n<p>\u00a0<\/p>\n<p>Reconocer la propiedad intelectual y los derechos de autor.<\/p>\n<p><cite>Netiquette n\u00b010<\/cite><\/p>\n<p>\u00a0<\/p>\n<\/blockquote>\n<p><\/p>\n<p><\/p>\n<p>\u00a0<\/p>\n<p><\/p>\n<\/div>\n<p><\/p>\n<\/div>\n<p><\/p>\n<p><\/p>\n<p>\u00a0<\/p>\n<p><\/p>\t\t\t\t\t\t\t\t<\/div>\n\t\t\t\t<\/div>\n\t\t\t\t\t<\/div>\n\t\t<\/div>\n\t\t\t\t\t<\/div>\n\t\t<\/section>\n\t\t\t\t<\/div>\n\t\t","protected":false},"excerpt":{"rendered":"<p>\u00a0 \u00a0 Pensar la interacci\u00f3n virtual como si fuera una interacci\u00f3n presencial. Respetando las normas de comportamiento que habitualmente utilizamos para vivir en sociedad. Humanizar la comunicaci\u00f3n digital entendiendo el contexto, las particularidades y diferencias, asumiendo un rol emp\u00e1tico. Netiquette<\/p>\n","protected":false},"author":2,"featured_media":0,"parent":0,"menu_order":0,"comment_status":"closed","ping_status":"closed","template":"","meta":{"_eb_attr":"","_joinchat":[],"footnotes":""},"class_list":["post-604","page","type-page","status-publish","hentry"],"_links":{"self":[{"href":"https:\/\/www.evelia.unrc.edu.ar\/comunidadevelia\/wp-json\/wp\/v2\/pages\/604","targetHints":{"allow":["GET"]}}],"collection":[{"href":"https:\/\/www.evelia.unrc.edu.ar\/comunidadevelia\/wp-json\/wp\/v2\/pages"}],"about":[{"href":"https:\/\/www.evelia.unrc.edu.ar\/comunidadevelia\/wp-json\/wp\/v2\/types\/page"}],"author":[{"embeddable":true,"href":"https:\/\/www.evelia.unrc.edu.ar\/comunidadevelia\/wp-json\/wp\/v2\/users\/2"}],"replies":[{"embeddable":true,"href":"https:\/\/www.evelia.unrc.edu.ar\/comunidadevelia\/wp-json\/wp\/v2\/comments?post=604"}],"version-history":[{"count":62,"href":"https:\/\/www.evelia.unrc.edu.ar\/comunidadevelia\/wp-json\/wp\/v2\/pages\/604\/revisions"}],"predecessor-version":[{"id":1507,"href":"https:\/\/www.evelia.unrc.edu.ar\/comunidadevelia\/wp-json\/wp\/v2\/pages\/604\/revisions\/1507"}],"wp:attachment":[{"href":"https:\/\/www.evelia.unrc.edu.ar\/comunidadevelia\/wp-json\/wp\/v2\/media?parent=604"}],"curies":[{"name":"wp","href":"https:\/\/api.w.org\/{rel}","templated":true}]}}