{"id":601,"date":"2021-08-30T12:46:25","date_gmt":"2021-08-30T12:46:25","guid":{"rendered":"https:\/\/www.evelia.unrc.edu.ar\/comunidadevelia\/?page_id=601"},"modified":"2022-04-05T16:11:21","modified_gmt":"2022-04-05T16:11:21","slug":"que-es-evelia","status":"publish","type":"page","link":"https:\/\/www.evelia.unrc.edu.ar\/comunidadevelia\/que-es-evelia\/","title":{"rendered":"\u00bfQu\u00e9 es EVELIA?"},"content":{"rendered":"\n<figure class=\"wp-block-image size-full alignfull is-style-default\"><img decoding=\"async\" src=\"https:\/\/www.evelia.unrc.edu.ar\/comunidadevelia\/wp-content\/uploads\/2021\/09\/comunidadEveliaqueesEVELIA-1.jpg\" alt=\"\" class=\"wp-image-1035\"><\/figure>\n\n\n\n<div class=\"wp-block-columns is-layout-flex wp-container-core-columns-is-layout-9d6595d7 wp-block-columns-is-layout-flex\">\n<div class=\"wp-block-column is-layout-flow wp-block-column-is-layout-flow\">\n<h5 class=\"wp-block-heading\"><strong>EVELIA<\/strong> forma parte de los denominados <em>Entornos Virtuales de Ense\u00f1anza y Aprendizaje<\/em> (EVEA), aplicaciones pensadas con fines educativos que funcionan v\u00eda Web con el objetivo de ofrecer alternativas para poder llevar adelante todo o parte del proceso educativo con el apoyo de Internet.<\/h5>\n\n\n\n<hr class=\"wp-block-separator\"\/>\n\n\n\n<p>&nbsp;En general los EVEA se presentan como Campus Virtuales (como EVELIA, <a href=\"http:\/\/www.evelia.unrc.edu.ar\/\">www.evelia.unrc.edu.ar<\/a>) que posibilitan la gesti\u00f3n de usuarios, cursos y herramientas (e-mail, foro, noticias, preguntas frecuentes, mensajer\u00eda instant\u00e1nea, videoconferencia, pizarr\u00f3n, calendario, actividades, evaluaciones, materiales, etc.). Una cuesti\u00f3n central es que posibilitan el dise\u00f1o de aulas virtuales, adaptadas a las diferentes propuestas pedag\u00f3gicas. Para ello se utilizan diferentes herramientas, e integran recursos propios o de la Web, que favorecen la comunicaci\u00f3n, la interacci\u00f3n y el acceso a los materiales y actividades de aprendizaje, ayudando a crear un entorno propicio para establecer las relaciones mutuas entre el estudiante que aprende, el contenido a aprender y el docente que gu\u00eda y orienta el aprendizaje del estudiante (tri\u00e1ngulo did\u00e1ctico).<\/p>\n<\/div>\n\n\n\n<div class=\"wp-block-column is-layout-flow wp-block-column-is-layout-flow\">\n<p>EVELIA (Entorno Virtual Educativo Libre Argentino) se desarroll\u00f3 en la UNRC y se puso en funcionamiento a fines del a\u00f1o 2019. Es el sucesor del SIAT (Sistema Inform\u00e1tico de Apoyo a la Telecomunicaci\u00f3n), tambi\u00e9n desarrollado por la UNRC desde el a\u00f1o 2001 y utilizado para la ense\u00f1anza de grado universitaria a partir del a\u00f1o 2003. EVELIA recoge todo el desarrollo y experiencia acumulada con el SIAT, al cual le agrega nuevas funcionalidades. <\/p>\n\n\n\n<blockquote class=\"wp-block-quote is-layout-flow wp-block-quote-is-layout-flow\"><p><em>Las videoconferencias y las caracter\u00edsticas de ser un software libre, accesible desde dispositivos m\u00f3viles, de navegaci\u00f3n gratuita y est\u00e1 bajo el acuerdo nacional de \u00abcero rating\u00bb, es decir, no consume datos m\u00f3viles para aquellos que acceden desde tel\u00e9fonos celulares y no tienen red wi-fi disponible.<\/em><\/p><cite>(Nuevas funcionalidades)<\/cite><\/blockquote>\n\n\n\n<figure class=\"wp-block-video\"><video height=\"1080\" style=\"aspect-ratio: 1920 \/ 1080;\" width=\"1920\" controls src=\"https:\/\/www.evelia.unrc.edu.ar\/comunidadevelia\/wp-content\/uploads\/2022\/03\/Presentacion-interna-3.mp4\"><\/video><\/figure>\n<\/div>\n\n\n\n<div class=\"wp-block-column is-layout-flow wp-block-column-is-layout-flow\">\n<p><strong>La propuesta de utilizar EVELIA en nuestra universidad tiene varias razones:<\/strong><\/p>\n\n\n\n<ul class=\"wp-block-list\"><li>&nbsp;Ofrece herramientas que garanticen a los usuarios (docentes y estudiantes) la protecci\u00f3n integral de sus datos personales. EVELIA cumple con la Ley de Protecci\u00f3n de Datos Personales N\u00b0 25.326 dado que mantiene los archivos (de todo tipo) dentro de sus servidores, garantizando los derechos de autor, al honor y a la intimidad de las personas, as\u00ed como tambi\u00e9n el acceso a la informaci\u00f3n que sobre las mismas. No comparte datos con empresas, con fines comerciales o publicitarios.<\/li><li>&nbsp;Proporciona una respuesta r\u00e1pida a los docentes que necesitan hacer uso de aulas virtuales, con ayuda permanente, asesoramiento y capacitaci\u00f3n.<\/li><li>&nbsp;Mantiene a la comunidad universitaria de la UNRC dentro del espacio institucional para realizar las funciones relacionadas con la docencia, registrar la trayectoria acad\u00e9mica de los estudiantes.<\/li><li>&nbsp;Almacena por el tiempo que sea necesario toda la informaci\u00f3n de cada aula virtual: materiales, noticias, mensajes del pizarr\u00f3n, calendario, estudiantes inscriptos, actividades y evaluaciones, calificaciones, mensajes, foros y videoconferencias en las que participaron, estad\u00edsticas de progreso de cada estudiante, fecha, hora y lugar de cada ingreso al aula y a sus distintas herramientas.<\/li><li>&nbsp;Hace lo m\u00e1s simple posible el cursado de las asignaturas desde un solo lugar, integrando herramientas de comunicaci\u00f3n, evaluaci\u00f3n, gesti\u00f3n de materiales, etc.<\/li><\/ul>\n<\/div>\n<\/div>\n","protected":false},"excerpt":{"rendered":"<p>EVELIA forma parte de los denominados Entornos Virtuales de Ense\u00f1anza y Aprendizaje (EVEA), aplicaciones pensadas con fines educativos que funcionan v\u00eda Web con el objetivo de ofrecer alternativas para poder llevar adelante todo o parte del proceso educativo con el<\/p>\n","protected":false},"author":2,"featured_media":0,"parent":0,"menu_order":0,"comment_status":"closed","ping_status":"closed","template":"","meta":{"_eb_attr":"","_joinchat":[],"footnotes":""},"class_list":["post-601","page","type-page","status-publish","hentry"],"_links":{"self":[{"href":"https:\/\/www.evelia.unrc.edu.ar\/comunidadevelia\/wp-json\/wp\/v2\/pages\/601","targetHints":{"allow":["GET"]}}],"collection":[{"href":"https:\/\/www.evelia.unrc.edu.ar\/comunidadevelia\/wp-json\/wp\/v2\/pages"}],"about":[{"href":"https:\/\/www.evelia.unrc.edu.ar\/comunidadevelia\/wp-json\/wp\/v2\/types\/page"}],"author":[{"embeddable":true,"href":"https:\/\/www.evelia.unrc.edu.ar\/comunidadevelia\/wp-json\/wp\/v2\/users\/2"}],"replies":[{"embeddable":true,"href":"https:\/\/www.evelia.unrc.edu.ar\/comunidadevelia\/wp-json\/wp\/v2\/comments?post=601"}],"version-history":[{"count":27,"href":"https:\/\/www.evelia.unrc.edu.ar\/comunidadevelia\/wp-json\/wp\/v2\/pages\/601\/revisions"}],"predecessor-version":[{"id":1564,"href":"https:\/\/www.evelia.unrc.edu.ar\/comunidadevelia\/wp-json\/wp\/v2\/pages\/601\/revisions\/1564"}],"wp:attachment":[{"href":"https:\/\/www.evelia.unrc.edu.ar\/comunidadevelia\/wp-json\/wp\/v2\/media?parent=601"}],"curies":[{"name":"wp","href":"https:\/\/api.w.org\/{rel}","templated":true}]}}