{"id":31,"date":"2014-03-18T11:31:06","date_gmt":"2014-03-18T11:31:06","guid":{"rendered":"http:\/\/demo.themegrill.com\/spacious\/?page_id=31"},"modified":"2025-11-17T15:47:25","modified_gmt":"2025-11-17T15:47:25","slug":"contacto","status":"publish","type":"page","link":"https:\/\/www.evelia.unrc.edu.ar\/comunidadevelia\/contacto\/","title":{"rendered":"Contacto"},"content":{"rendered":"\t\t<div data-elementor-type=\"wp-page\" data-elementor-id=\"31\" class=\"elementor elementor-31\">\n\t\t\t\t\t\t<section class=\"elementor-section elementor-top-section elementor-element elementor-element-28fc0f01 elementor-section-boxed elementor-section-height-default elementor-section-height-default\" data-id=\"28fc0f01\" data-element_type=\"section\" data-e-type=\"section\">\n\t\t\t\t\t\t<div class=\"elementor-container elementor-column-gap-default\">\n\t\t\t\t\t<div class=\"elementor-column elementor-col-100 elementor-top-column elementor-element elementor-element-7f7e77fa\" data-id=\"7f7e77fa\" data-element_type=\"column\" data-e-type=\"column\">\n\t\t\t<div class=\"elementor-widget-wrap elementor-element-populated\">\n\t\t\t\t\t\t<div class=\"elementor-element elementor-element-2ace347a elementor-widget elementor-widget-text-editor\" data-id=\"2ace347a\" data-element_type=\"widget\" data-e-type=\"widget\" data-widget_type=\"text-editor.default\">\n\t\t\t\t<div class=\"elementor-widget-container\">\n\t\t\t\t\t\t\t\t\t\n<figure class=\"wp-block-image size-full alignfull is-style-default\"><img fetchpriority=\"high\" decoding=\"async\" width=\"2560\" height=\"697\" class=\"wp-image-1035\" src=\"https:\/\/www.evelia.unrc.edu.ar\/comunidadevelia\/wp-content\/uploads\/2021\/09\/Biblioteca-interior-20-01-1-scaled.jpg\" alt=\"\" srcset=\"https:\/\/www.evelia.unrc.edu.ar\/comunidadevelia\/wp-content\/uploads\/2021\/09\/Biblioteca-interior-20-01-1-scaled.jpg 2560w, https:\/\/www.evelia.unrc.edu.ar\/comunidadevelia\/wp-content\/uploads\/2021\/09\/Biblioteca-interior-20-01-1-300x82.jpg 300w, https:\/\/www.evelia.unrc.edu.ar\/comunidadevelia\/wp-content\/uploads\/2021\/09\/Biblioteca-interior-20-01-1-1024x279.jpg 1024w, https:\/\/www.evelia.unrc.edu.ar\/comunidadevelia\/wp-content\/uploads\/2021\/09\/Biblioteca-interior-20-01-1-768x209.jpg 768w, https:\/\/www.evelia.unrc.edu.ar\/comunidadevelia\/wp-content\/uploads\/2021\/09\/Biblioteca-interior-20-01-1-1536x418.jpg 1536w, https:\/\/www.evelia.unrc.edu.ar\/comunidadevelia\/wp-content\/uploads\/2021\/09\/Biblioteca-interior-20-01-1-2048x557.jpg 2048w, https:\/\/www.evelia.unrc.edu.ar\/comunidadevelia\/wp-content\/uploads\/2021\/09\/Biblioteca-interior-20-01-1-600x163.jpg 600w\" sizes=\"(max-width: 2560px) 100vw, 2560px\" \/><\/figure>\n\n<h1 class=\"has-text-align-center wp-block-heading\"><strong>COMUNICATE CON NOSOTROS<\/strong><\/h1>\n\n<div class=\"wp-block-spacer\" style=\"height: 71px;\" aria-hidden=\"true\">\u00a0<\/div>\n\n<div class=\"wp-block-columns is-layout-flex wp-container-core-columns-is-layout-9d6595d7 wp-block-columns-is-layout-flex\">\n<div class=\"wp-block-column is-layout-flow wp-block-column-is-layout-flow\"> \n<div class=\"wpcf7 no-js\" id=\"wpcf7-f731-o1\" lang=\"es-ES\" dir=\"ltr\" data-wpcf7-id=\"731\">\n<div class=\"screen-reader-response\"><p role=\"status\" aria-live=\"polite\" aria-atomic=\"true\"><\/p> <ul><\/ul><\/div>\n<form action=\"\/comunidadevelia\/wp-json\/wp\/v2\/pages\/31#wpcf7-f731-o1\" method=\"post\" class=\"wpcf7-form init\" aria-label=\"Formulario de contacto\" novalidate=\"novalidate\" data-status=\"init\">\n<fieldset class=\"hidden-fields-container\"><input type=\"hidden\" name=\"_wpcf7\" value=\"731\" \/><input type=\"hidden\" name=\"_wpcf7_version\" value=\"6.1.5\" \/><input type=\"hidden\" name=\"_wpcf7_locale\" value=\"es_ES\" \/><input type=\"hidden\" name=\"_wpcf7_unit_tag\" value=\"wpcf7-f731-o1\" \/><input type=\"hidden\" name=\"_wpcf7_container_post\" value=\"0\" \/><input type=\"hidden\" name=\"_wpcf7_posted_data_hash\" value=\"\" \/><input type=\"hidden\" name=\"_wpcf7_recaptcha_response\" value=\"\" \/>\n<\/fieldset>\n<p><label> Tu nombre<br \/>\n<span class=\"wpcf7-form-control-wrap\" data-name=\"your-name\"><input size=\"40\" maxlength=\"400\" class=\"wpcf7-form-control wpcf7-text wpcf7-validates-as-required\" aria-required=\"true\" aria-invalid=\"false\" value=\"\" type=\"text\" name=\"your-name\" \/><\/span> <\/label>\n<\/p>\n<p><label> Tu correo electr\u00f3nico<br \/>\n<span class=\"wpcf7-form-control-wrap\" data-name=\"your-email\"><input size=\"40\" maxlength=\"400\" class=\"wpcf7-form-control wpcf7-email wpcf7-validates-as-required wpcf7-text wpcf7-validates-as-email\" aria-required=\"true\" aria-invalid=\"false\" value=\"\" type=\"email\" name=\"your-email\" \/><\/span> <\/label>\n<\/p>\n<p><label> Asunto<br \/>\n<span class=\"wpcf7-form-control-wrap\" data-name=\"your-subject\"><input size=\"40\" maxlength=\"400\" class=\"wpcf7-form-control wpcf7-text wpcf7-validates-as-required\" aria-required=\"true\" aria-invalid=\"false\" value=\"\" type=\"text\" name=\"your-subject\" \/><\/span> <\/label>\n<\/p>\n<p><label> Tu mensaje (opcional)<br \/>\n<span class=\"wpcf7-form-control-wrap\" data-name=\"your-message\"><textarea cols=\"40\" rows=\"10\" maxlength=\"2000\" class=\"wpcf7-form-control wpcf7-textarea\" aria-invalid=\"false\" name=\"your-message\"><\/textarea><\/span> <\/label>\n<\/p>\n<p><input class=\"wpcf7-form-control wpcf7-submit has-spinner\" type=\"submit\" value=\"Enviar\" \/>\n<\/p><p style=\"display: none !important;\" class=\"akismet-fields-container\" data-prefix=\"_wpcf7_ak_\"><label>&#916;<textarea name=\"_wpcf7_ak_hp_textarea\" cols=\"45\" rows=\"8\" maxlength=\"100\"><\/textarea><\/label><input type=\"hidden\" id=\"ak_js_1\" name=\"_wpcf7_ak_js\" value=\"210\"\/><script>document.getElementById( \"ak_js_1\" ).setAttribute( \"value\", ( new Date() ).getTime() );<\/script><\/p><div class=\"wpcf7-response-output\" aria-hidden=\"true\"><\/div>\n<\/form>\n<\/div>\n <\/div>\n\n<div class=\"wp-block-column is-layout-flow wp-block-column-is-layout-flow\">\n<div class=\"wp-block-columns is-layout-flex wp-container-core-columns-is-layout-9d6595d7 wp-block-columns-is-layout-flex\">\n<div class=\"wp-block-column is-layout-flow wp-block-column-is-layout-flow\">\n<p>Somos una comunidad formada por todos los usuarios de EVELIA, el campus virtual de la Universidad Nacional de R\u00edo Cuarto. Creamos este espacio para que podamos compartir y resignificar la ense\u00f1anza desde la virtualidad y en un recorrido en compa\u00f1\u00eda. Desde el Equipo de las Aulas Virtuales EVELIA trabajamos en la generaci\u00f3n de instancias de formaci\u00f3n y acreditaci\u00f3n de aprendizajes, como as\u00ed tambi\u00e9n en el acompa\u00f1amiento t\u00e9cnico\/pedag\u00f3gico para la utilizaci\u00f3n de las aulas.<\/p>\n\n<p>La pr\u00e1ctica se retroalimenta de la experiencia de cada usuario y este espacio es para compartirlo y crecer juntos. Esperamos tu contacto para recibir sugerencias, recomendaciones y el relato de tu recorrido. A Comunidad EVELIA la hacemos juntos, entre todos.<br \/><br \/>Si ten\u00e9s dudas o inconvenientes con la plataforma, pod\u00e9s comunicarte con la \u00abMesa de ayuda\u00bb.<\/p>\n<\/div>\n<\/div>\n\n<div class=\"wp-block-columns is-layout-flex wp-container-core-columns-is-layout-9d6595d7 wp-block-columns-is-layout-flex\">\n<div class=\"wp-block-column is-layout-flow wp-block-column-is-layout-flow\" style=\"flex-basis: 100%;\">\n<div class=\"wp-block-columns is-layout-flex wp-container-core-columns-is-layout-9d6595d7 wp-block-columns-is-layout-flex\">\u00a0 \u00a0 \u00a0\n<p><a href=\"https:\/\/api.whatsapp.com\/send?phone=5493584928659\" target=\"_blank\" rel=\"noopener\"><img decoding=\"async\" class=\"alignnone wp-image-1511\" src=\"https:\/\/www.evelia.unrc.edu.ar\/comunidadevelia\/wp-content\/uploads\/2022\/04\/whatsapp-1.png\" alt=\"Whatsapp\" width=\"42\" height=\"42\" srcset=\"https:\/\/www.evelia.unrc.edu.ar\/comunidadevelia\/wp-content\/uploads\/2022\/04\/whatsapp-1.png 240w, https:\/\/www.evelia.unrc.edu.ar\/comunidadevelia\/wp-content\/uploads\/2022\/04\/whatsapp-1-150x150.png 150w, https:\/\/www.evelia.unrc.edu.ar\/comunidadevelia\/wp-content\/uploads\/2022\/04\/whatsapp-1-230x230.png 230w, https:\/\/www.evelia.unrc.edu.ar\/comunidadevelia\/wp-content\/uploads\/2022\/04\/whatsapp-1-45x45.png 45w, https:\/\/www.evelia.unrc.edu.ar\/comunidadevelia\/wp-content\/uploads\/2022\/04\/whatsapp-1-100x100.png 100w\" sizes=\"(max-width: 42px) 100vw, 42px\" \/><\/a><\/p>\n\u00a0 \u00a0\n<p><a href=\"https:\/\/www.instagram.com\/eveliaunrc\/\" target=\"_blank\" rel=\"noopener\"><img decoding=\"async\" class=\"wp-image-1510\" src=\"https:\/\/www.evelia.unrc.edu.ar\/comunidadevelia\/wp-content\/uploads\/2022\/04\/instagram.png\" alt=\"Instagram\" width=\"42\" height=\"42\" srcset=\"https:\/\/www.evelia.unrc.edu.ar\/comunidadevelia\/wp-content\/uploads\/2022\/04\/instagram.png 132w, https:\/\/www.evelia.unrc.edu.ar\/comunidadevelia\/wp-content\/uploads\/2022\/04\/instagram-45x45.png 45w, https:\/\/www.evelia.unrc.edu.ar\/comunidadevelia\/wp-content\/uploads\/2022\/04\/instagram-100x100.png 100w\" sizes=\"(max-width: 42px) 100vw, 42px\" \/><\/a><\/p>\n\u00a0 \u00a0 <a href=\"mailto:evelia@ac.unrc.edu.ar\"><img loading=\"lazy\" decoding=\"async\" class=\"wp-image-1508\" src=\"https:\/\/www.evelia.unrc.edu.ar\/comunidadevelia\/wp-content\/uploads\/2022\/04\/correo.png\" alt=\"Correo\" width=\"54\" height=\"38\" \/><\/a><\/div>\n<\/div>\n<\/div>\n<\/div>\n<\/div>\n\n<p>\u00a0<\/p>\n\t\t\t\t\t\t\t\t<\/div>\n\t\t\t\t<\/div>\n\t\t\t\t\t<\/div>\n\t\t<\/div>\n\t\t\t\t\t<\/div>\n\t\t<\/section>\n\t\t\t\t<\/div>\n\t\t","protected":false},"excerpt":{"rendered":"<p>COMUNICATE CON NOSOTROS Somos una comunidad formada por todos los usuarios de EVELIA, el campus virtual de la Universidad Nacional de R\u00edo Cuarto. Creamos este espacio para que podamos compartir y resignificar la ense\u00f1anza desde la virtualidad y en un<\/p>\n","protected":false},"author":2,"featured_media":0,"parent":0,"menu_order":0,"comment_status":"closed","ping_status":"open","template":"","meta":{"_eb_attr":"","_joinchat":[],"footnotes":""},"class_list":["post-31","page","type-page","status-publish","hentry"],"_links":{"self":[{"href":"https:\/\/www.evelia.unrc.edu.ar\/comunidadevelia\/wp-json\/wp\/v2\/pages\/31","targetHints":{"allow":["GET"]}}],"collection":[{"href":"https:\/\/www.evelia.unrc.edu.ar\/comunidadevelia\/wp-json\/wp\/v2\/pages"}],"about":[{"href":"https:\/\/www.evelia.unrc.edu.ar\/comunidadevelia\/wp-json\/wp\/v2\/types\/page"}],"author":[{"embeddable":true,"href":"https:\/\/www.evelia.unrc.edu.ar\/comunidadevelia\/wp-json\/wp\/v2\/users\/2"}],"replies":[{"embeddable":true,"href":"https:\/\/www.evelia.unrc.edu.ar\/comunidadevelia\/wp-json\/wp\/v2\/comments?post=31"}],"version-history":[{"count":52,"href":"https:\/\/www.evelia.unrc.edu.ar\/comunidadevelia\/wp-json\/wp\/v2\/pages\/31\/revisions"}],"predecessor-version":[{"id":3731,"href":"https:\/\/www.evelia.unrc.edu.ar\/comunidadevelia\/wp-json\/wp\/v2\/pages\/31\/revisions\/3731"}],"wp:attachment":[{"href":"https:\/\/www.evelia.unrc.edu.ar\/comunidadevelia\/wp-json\/wp\/v2\/media?parent=31"}],"curies":[{"name":"wp","href":"https:\/\/api.w.org\/{rel}","templated":true}]}}